{"id":22,"date":"2022-12-18T10:06:10","date_gmt":"2022-12-18T10:06:10","guid":{"rendered":"https:\/\/dev.neorescue.swiss\/?page_id=22"},"modified":"2023-02-01T06:47:51","modified_gmt":"2023-02-01T06:47:51","slug":"produkte","status":"publish","type":"page","link":"https:\/\/neorescue.swiss\/de\/produkte\/","title":{"rendered":"Produkte"},"content":{"rendered":"<p><div class=\"fusion-fullwidth fullwidth-box fusion-builder-row-1 fusion-flex-container image-section content-section nonhundred-percent-fullwidth non-hundred-percent-height-scrolling\" style=\"--awb-border-radius-top-left:0px;--awb-border-radius-top-right:0px;--awb-border-radius-bottom-right:0px;--awb-border-radius-bottom-left:0px;--awb-flex-wrap:wrap;\" ><div class=\"fusion-builder-row fusion-row fusion-flex-align-items-flex-start fusion-flex-content-wrap\" style=\"max-width:1248px;margin-left: calc(-4% \/ 2 );margin-right: calc(-4% \/ 2 );\"><div class=\"fusion-layout-column fusion_builder_column fusion-builder-column-0 fusion_builder_column_1_1 1_1 fusion-flex-column\" style=\"--awb-bg-size:cover;--awb-width-large:100%;--awb-margin-top-large:0px;--awb-spacing-right-large:1.92%;--awb-margin-bottom-large:20px;--awb-spacing-left-large:1.92%;--awb-width-medium:100%;--awb-order-medium:0;--awb-spacing-right-medium:1.92%;--awb-spacing-left-medium:1.92%;--awb-width-small:100%;--awb-order-small:0;--awb-spacing-right-small:1.92%;--awb-spacing-left-small:1.92%;\"><div class=\"fusion-column-wrapper fusion-column-has-shadow fusion-flex-justify-content-flex-start fusion-content-layout-column\"><div class=\"fusion-title title fusion-title-1 fusion-sep-none fusion-title-center fusion-title-text fusion-title-size-one\"><h1 class=\"fusion-title-heading title-heading-center\" style=\"margin:0;text-transform:none;\">Unsere Produkte<\/h1><\/div><div class=\"fusion-text fusion-text-1\"><p style=\"text-align: center;\">Wir haben unsere Lifebox entwickelt, um S\u00e4uglinge in Notfallsituationen zu retten. Die Grundidee basiert darauf, dass innerhalb der Lifebox ein \u00dcberdrucksystem aufgebaut wird. Innerhalb dieses geschlossenen Systems werden die S\u00e4uglinge w\u00e4hrend 35 Minuten mit Atemluft versorgt. Damit sind sie f\u00fcr verschiedenste Notf\u00e4lle wie Br\u00e4nde oder Gasaustritte gesch\u00fctzt. Und das Beste: F\u00fcr die Benutzung unserer Lifeboxen ist kein medizinisches Fachwissen notwendig.<\/p>\n<\/div><\/div><\/div><\/div><\/div><div class=\"fusion-fullwidth fullwidth-box fusion-builder-row-2 fusion-flex-container has-pattern-background has-mask-background image-section content-section nonhundred-percent-fullwidth non-hundred-percent-height-scrolling\" style=\"--awb-border-radius-top-left:0px;--awb-border-radius-top-right:0px;--awb-border-radius-bottom-right:0px;--awb-border-radius-bottom-left:0px;--awb-flex-wrap:wrap;\" ><div class=\"fusion-builder-row fusion-row fusion-flex-align-items-flex-start fusion-flex-content-wrap\" style=\"max-width:1248px;margin-left: calc(-4% \/ 2 );margin-right: calc(-4% \/ 2 );\"><div class=\"fusion-layout-column fusion_builder_column fusion-builder-column-1 fusion_builder_column_1_1 1_1 fusion-flex-column\" style=\"--awb-bg-size:cover;--awb-width-large:100%;--awb-margin-top-large:0px;--awb-spacing-right-large:1.92%;--awb-margin-bottom-large:20px;--awb-spacing-left-large:1.92%;--awb-width-medium:100%;--awb-order-medium:0;--awb-spacing-right-medium:1.92%;--awb-spacing-left-medium:1.92%;--awb-width-small:100%;--awb-order-small:0;--awb-spacing-right-small:1.92%;--awb-spacing-left-small:1.92%;\"><div class=\"fusion-column-wrapper fusion-column-has-shadow fusion-flex-justify-content-flex-start fusion-content-layout-column\"><div class=\"fusion-title title fusion-title-2 fusion-sep-none fusion-title-center fusion-title-text fusion-title-size-two\"><h2 class=\"fusion-title-heading title-heading-center\" style=\"margin:0;text-transform:none;\">F\u00fcr alle F\u00e4lle ger\u00fcstet: Unsere drei Lifebox\u00ae Modelle<\/h2><\/div><\/div><\/div><div class=\"fusion-layout-column fusion_builder_column fusion-builder-column-2 fusion_builder_column_1_2 1_2 fusion-flex-column\" style=\"--awb-bg-size:cover;--awb-width-large:50%;--awb-margin-top-large:0px;--awb-spacing-right-large:3.84%;--awb-margin-bottom-large:20px;--awb-spacing-left-large:3.84%;--awb-width-medium:50%;--awb-order-medium:0;--awb-spacing-right-medium:3.84%;--awb-spacing-left-medium:3.84%;--awb-width-small:100%;--awb-order-small:0;--awb-spacing-right-small:1.92%;--awb-spacing-left-small:1.92%;\"><div class=\"fusion-column-wrapper fusion-column-has-shadow fusion-flex-justify-content-flex-start fusion-content-layout-column\"><div class=\"fusion-image-element \" style=\"--awb-caption-title-font-family:var(--h2_typography-font-family);--awb-caption-title-font-weight:var(--h2_typography-font-weight);--awb-caption-title-font-style:var(--h2_typography-font-style);--awb-caption-title-size:var(--h2_typography-font-size);--awb-caption-title-transform:var(--h2_typography-text-transform);--awb-caption-title-line-height:var(--h2_typography-line-height);--awb-caption-title-letter-spacing:var(--h2_typography-letter-spacing);\"><span class=\" fusion-imageframe imageframe-none imageframe-1 hover-type-none\"><img decoding=\"async\" width=\"1500\" height=\"1000\" alt=\"Lifebox single von NeoRescue\" title=\"Lifebox single von NeoRescue\" src=\"https:\/\/neorescue.swiss\/wp-content\/uploads\/2023\/01\/neorescue_bilder_01_2023-133.jpg\" data-orig-src=\"https:\/\/neorescue.swiss\/wp-content\/uploads\/2023\/01\/neorescue_bilder_01_2023-133.jpg\" class=\"lazyload img-responsive wp-image-909\" srcset=\"data:image\/svg+xml,%3Csvg%20xmlns%3D%27http%3A%2F%2Fwww.w3.org%2F2000%2Fsvg%27%20width%3D%271500%27%20height%3D%271000%27%20viewBox%3D%270%200%201500%201000%27%3E%3Crect%20width%3D%271500%27%20height%3D%271000%27%20fill-opacity%3D%220%22%2F%3E%3C%2Fsvg%3E\" data-srcset=\"https:\/\/neorescue.swiss\/wp-content\/uploads\/2023\/01\/neorescue_bilder_01_2023-133-200x133.jpg 200w, https:\/\/neorescue.swiss\/wp-content\/uploads\/2023\/01\/neorescue_bilder_01_2023-133-400x267.jpg 400w, https:\/\/neorescue.swiss\/wp-content\/uploads\/2023\/01\/neorescue_bilder_01_2023-133-600x400.jpg 600w, https:\/\/neorescue.swiss\/wp-content\/uploads\/2023\/01\/neorescue_bilder_01_2023-133-800x533.jpg 800w, https:\/\/neorescue.swiss\/wp-content\/uploads\/2023\/01\/neorescue_bilder_01_2023-133-1200x800.jpg 1200w, https:\/\/neorescue.swiss\/wp-content\/uploads\/2023\/01\/neorescue_bilder_01_2023-133.jpg 1500w\" data-sizes=\"auto\" data-orig-sizes=\"(max-width: 640px) 100vw, 600px\" \/><\/span><\/div><div class=\"fusion-title title fusion-title-3 fusion-sep-none fusion-title-center fusion-title-text fusion-title-size-three\"><h3 class=\"fusion-title-heading title-heading-center\" style=\"margin:0;text-transform:none;\">Lifebox\u00ae single<\/h3><\/div><div class=\"fusion-text fusion-text-2\"><p style=\"text-align: center;\">In der Lifebox single kann ein S\u00e4ugling gerettet werden. F\u00fcr die \u00dcberwachungsger\u00e4te ist kein Platz vorgesehen. Idealerweise wird die Lifebox Typ single in Kliniken, Spit\u00e4lern, Frauenkliniken und Geburtenh\u00e4usern eingesetzt.<\/p>\n<\/div><div style=\"text-align:center;\"><a class=\"fusion-button button-flat fusion-button-default-size button-default fusion-button-default button-1 fusion-button-default-span fusion-button-default-type\" style=\"--button-border-radius-top-left:5px;--button-border-radius-top-right:5px;--button-border-radius-bottom-right:5px;--button-border-radius-bottom-left:5px;\" target=\"_self\" href=\"https:\/\/neorescue.swiss\/produkte\/lifebox-single\/\"><span class=\"fusion-button-text awb-button__text awb-button__text--default\">Zur Lifebox Single<\/span><\/a><\/div><\/div><\/div><div class=\"fusion-layout-column fusion_builder_column fusion-builder-column-3 fusion_builder_column_1_2 1_2 fusion-flex-column\" style=\"--awb-bg-size:cover;--awb-width-large:50%;--awb-margin-top-large:0px;--awb-spacing-right-large:3.84%;--awb-margin-bottom-large:20px;--awb-spacing-left-large:3.84%;--awb-width-medium:50%;--awb-order-medium:0;--awb-spacing-right-medium:3.84%;--awb-spacing-left-medium:3.84%;--awb-width-small:100%;--awb-order-small:0;--awb-spacing-right-small:1.92%;--awb-spacing-left-small:1.92%;\"><div class=\"fusion-column-wrapper fusion-column-has-shadow fusion-flex-justify-content-flex-start fusion-content-layout-column\"><div class=\"fusion-image-element \" style=\"--awb-caption-title-font-family:var(--h2_typography-font-family);--awb-caption-title-font-weight:var(--h2_typography-font-weight);--awb-caption-title-font-style:var(--h2_typography-font-style);--awb-caption-title-size:var(--h2_typography-font-size);--awb-caption-title-transform:var(--h2_typography-text-transform);--awb-caption-title-line-height:var(--h2_typography-line-height);--awb-caption-title-letter-spacing:var(--h2_typography-letter-spacing);\"><span class=\" fusion-imageframe imageframe-none imageframe-2 hover-type-none\"><img decoding=\"async\" width=\"1500\" height=\"1000\" alt=\"Lifebox double von NeoRescue\" title=\"Lifebox double von NeoRescue\" src=\"https:\/\/neorescue.swiss\/wp-content\/uploads\/2023\/01\/neorescue_bilder_01_2023-17.jpg\" data-orig-src=\"https:\/\/neorescue.swiss\/wp-content\/uploads\/2023\/01\/neorescue_bilder_01_2023-17.jpg\" class=\"lazyload img-responsive wp-image-930\" srcset=\"data:image\/svg+xml,%3Csvg%20xmlns%3D%27http%3A%2F%2Fwww.w3.org%2F2000%2Fsvg%27%20width%3D%271500%27%20height%3D%271000%27%20viewBox%3D%270%200%201500%201000%27%3E%3Crect%20width%3D%271500%27%20height%3D%271000%27%20fill-opacity%3D%220%22%2F%3E%3C%2Fsvg%3E\" data-srcset=\"https:\/\/neorescue.swiss\/wp-content\/uploads\/2023\/01\/neorescue_bilder_01_2023-17-200x133.jpg 200w, https:\/\/neorescue.swiss\/wp-content\/uploads\/2023\/01\/neorescue_bilder_01_2023-17-400x267.jpg 400w, https:\/\/neorescue.swiss\/wp-content\/uploads\/2023\/01\/neorescue_bilder_01_2023-17-600x400.jpg 600w, https:\/\/neorescue.swiss\/wp-content\/uploads\/2023\/01\/neorescue_bilder_01_2023-17-800x533.jpg 800w, https:\/\/neorescue.swiss\/wp-content\/uploads\/2023\/01\/neorescue_bilder_01_2023-17-1200x800.jpg 1200w, https:\/\/neorescue.swiss\/wp-content\/uploads\/2023\/01\/neorescue_bilder_01_2023-17.jpg 1500w\" data-sizes=\"auto\" data-orig-sizes=\"(max-width: 640px) 100vw, 600px\" \/><\/span><\/div><div class=\"fusion-title title fusion-title-4 fusion-sep-none fusion-title-center fusion-title-text fusion-title-size-three\"><h3 class=\"fusion-title-heading title-heading-center\" style=\"margin:0;text-transform:none;\">Lifebox\u00ae double<\/h3><\/div><div class=\"fusion-text fusion-text-3\"><p style=\"text-align: center;\">Die Lifebox double bietet Platz f\u00fcr zwei S\u00e4uglinge und die dazugeh\u00f6rigen \u00dcberwachungsger\u00e4te. Sie ist ideal geeignet f\u00fcr Kliniken und Spit\u00e4ler und kann in Neonatologie-Stationen, Frauenkliniken und Geburtenh\u00e4user eingesetzt werden.<\/p>\n<\/div><div style=\"text-align:center;\"><a class=\"fusion-button button-flat fusion-button-default-size button-default fusion-button-default button-2 fusion-button-default-span fusion-button-default-type\" style=\"--button-border-radius-top-left:5px;--button-border-radius-top-right:5px;--button-border-radius-bottom-right:5px;--button-border-radius-bottom-left:5px;\" target=\"_self\" href=\"https:\/\/neorescue.swiss\/produkte\/lifebox-double\/\"><span class=\"fusion-button-text awb-button__text awb-button__text--default\">Zur Lifebox Double<\/span><\/a><\/div><\/div><\/div><div class=\"fusion-layout-column fusion_builder_column fusion-builder-column-4 fusion_builder_column_1_2 1_2 fusion-flex-column\" style=\"--awb-bg-size:cover;--awb-width-large:50%;--awb-margin-top-large:0px;--awb-spacing-right-large:3.84%;--awb-margin-bottom-large:20px;--awb-spacing-left-large:3.84%;--awb-width-medium:50%;--awb-order-medium:0;--awb-spacing-right-medium:3.84%;--awb-spacing-left-medium:3.84%;--awb-width-small:100%;--awb-order-small:0;--awb-spacing-right-small:1.92%;--awb-spacing-left-small:1.92%;\"><div class=\"fusion-column-wrapper fusion-column-has-shadow fusion-flex-justify-content-flex-start fusion-content-layout-column\"><div class=\"fusion-image-element \" style=\"--awb-caption-title-font-family:var(--h2_typography-font-family);--awb-caption-title-font-weight:var(--h2_typography-font-weight);--awb-caption-title-font-style:var(--h2_typography-font-style);--awb-caption-title-size:var(--h2_typography-font-size);--awb-caption-title-transform:var(--h2_typography-text-transform);--awb-caption-title-line-height:var(--h2_typography-line-height);--awb-caption-title-letter-spacing:var(--h2_typography-letter-spacing);\"><span class=\" fusion-imageframe imageframe-none imageframe-3 hover-type-none\"><img decoding=\"async\" width=\"1500\" height=\"1000\" alt=\"Lifebox universal von NeoRescue\" title=\"Lifebox universal von NeoRescue\" src=\"https:\/\/neorescue.swiss\/wp-content\/uploads\/2023\/01\/neorescue_bilder_01_2023-75.jpg\" data-orig-src=\"https:\/\/neorescue.swiss\/wp-content\/uploads\/2023\/01\/neorescue_bilder_01_2023-75.jpg\" class=\"lazyload img-responsive wp-image-1006\" srcset=\"data:image\/svg+xml,%3Csvg%20xmlns%3D%27http%3A%2F%2Fwww.w3.org%2F2000%2Fsvg%27%20width%3D%271500%27%20height%3D%271000%27%20viewBox%3D%270%200%201500%201000%27%3E%3Crect%20width%3D%271500%27%20height%3D%271000%27%20fill-opacity%3D%220%22%2F%3E%3C%2Fsvg%3E\" data-srcset=\"https:\/\/neorescue.swiss\/wp-content\/uploads\/2023\/01\/neorescue_bilder_01_2023-75-200x133.jpg 200w, https:\/\/neorescue.swiss\/wp-content\/uploads\/2023\/01\/neorescue_bilder_01_2023-75-400x267.jpg 400w, https:\/\/neorescue.swiss\/wp-content\/uploads\/2023\/01\/neorescue_bilder_01_2023-75-600x400.jpg 600w, https:\/\/neorescue.swiss\/wp-content\/uploads\/2023\/01\/neorescue_bilder_01_2023-75-800x533.jpg 800w, https:\/\/neorescue.swiss\/wp-content\/uploads\/2023\/01\/neorescue_bilder_01_2023-75-1200x800.jpg 1200w, https:\/\/neorescue.swiss\/wp-content\/uploads\/2023\/01\/neorescue_bilder_01_2023-75.jpg 1500w\" data-sizes=\"auto\" data-orig-sizes=\"(max-width: 640px) 100vw, 600px\" \/><\/span><\/div><div class=\"fusion-title title fusion-title-5 fusion-sep-none fusion-title-center fusion-title-text fusion-title-size-three\"><h3 class=\"fusion-title-heading title-heading-center\" style=\"margin:0;text-transform:none;\">Lifebox\u00ae universal<\/h3><\/div><div class=\"fusion-text fusion-text-4\"><p style=\"text-align: center;\">Die Lifebox universal bietet Platz f\u00fcr ein oder zwei S\u00e4uglinge. F\u00fcr allf\u00e4llige \u00dcberwachungsger\u00e4te ist kein Platz vorgesehen. Dieser Lifebox Typ ist ideal geeignet f\u00fcr Feuerwehren, Kitas, Hotels und Kreuzfahrtsschiffe.<\/p>\n<\/div><div style=\"text-align:center;\"><a class=\"fusion-button button-flat fusion-button-default-size button-default fusion-button-default button-3 fusion-button-default-span fusion-button-default-type\" style=\"--button-border-radius-top-left:5px;--button-border-radius-top-right:5px;--button-border-radius-bottom-right:5px;--button-border-radius-bottom-left:5px;\" target=\"_self\" href=\"https:\/\/neorescue.swiss\/produkte\/lifebox-universal\/\"><span class=\"fusion-button-text awb-button__text awb-button__text--default\">Zur Lifebox universal<\/span><\/a><\/div><\/div><\/div><div class=\"fusion-layout-column fusion_builder_column fusion-builder-column-5 fusion_builder_column_1_2 1_2 fusion-flex-column\" style=\"--awb-bg-size:cover;--awb-width-large:50%;--awb-margin-top-large:0px;--awb-spacing-right-large:3.84%;--awb-margin-bottom-large:20px;--awb-spacing-left-large:3.84%;--awb-width-medium:50%;--awb-order-medium:0;--awb-spacing-right-medium:3.84%;--awb-spacing-left-medium:3.84%;--awb-width-small:100%;--awb-order-small:0;--awb-spacing-right-small:1.92%;--awb-spacing-left-small:1.92%;\"><div class=\"fusion-column-wrapper fusion-column-has-shadow fusion-flex-justify-content-flex-start fusion-content-layout-column\"><div class=\"fusion-image-element \" style=\"--awb-caption-title-font-family:var(--h2_typography-font-family);--awb-caption-title-font-weight:var(--h2_typography-font-weight);--awb-caption-title-font-style:var(--h2_typography-font-style);--awb-caption-title-size:var(--h2_typography-font-size);--awb-caption-title-transform:var(--h2_typography-text-transform);--awb-caption-title-line-height:var(--h2_typography-line-height);--awb-caption-title-letter-spacing:var(--h2_typography-letter-spacing);\"><span class=\" fusion-imageframe imageframe-none imageframe-4 hover-type-none\"><img decoding=\"async\" width=\"1500\" height=\"1000\" alt=\"Zustellm\u00f6bel von NeoRescue zur Lagerung der Lifebox\" title=\"Zustellm\u00f6bel von NeoRescue zur Lagerung der Lifebox\" src=\"https:\/\/neorescue.swiss\/wp-content\/uploads\/2023\/01\/neorescue_bilder_01_2023-5.jpg\" data-orig-src=\"https:\/\/neorescue.swiss\/wp-content\/uploads\/2023\/01\/neorescue_bilder_01_2023-5.jpg\" class=\"lazyload img-responsive wp-image-843\" srcset=\"data:image\/svg+xml,%3Csvg%20xmlns%3D%27http%3A%2F%2Fwww.w3.org%2F2000%2Fsvg%27%20width%3D%271500%27%20height%3D%271000%27%20viewBox%3D%270%200%201500%201000%27%3E%3Crect%20width%3D%271500%27%20height%3D%271000%27%20fill-opacity%3D%220%22%2F%3E%3C%2Fsvg%3E\" data-srcset=\"https:\/\/neorescue.swiss\/wp-content\/uploads\/2023\/01\/neorescue_bilder_01_2023-5-200x133.jpg 200w, https:\/\/neorescue.swiss\/wp-content\/uploads\/2023\/01\/neorescue_bilder_01_2023-5-400x267.jpg 400w, https:\/\/neorescue.swiss\/wp-content\/uploads\/2023\/01\/neorescue_bilder_01_2023-5-600x400.jpg 600w, https:\/\/neorescue.swiss\/wp-content\/uploads\/2023\/01\/neorescue_bilder_01_2023-5-800x533.jpg 800w, https:\/\/neorescue.swiss\/wp-content\/uploads\/2023\/01\/neorescue_bilder_01_2023-5-1200x800.jpg 1200w, https:\/\/neorescue.swiss\/wp-content\/uploads\/2023\/01\/neorescue_bilder_01_2023-5.jpg 1500w\" data-sizes=\"auto\" data-orig-sizes=\"(max-width: 640px) 100vw, 600px\" \/><\/span><\/div><div class=\"fusion-title title fusion-title-6 fusion-sep-none fusion-title-center fusion-title-text fusion-title-size-three\"><h3 class=\"fusion-title-heading title-heading-center\" style=\"margin:0;text-transform:none;\">Zustellm\u00f6bel<\/h3><\/div><div class=\"fusion-text fusion-text-5\"><p style=\"text-align: center;\">Damit die Lifebox sicher sowie licht- und temperaturgesch\u00fctzt gelagert werden kann und trotzdem jederzeit sofort griffbereit ist, empfehlen wir unser Zusatzm\u00f6bel.<\/p>\n<\/div><div style=\"text-align:center;\"><a class=\"fusion-button button-flat fusion-button-default-size button-default fusion-button-default button-4 fusion-button-default-span fusion-button-default-type\" style=\"--button-border-radius-top-left:5px;--button-border-radius-top-right:5px;--button-border-radius-bottom-right:5px;--button-border-radius-bottom-left:5px;\" target=\"_self\" href=\"https:\/\/neorescue.swiss\/produkte\/zustellmoebel\/\"><span class=\"fusion-button-text awb-button__text awb-button__text--default\">Zum Zustellm\u00f6bel<\/span><\/a><\/div><\/div><\/div><\/div><\/div><\/p>\n","protected":false},"excerpt":{"rendered":"","protected":false},"author":1,"featured_media":1328,"parent":0,"menu_order":0,"comment_status":"closed","ping_status":"closed","template":"","meta":{"footnotes":""},"class_list":["post-22","page","type-page","status-publish","has-post-thumbnail","hentry"],"yoast_head":"<!-- This site is optimized with the Yoast SEO plugin v26.2 - https:\/\/yoast.com\/wordpress\/plugins\/seo\/ -->\n<title>Lifeboxen und Zustellm\u00f6bel \u2013 das sind die Produkte von NeoRescue<\/title>\n<meta name=\"description\" content=\"NeoRescue hat drei verschiedene Lifeboxen und ein praktischen Zustellm\u00f6bel, um die Boxen zu verstauen, entwickelt.\" \/>\n<meta name=\"robots\" content=\"index, follow, max-snippet:-1, max-image-preview:large, max-video-preview:-1\" \/>\n<link rel=\"canonical\" href=\"https:\/\/neorescue.swiss\/de\/produkte\/\" \/>\n<meta property=\"og:locale\" content=\"de_DE\" \/>\n<meta property=\"og:type\" content=\"article\" \/>\n<meta property=\"og:title\" content=\"Lifeboxen und Zustellm\u00f6bel \u2013 das sind die Produkte von NeoRescue\" \/>\n<meta property=\"og:description\" content=\"NeoRescue hat drei verschiedene Lifeboxen und ein praktischen Zustellm\u00f6bel, um die Boxen zu verstauen, entwickelt.\" \/>\n<meta property=\"og:url\" content=\"https:\/\/neorescue.swiss\/de\/produkte\/\" \/>\n<meta property=\"og:site_name\" content=\"NeoRescue\" \/>\n<meta property=\"article:modified_time\" content=\"2023-02-01T06:47:51+00:00\" \/>\n<meta property=\"og:image\" content=\"https:\/\/neorescue.swiss\/wp-content\/uploads\/2023\/01\/neorescue_bilder_01_2023-13.jpg\" \/>\n\t<meta property=\"og:image:width\" content=\"1500\" \/>\n\t<meta property=\"og:image:height\" content=\"1000\" \/>\n\t<meta property=\"og:image:type\" content=\"image\/jpeg\" \/>\n<meta name=\"twitter:card\" content=\"summary_large_image\" \/>\n<meta name=\"twitter:label1\" content=\"Gesch\u00e4tzte Lesezeit\" \/>\n\t<meta name=\"twitter:data1\" content=\"12\u00a0Minuten\" \/>\n<script type=\"application\/ld+json\" class=\"yoast-schema-graph\">{\"@context\":\"https:\/\/schema.org\",\"@graph\":[{\"@type\":\"WebPage\",\"@id\":\"https:\/\/neorescue.swiss\/de\/produkte\/\",\"url\":\"https:\/\/neorescue.swiss\/de\/produkte\/\",\"name\":\"Lifeboxen und Zustellm\u00f6bel \u2013 das sind die Produkte von NeoRescue\",\"isPartOf\":{\"@id\":\"https:\/\/neorescue.swiss\/de\/#website\"},\"primaryImageOfPage\":{\"@id\":\"https:\/\/neorescue.swiss\/de\/produkte\/#primaryimage\"},\"image\":{\"@id\":\"https:\/\/neorescue.swiss\/de\/produkte\/#primaryimage\"},\"thumbnailUrl\":\"https:\/\/neorescue.swiss\/wp-content\/uploads\/2023\/01\/neorescue_bilder_01_2023-13.jpg\",\"datePublished\":\"2022-12-18T10:06:10+00:00\",\"dateModified\":\"2023-02-01T06:47:51+00:00\",\"description\":\"NeoRescue hat drei verschiedene Lifeboxen und ein praktischen Zustellm\u00f6bel, um die Boxen zu verstauen, entwickelt.\",\"breadcrumb\":{\"@id\":\"https:\/\/neorescue.swiss\/de\/produkte\/#breadcrumb\"},\"inLanguage\":\"de\",\"potentialAction\":[{\"@type\":\"ReadAction\",\"target\":[\"https:\/\/neorescue.swiss\/de\/produkte\/\"]}]},{\"@type\":\"ImageObject\",\"inLanguage\":\"de\",\"@id\":\"https:\/\/neorescue.swiss\/de\/produkte\/#primaryimage\",\"url\":\"https:\/\/neorescue.swiss\/wp-content\/uploads\/2023\/01\/neorescue_bilder_01_2023-13.jpg\",\"contentUrl\":\"https:\/\/neorescue.swiss\/wp-content\/uploads\/2023\/01\/neorescue_bilder_01_2023-13.jpg\",\"width\":1500,\"height\":1000,\"caption\":\"NeoRescue\"},{\"@type\":\"BreadcrumbList\",\"@id\":\"https:\/\/neorescue.swiss\/de\/produkte\/#breadcrumb\",\"itemListElement\":[{\"@type\":\"ListItem\",\"position\":1,\"name\":\"Startseite\",\"item\":\"https:\/\/neorescue.swiss\/de\/\"},{\"@type\":\"ListItem\",\"position\":2,\"name\":\"Produkte\"}]},{\"@type\":\"WebSite\",\"@id\":\"https:\/\/neorescue.swiss\/de\/#website\",\"url\":\"https:\/\/neorescue.swiss\/de\/\",\"name\":\"NeoRescue\",\"description\":\"Der neue Weg, um S\u00e4uglinge im Notfall zu retten\",\"potentialAction\":[{\"@type\":\"SearchAction\",\"target\":{\"@type\":\"EntryPoint\",\"urlTemplate\":\"https:\/\/neorescue.swiss\/de\/?s={search_term_string}\"},\"query-input\":{\"@type\":\"PropertyValueSpecification\",\"valueRequired\":true,\"valueName\":\"search_term_string\"}}],\"inLanguage\":\"de\"}]}<\/script>\n<!-- \/ Yoast SEO plugin. -->","yoast_head_json":{"title":"Lifeboxen und Zustellm\u00f6bel \u2013 das sind die Produkte von NeoRescue","description":"NeoRescue hat drei verschiedene Lifeboxen und ein praktischen Zustellm\u00f6bel, um die Boxen zu verstauen, entwickelt.","robots":{"index":"index","follow":"follow","max-snippet":"max-snippet:-1","max-image-preview":"max-image-preview:large","max-video-preview":"max-video-preview:-1"},"canonical":"https:\/\/neorescue.swiss\/de\/produkte\/","og_locale":"de_DE","og_type":"article","og_title":"Lifeboxen und Zustellm\u00f6bel \u2013 das sind die Produkte von NeoRescue","og_description":"NeoRescue hat drei verschiedene Lifeboxen und ein praktischen Zustellm\u00f6bel, um die Boxen zu verstauen, entwickelt.","og_url":"https:\/\/neorescue.swiss\/de\/produkte\/","og_site_name":"NeoRescue","article_modified_time":"2023-02-01T06:47:51+00:00","og_image":[{"width":1500,"height":1000,"url":"https:\/\/neorescue.swiss\/wp-content\/uploads\/2023\/01\/neorescue_bilder_01_2023-13.jpg","type":"image\/jpeg"}],"twitter_card":"summary_large_image","twitter_misc":{"Gesch\u00e4tzte Lesezeit":"12\u00a0Minuten"},"schema":{"@context":"https:\/\/schema.org","@graph":[{"@type":"WebPage","@id":"https:\/\/neorescue.swiss\/de\/produkte\/","url":"https:\/\/neorescue.swiss\/de\/produkte\/","name":"Lifeboxen und Zustellm\u00f6bel \u2013 das sind die Produkte von NeoRescue","isPartOf":{"@id":"https:\/\/neorescue.swiss\/de\/#website"},"primaryImageOfPage":{"@id":"https:\/\/neorescue.swiss\/de\/produkte\/#primaryimage"},"image":{"@id":"https:\/\/neorescue.swiss\/de\/produkte\/#primaryimage"},"thumbnailUrl":"https:\/\/neorescue.swiss\/wp-content\/uploads\/2023\/01\/neorescue_bilder_01_2023-13.jpg","datePublished":"2022-12-18T10:06:10+00:00","dateModified":"2023-02-01T06:47:51+00:00","description":"NeoRescue hat drei verschiedene Lifeboxen und ein praktischen Zustellm\u00f6bel, um die Boxen zu verstauen, entwickelt.","breadcrumb":{"@id":"https:\/\/neorescue.swiss\/de\/produkte\/#breadcrumb"},"inLanguage":"de","potentialAction":[{"@type":"ReadAction","target":["https:\/\/neorescue.swiss\/de\/produkte\/"]}]},{"@type":"ImageObject","inLanguage":"de","@id":"https:\/\/neorescue.swiss\/de\/produkte\/#primaryimage","url":"https:\/\/neorescue.swiss\/wp-content\/uploads\/2023\/01\/neorescue_bilder_01_2023-13.jpg","contentUrl":"https:\/\/neorescue.swiss\/wp-content\/uploads\/2023\/01\/neorescue_bilder_01_2023-13.jpg","width":1500,"height":1000,"caption":"NeoRescue"},{"@type":"BreadcrumbList","@id":"https:\/\/neorescue.swiss\/de\/produkte\/#breadcrumb","itemListElement":[{"@type":"ListItem","position":1,"name":"Startseite","item":"https:\/\/neorescue.swiss\/de\/"},{"@type":"ListItem","position":2,"name":"Produkte"}]},{"@type":"WebSite","@id":"https:\/\/neorescue.swiss\/de\/#website","url":"https:\/\/neorescue.swiss\/de\/","name":"NeoRescue","description":"Der neue Weg, um S\u00e4uglinge im Notfall zu retten","potentialAction":[{"@type":"SearchAction","target":{"@type":"EntryPoint","urlTemplate":"https:\/\/neorescue.swiss\/de\/?s={search_term_string}"},"query-input":{"@type":"PropertyValueSpecification","valueRequired":true,"valueName":"search_term_string"}}],"inLanguage":"de"}]}},"_links":{"self":[{"href":"https:\/\/neorescue.swiss\/de\/wp-json\/wp\/v2\/pages\/22","targetHints":{"allow":["GET"]}}],"collection":[{"href":"https:\/\/neorescue.swiss\/de\/wp-json\/wp\/v2\/pages"}],"about":[{"href":"https:\/\/neorescue.swiss\/de\/wp-json\/wp\/v2\/types\/page"}],"author":[{"embeddable":true,"href":"https:\/\/neorescue.swiss\/de\/wp-json\/wp\/v2\/users\/1"}],"replies":[{"embeddable":true,"href":"https:\/\/neorescue.swiss\/de\/wp-json\/wp\/v2\/comments?post=22"}],"version-history":[{"count":5,"href":"https:\/\/neorescue.swiss\/de\/wp-json\/wp\/v2\/pages\/22\/revisions"}],"predecessor-version":[{"id":1319,"href":"https:\/\/neorescue.swiss\/de\/wp-json\/wp\/v2\/pages\/22\/revisions\/1319"}],"wp:featuredmedia":[{"embeddable":true,"href":"https:\/\/neorescue.swiss\/de\/wp-json\/wp\/v2\/media\/1328"}],"wp:attachment":[{"href":"https:\/\/neorescue.swiss\/de\/wp-json\/wp\/v2\/media?parent=22"}],"curies":[{"name":"wp","href":"https:\/\/api.w.org\/{rel}","templated":true}]}}