{"id":3,"date":"2022-12-18T07:57:13","date_gmt":"2022-12-18T07:57:13","guid":{"rendered":"https:\/\/dev.neorescue.swiss\/?page_id=3"},"modified":"2023-08-31T19:35:36","modified_gmt":"2023-08-31T19:35:36","slug":"datenschutz","status":"publish","type":"page","link":"https:\/\/neorescue.swiss\/de\/datenschutz\/","title":{"rendered":"Datenschutz"},"content":{"rendered":"<div class=\"fusion-fullwidth fullwidth-box fusion-builder-row-1 fusion-flex-container nonhundred-percent-fullwidth non-hundred-percent-height-scrolling\" style=\"--awb-border-radius-top-left:0px;--awb-border-radius-top-right:0px;--awb-border-radius-bottom-right:0px;--awb-border-radius-bottom-left:0px;--awb-flex-wrap:wrap;\" ><div class=\"fusion-builder-row fusion-row fusion-flex-align-items-flex-start fusion-flex-content-wrap\" style=\"max-width:1248px;margin-left: calc(-4% \/ 2 );margin-right: calc(-4% \/ 2 );\"><div class=\"fusion-layout-column fusion_builder_column fusion-builder-column-0 fusion_builder_column_1_1 1_1 fusion-flex-column\" style=\"--awb-bg-size:cover;--awb-width-large:100%;--awb-margin-top-large:0px;--awb-spacing-right-large:1.92%;--awb-margin-bottom-large:20px;--awb-spacing-left-large:1.92%;--awb-width-medium:100%;--awb-order-medium:0;--awb-spacing-right-medium:1.92%;--awb-spacing-left-medium:1.92%;--awb-width-small:100%;--awb-order-small:0;--awb-spacing-right-small:1.92%;--awb-spacing-left-small:1.92%;\"><div class=\"fusion-column-wrapper fusion-column-has-shadow fusion-flex-justify-content-flex-start fusion-content-layout-column\"><div class=\"fusion-text fusion-text-1\" style=\"--awb-text-transform:none;\"><h1>Datenschutzerkl\u00e4rung<\/h1>\n<h3><strong>Allgemein<\/strong><\/h3>\n<p>Bei Neorescue legen wir grossen Wert auf den Schutz Ihrer pers\u00f6nlichen Daten. Aus diesem Grund finden Sie unten Informationen zu Personendaten, die wir erfassen und ggf. speichern, wenn Sie neorescue.swiss besuchen. Der Schutz der Privatsph\u00e4re unserer Besucher ist uns wichtig, daher verarbeiten wir Daten immer in \u00dcbereinstimmung mit der geltenden Schweizer Datenschutzgesetzgebung (DSG, Inkrafttreten per 01.09.2023) sowie der Europ\u00e4ischen Datenschutz-Grundverordnung (DSGVO, Inkrafttreten per 25.05.2018). Wir werden zudem unter keinen Umst\u00e4nden pers\u00f6nliche Informationen an Drittanbieter weiterverkaufen.<\/p>\n<p><em>Hinweis: Die im Folgenden verwendeten Begrifflichkeiten, wie z.B. \u201ePersonendaten\u201c, \u201epersonenbezogene Daten\u201c oder deren \u201eVerarbeitung\u201c beziehen sich auf die Definitionen nach Art. 5 des Schweizer Datenschutzgesetztes (DSG), bzw. Art. 4 der Datenschutz-Grundverordnung (DSGVO).<\/em><\/p>\n<h3><strong>Cookies und Web Beacons<\/strong><\/h3>\n<p>Wir verwenden Cookies auf unserer Webseite (z.B. Google Analytics Cookies) um Informationen zur Verwendung und Reichweite der Webseite zu messen. Dies geschieht auf Basis eines \u00fcberwiegenden bzw. berechtigten Interesses (Optimierung unseres Online-Angebots und der damit verbundenen Nutzererfahrung) im Sinne von Art. 31. Abs 2 lit. e DSG, bzw. Art. 6 Abs. 1 lit. f. DSGVO. Cookies sind kleine Textdateien, die auf Ihrem Computer gespeichert werden und eine Analyse Ihrer Benutzung der Webseite erm\u00f6glichen. Ausgehend von Informationen, die mit Cookies gespeichert werden, k\u00f6nnen wir Ihnen unter Anderem Pop-Up Nachrichten einmal w\u00e4hrend Ihrem Besuch anzeigen oder auch Login-Funktionalit\u00e4ten zum Zugriff auf bestimmte Inhalte verwalten.<\/p>\n<p>Sie k\u00f6nnen die Verwendung von Cookies von unserer Webseite und\/oder Drittanbietern jederzeit in Ihren Browsereinstellungen deaktivieren oder individuell erlauben\/blockieren. Unter dem folgenden Link wird detailliert beschrieben, wie Sie Cookies in Ihrem Browser deaktivieren k\u00f6nnen:\u00a0<a href=\"https:\/\/de.wikihow.com\/Cookies-deaktivieren\">https:\/\/de.wikihow.com\/Cookies-deaktivieren<\/a>. Zudem bieten auch verschiedene Programme (z.B. Norton Internet Security) Einstellungen zur Verwaltung von Cookies an. Beachten Sie bitte, dass die Deaktivierung von Cookies dazu f\u00fchren kann, dass Sie gewisse Funktionen unserer (und anderer) Seiten nicht mehr in gleichem Masse verwenden k\u00f6nnen.<\/p>\n<h3><strong>Google Analytics<\/strong><\/h3>\n<p>Auf neorescue.swiss verwenden wir Google Analytics 4, einen Webanalysedienst der Google Inc. (\u201eGoogle\u201c). Google Analytics verwendet Cookies (vgl. oben). Die dadurch erzeugten Informationen \u00fcber Ihre Nutzung unserer Website werden in der Regel an regionale Rechenzentren von von Google in Europa sowie unter Umst\u00e4nden auch in den USA \u00fcbertragen und dort gespeichert.<\/p>\n<p>In Google Analytics 4 werden bei der Erfassung IP-Adressen verwendet, um Standortinformationen (Land, Stadt, Breiten- und L\u00e4ngengrad der Stadt) zu bestimmen. Sie werden gel\u00f6scht, bevor Daten in einem Rechenzentrum oder auf einem Server gespeichert werden.<\/p>\n<p>In unserem Auftrag wird Google die \u00fcbermittelten Informationen nutzen, um Ihre Nutzung der Website auszuwerten, um aggregierte Reports zur Nutzeraktivit\u00e4t auf unserer Website zusammenzustellen und um weitere damit verbundene Dienstleistungen gegen\u00fcber uns zu erbringen. F\u00fcr mehr Informationen dar\u00fcber, wie Google Cookies einsetzt und welche Informationen damit gesammelt werden, k\u00f6nnen Sie die folgende Seiten besuchen: <a href=\"https:\/\/www.google.com\/policies\/technologies\/cookies\/\">https:\/\/www.google.com\/policies\/technologies\/cookies\/<\/a>\u00a0bzw.\u00a0<a href=\"https:\/\/www.google.com\/policies\/privacy\/partners\/\">https:\/\/www.google.com\/policies\/privacy\/partners\/<\/a>.<\/p>\n<p>Sie k\u00f6nnen den Einsatz von Google Analytics durch die Installation eines einfachen Browser-Addons jederzeit deaktivieren. Das Addon finden Sie unter dem folgenden Link:\u00a0<a href=\"http:\/\/tools.google.com\/dlpage\/gaoptout?hl=de\">http:\/\/tools.google.com\/dlpage\/gaoptout?hl=de<\/a>.<\/p>\n<p>Standardm\u00e4ssig werden entsprechend Art. 6 Abs. 4 DSG, bzw. Art. 5 Abs. 1 lit. e DSGVO alle Daten auf Nutzer- und Ereignisebene, die mit Cookies, Nutzerkennungen (z. B. User ID) und Werbe-IDs (z. B. DoubleClick-Cookies) verkn\u00fcpft sind, nach 14 Monaten seit der letzten Aktivit\u00e4t des entsprechenden Nutzers aus Google Analytics gel\u00f6scht.<\/p>\n<h3><strong>Erhebung von Zugriffsdaten und Logfiles<\/strong><\/h3>\n<p>Auf Grundlage \u00fcberwiegender bzw. berechtigter Interessen (Sicherstellung des einwandfreien Betriebs der Webseite) im Sinne von Art. 31 Abs 2 lit. e DSG, bzw. Art. 6 Abs. 1 lit. f. DSGVO erheben wir Daten \u00fcber Zugriffe auf den Server, auf dem sich unsere Webseite befindet (sogenannte Serverlogfiles). In diesen Logfiles werden Informationen gespeichert wie der Name der abgerufenen Webseite, Datei, Datum und Uhrzeit des Abrufs, \u00fcbertragene Datenmenge, Meldung \u00fcber erfolgreichen Abruf, Browsertyp (inkl. Version), das Betriebssystem des Nutzers, Referrer URL (die zuvor besuchte Seite), IP-Adresse und der anfragende Provider. Logfile-Informationen werden aus Sicherheitsgr\u00fcnden (z.B. zur Aufkl\u00e4rung von Missbrauchs- oder Betrugshandlungen) erhoben und solange gespeichert, wie dies zu Beweiszwecken sinnvoll bzw. erforderlich ist.<\/p>\n<h3><strong>Kontaktformulare<\/strong><\/h3>\n<p>Wir bieten auf unserer Webseite allen Besuchenden die M\u00f6glichkeit, uns \u00fcber Kontaktformulare bzw. Bestellformulare zu kontaktieren. Bei der Verwendung der entsprechenden Formulare werden personenbezogene Informationen wie Name, E-Mail Adresse sowie die entsprechenden Mitteilungen und je nach Art des Formulars auch Adresse und Telefonnummer erfasst und gespeichert. Die Speicherung und Verarbeitung dieser Daten geschieht jeweils auf Grundlage einer expliziten Einwilligung beim Absenden des Formulars und ist f\u00fcr die Bearbeitung der Anfragen zwingend notwendig (siehe auch Art. 31 Abs. 2 lit. A DSG). Die Daten werden ausschliesslich zur Bearbeitung der entsprechenden Anfragen verwendet.<\/p>\n<h3><strong>Google reCAPTCHA<\/strong><\/h3>\n<p>Zum Schutz der Webseite vor automatisierten Hackerangriffen und Spam-Anfragen setzen wir zudem an verschiedenen Stellen (Loginseiten, Formulare) den Dienst reCAPTCHA von Google ein. Dieser verarbeitet Daten wie die IP-Adresse, Browserinformationen, Maus- und Keyboardverhalten, Betriebssystem sowie eingeschr\u00e4nkte Standorts- und Nutzungsdaten um automatisierte Anfragen von denen menschlicher Nutzer:innen unterscheiden zu k\u00f6nnen. Dieser Prozess l\u00e4uft im Hintergrund ab und weshalb an den jeweiligen Stellen jeweils durch entsprechende Hinweise (unterhalb der betroffenen Formulare bzw. durch einen Badge am unteren rechten Bildschirmrand) auf den Einsatz von Google reCAPTCHA hingewiesen wird.<\/p>\n<p>Der Einsatz von reCAPTCHA basiert auf einem \u00fcberwiegenden bzw. berechtigten Interesse (Schutz vor Hackerangriffen und Spam-Anfragen) im Sinne von Art. 31 Abs 2 lit. e DSG, bzw. Art. 6 Abs. 1 lit. f. DSGVO.<\/p>\n<p>F\u00fcr mehr Informationen dar\u00fcber, wie Google reCAPTCHA Cookies einsetzt und welche Informationen damit gesammelt werden, k\u00f6nnen Sie die folgende Seiten besuchen: <a href=\"https:\/\/policies.google.com\/privacy\">https:\/\/policies.google.com\/privacy<\/a> bzw. <a href=\"https:\/\/policies.google.com\/terms\">https:\/\/policies.google.com\/terms<\/a><\/p>\n<h3><strong>Einbindung von Diensten und Inhalten Dritter<\/strong><\/h3>\n<p>An einigen Stellen auf dieser Webseite werden Inhalte Dritter, wie zum Beispiel Kartenmaterial von Google Maps eingebunden. Das f\u00fchrt dazu, dass die Drittanbieter beim Laden der Webseite dar\u00fcber Kenntnis erlangen, dass \u00fcber Ihre IP-Adresse unsere Webseite aufgerufen wurde. Die Einbindung von Inhalten und Diensten Dritter erfolgt nur in Ausnahmef\u00e4llen und stets auf Grundlage \u00fcberwiegender bzw. berechtigter Interessen zur Verbesserung der Nutzererfahrung auf unserer Webseite.<\/p>\n<h3><strong>Kontakt und Anfragen<\/strong><\/h3>\n<p>Als Nutzer haben Sie jederzeit das Recht auf Antrag unentgeltlich Auskunft zu erhalten \u00fcber die personenbezogenen Daten, die \u00fcber Sie gespeichert wurden. Zus\u00e4tzlich haben Sie das Recht auf Berichtigung unrichtiger Daten, Sperrung und L\u00f6schung Ihrer Personendaten (soweit dem keine gesetzliche Aufbewahrungspflicht entgegensteht) und Widerspruch der k\u00fcnftigen Verarbeitung Ihrer Personendaten entsprechend den gesetzlichen Vorgaben.<\/p>\n<p>Wenn Sie irgendwelche Fragen oder Anliegen zu unserer Datenschutzerkl\u00e4rung oder Ihren personenbezogenen Daten haben, z\u00f6gern Sie bitte nicht, sich bei uns zu melden. Sie k\u00f6nnen dies \u00fcber eine E-Mail an info@neorescue.swiss oder per Post an folgende Adresse tun:<\/p>\n<p>NeoRescue GmbH\nBucheggweg 9\n5035 Unterentfelden<\/p>\n<\/div><\/div><\/div><\/div><\/div><div class=\"fusion-fullwidth fullwidth-box fusion-builder-row-2 fusion-flex-container nonhundred-percent-fullwidth non-hundred-percent-height-scrolling\" style=\"--awb-border-radius-top-left:0px;--awb-border-radius-top-right:0px;--awb-border-radius-bottom-right:0px;--awb-border-radius-bottom-left:0px;--awb-flex-wrap:wrap;\" ><div class=\"fusion-builder-row fusion-row fusion-flex-align-items-flex-start fusion-flex-content-wrap\" style=\"max-width:1248px;margin-left: calc(-4% \/ 2 );margin-right: calc(-4% \/ 2 );\"><div class=\"fusion-layout-column fusion_builder_column fusion-builder-column-1 fusion_builder_column_1_1 1_1 fusion-flex-column\" style=\"--awb-bg-size:cover;--awb-width-large:100%;--awb-margin-top-large:0px;--awb-spacing-right-large:1.92%;--awb-margin-bottom-large:0px;--awb-spacing-left-large:1.92%;--awb-width-medium:100%;--awb-spacing-right-medium:1.92%;--awb-spacing-left-medium:1.92%;--awb-width-small:100%;--awb-spacing-right-small:1.92%;--awb-spacing-left-small:1.92%;\"><div class=\"fusion-column-wrapper fusion-flex-justify-content-flex-start fusion-content-layout-column\"><div class=\"fusion-text fusion-text-2\"><\/div><\/div><\/div><\/div><\/div><!-- \/wp:post-content -->","protected":false},"excerpt":{"rendered":"","protected":false},"author":1,"featured_media":0,"parent":0,"menu_order":0,"comment_status":"closed","ping_status":"open","template":"","meta":{"footnotes":""},"class_list":["post-3","page","type-page","status-publish","hentry"],"yoast_head":"<!-- This site is optimized with the Yoast SEO plugin v26.2 - https:\/\/yoast.com\/wordpress\/plugins\/seo\/ -->\n<title>Datenschutz - NeoRescue<\/title>\n<meta name=\"robots\" content=\"index, follow, max-snippet:-1, max-image-preview:large, max-video-preview:-1\" \/>\n<link rel=\"canonical\" href=\"https:\/\/neorescue.swiss\/de\/datenschutz\/\" \/>\n<meta property=\"og:locale\" content=\"de_DE\" \/>\n<meta property=\"og:type\" content=\"article\" \/>\n<meta property=\"og:title\" content=\"Datenschutz - NeoRescue\" \/>\n<meta property=\"og:url\" content=\"https:\/\/neorescue.swiss\/de\/datenschutz\/\" \/>\n<meta property=\"og:site_name\" content=\"NeoRescue\" \/>\n<meta property=\"article:modified_time\" content=\"2023-08-31T19:35:36+00:00\" \/>\n<meta name=\"twitter:card\" content=\"summary_large_image\" \/>\n<meta name=\"twitter:label1\" content=\"Gesch\u00e4tzte Lesezeit\" \/>\n\t<meta name=\"twitter:data1\" content=\"7\u00a0Minuten\" \/>\n<script type=\"application\/ld+json\" class=\"yoast-schema-graph\">{\"@context\":\"https:\/\/schema.org\",\"@graph\":[{\"@type\":\"WebPage\",\"@id\":\"https:\/\/neorescue.swiss\/de\/datenschutz\/\",\"url\":\"https:\/\/neorescue.swiss\/de\/datenschutz\/\",\"name\":\"Datenschutz - NeoRescue\",\"isPartOf\":{\"@id\":\"https:\/\/neorescue.swiss\/de\/#website\"},\"datePublished\":\"2022-12-18T07:57:13+00:00\",\"dateModified\":\"2023-08-31T19:35:36+00:00\",\"breadcrumb\":{\"@id\":\"https:\/\/neorescue.swiss\/de\/datenschutz\/#breadcrumb\"},\"inLanguage\":\"de\",\"potentialAction\":[{\"@type\":\"ReadAction\",\"target\":[\"https:\/\/neorescue.swiss\/de\/datenschutz\/\"]}]},{\"@type\":\"BreadcrumbList\",\"@id\":\"https:\/\/neorescue.swiss\/de\/datenschutz\/#breadcrumb\",\"itemListElement\":[{\"@type\":\"ListItem\",\"position\":1,\"name\":\"Startseite\",\"item\":\"https:\/\/neorescue.swiss\/de\/\"},{\"@type\":\"ListItem\",\"position\":2,\"name\":\"Datenschutz\"}]},{\"@type\":\"WebSite\",\"@id\":\"https:\/\/neorescue.swiss\/de\/#website\",\"url\":\"https:\/\/neorescue.swiss\/de\/\",\"name\":\"NeoRescue\",\"description\":\"Der neue Weg, um S\u00e4uglinge im Notfall zu retten\",\"potentialAction\":[{\"@type\":\"SearchAction\",\"target\":{\"@type\":\"EntryPoint\",\"urlTemplate\":\"https:\/\/neorescue.swiss\/de\/?s={search_term_string}\"},\"query-input\":{\"@type\":\"PropertyValueSpecification\",\"valueRequired\":true,\"valueName\":\"search_term_string\"}}],\"inLanguage\":\"de\"}]}<\/script>\n<!-- \/ Yoast SEO plugin. -->","yoast_head_json":{"title":"Datenschutz - NeoRescue","robots":{"index":"index","follow":"follow","max-snippet":"max-snippet:-1","max-image-preview":"max-image-preview:large","max-video-preview":"max-video-preview:-1"},"canonical":"https:\/\/neorescue.swiss\/de\/datenschutz\/","og_locale":"de_DE","og_type":"article","og_title":"Datenschutz - NeoRescue","og_url":"https:\/\/neorescue.swiss\/de\/datenschutz\/","og_site_name":"NeoRescue","article_modified_time":"2023-08-31T19:35:36+00:00","twitter_card":"summary_large_image","twitter_misc":{"Gesch\u00e4tzte Lesezeit":"7\u00a0Minuten"},"schema":{"@context":"https:\/\/schema.org","@graph":[{"@type":"WebPage","@id":"https:\/\/neorescue.swiss\/de\/datenschutz\/","url":"https:\/\/neorescue.swiss\/de\/datenschutz\/","name":"Datenschutz - NeoRescue","isPartOf":{"@id":"https:\/\/neorescue.swiss\/de\/#website"},"datePublished":"2022-12-18T07:57:13+00:00","dateModified":"2023-08-31T19:35:36+00:00","breadcrumb":{"@id":"https:\/\/neorescue.swiss\/de\/datenschutz\/#breadcrumb"},"inLanguage":"de","potentialAction":[{"@type":"ReadAction","target":["https:\/\/neorescue.swiss\/de\/datenschutz\/"]}]},{"@type":"BreadcrumbList","@id":"https:\/\/neorescue.swiss\/de\/datenschutz\/#breadcrumb","itemListElement":[{"@type":"ListItem","position":1,"name":"Startseite","item":"https:\/\/neorescue.swiss\/de\/"},{"@type":"ListItem","position":2,"name":"Datenschutz"}]},{"@type":"WebSite","@id":"https:\/\/neorescue.swiss\/de\/#website","url":"https:\/\/neorescue.swiss\/de\/","name":"NeoRescue","description":"Der neue Weg, um S\u00e4uglinge im Notfall zu retten","potentialAction":[{"@type":"SearchAction","target":{"@type":"EntryPoint","urlTemplate":"https:\/\/neorescue.swiss\/de\/?s={search_term_string}"},"query-input":{"@type":"PropertyValueSpecification","valueRequired":true,"valueName":"search_term_string"}}],"inLanguage":"de"}]}},"_links":{"self":[{"href":"https:\/\/neorescue.swiss\/de\/wp-json\/wp\/v2\/pages\/3","targetHints":{"allow":["GET"]}}],"collection":[{"href":"https:\/\/neorescue.swiss\/de\/wp-json\/wp\/v2\/pages"}],"about":[{"href":"https:\/\/neorescue.swiss\/de\/wp-json\/wp\/v2\/types\/page"}],"author":[{"embeddable":true,"href":"https:\/\/neorescue.swiss\/de\/wp-json\/wp\/v2\/users\/1"}],"replies":[{"embeddable":true,"href":"https:\/\/neorescue.swiss\/de\/wp-json\/wp\/v2\/comments?post=3"}],"version-history":[{"count":2,"href":"https:\/\/neorescue.swiss\/de\/wp-json\/wp\/v2\/pages\/3\/revisions"}],"predecessor-version":[{"id":3185,"href":"https:\/\/neorescue.swiss\/de\/wp-json\/wp\/v2\/pages\/3\/revisions\/3185"}],"wp:attachment":[{"href":"https:\/\/neorescue.swiss\/de\/wp-json\/wp\/v2\/media?parent=3"}],"curies":[{"name":"wp","href":"https:\/\/api.w.org\/{rel}","templated":true}]}}