{"id":33,"date":"2022-12-18T10:07:53","date_gmt":"2022-12-18T10:07:53","guid":{"rendered":"https:\/\/dev.neorescue.swiss\/?page_id=33"},"modified":"2023-02-01T06:34:52","modified_gmt":"2023-02-01T06:34:52","slug":"beratung","status":"publish","type":"page","link":"https:\/\/neorescue.swiss\/de\/beratung\/","title":{"rendered":"Beratung"},"content":{"rendered":"<p><div class=\"fusion-fullwidth fullwidth-box fusion-builder-row-1 fusion-flex-container image-section content-section nonhundred-percent-fullwidth non-hundred-percent-height-scrolling\" style=\"--awb-border-radius-top-left:0px;--awb-border-radius-top-right:0px;--awb-border-radius-bottom-right:0px;--awb-border-radius-bottom-left:0px;--awb-flex-wrap:wrap;\" ><div class=\"fusion-builder-row fusion-row fusion-flex-align-items-flex-start fusion-flex-content-wrap\" style=\"max-width:1248px;margin-left: calc(-4% \/ 2 );margin-right: calc(-4% \/ 2 );\"><div class=\"fusion-layout-column fusion_builder_column fusion-builder-column-0 fusion_builder_column_1_1 1_1 fusion-flex-column\" style=\"--awb-bg-size:cover;--awb-width-large:100%;--awb-margin-top-large:0px;--awb-spacing-right-large:1.92%;--awb-margin-bottom-large:20px;--awb-spacing-left-large:1.92%;--awb-width-medium:100%;--awb-order-medium:0;--awb-spacing-right-medium:1.92%;--awb-spacing-left-medium:1.92%;--awb-width-small:100%;--awb-order-small:0;--awb-spacing-right-small:1.92%;--awb-spacing-left-small:1.92%;\"><div class=\"fusion-column-wrapper fusion-column-has-shadow fusion-flex-justify-content-flex-start fusion-content-layout-column\"><div class=\"fusion-title title fusion-title-1 fusion-sep-none fusion-title-center fusion-title-text fusion-title-size-one\"><h1 class=\"fusion-title-heading title-heading-center\" style=\"margin:0;text-transform:none;\">Unser Beratungsangebot<\/h1><\/div><div class=\"fusion-text fusion-text-1\"><p style=\"text-align: center;\">Wir unterst\u00fctzen unsere Kunden und Partner mit einer breiten Palette an Beratungsangeboten. Individuell auf Ihre Bed\u00fcrfnisse zugeschnitten, bieten wir Ihnen Evakuationsberatungen und Einsatz\u00fcbungen an. Zudem bieten wir Produktschulungen sowie Input Veranstaltungen und Servicevertr\u00e4ge an. Dank unserem Know-How und unserer Erfahrung k\u00f6nnen wir Sie optimal begleiten.<\/p>\n<\/div><\/div><\/div><\/div><\/div><div class=\"fusion-fullwidth fullwidth-box fusion-builder-row-2 fusion-flex-container has-pattern-background has-mask-background image-section content-section nonhundred-percent-fullwidth non-hundred-percent-height-scrolling\" style=\"--awb-border-radius-top-left:0px;--awb-border-radius-top-right:0px;--awb-border-radius-bottom-right:0px;--awb-border-radius-bottom-left:0px;--awb-flex-wrap:wrap;\" ><div class=\"fusion-builder-row fusion-row fusion-flex-align-items-flex-start fusion-flex-content-wrap\" style=\"max-width:1248px;margin-left: calc(-4% \/ 2 );margin-right: calc(-4% \/ 2 );\"><div class=\"fusion-layout-column fusion_builder_column fusion-builder-column-1 fusion_builder_column_1_1 1_1 fusion-flex-column\" style=\"--awb-bg-size:cover;--awb-width-large:100%;--awb-margin-top-large:0px;--awb-spacing-right-large:1.92%;--awb-margin-bottom-large:20px;--awb-spacing-left-large:1.92%;--awb-width-medium:100%;--awb-order-medium:0;--awb-spacing-right-medium:1.92%;--awb-spacing-left-medium:1.92%;--awb-width-small:100%;--awb-order-small:0;--awb-spacing-right-small:1.92%;--awb-spacing-left-small:1.92%;\"><div class=\"fusion-column-wrapper fusion-column-has-shadow fusion-flex-justify-content-flex-start fusion-content-layout-column\"><div class=\"fusion-title title fusion-title-2 fusion-sep-none fusion-title-center fusion-title-text fusion-title-size-two\"><h2 class=\"fusion-title-heading title-heading-center\" style=\"margin:0;text-transform:none;\">Profitieren Sie von unserer Expertise<\/h2><\/div><\/div><\/div><div class=\"fusion-layout-column fusion_builder_column fusion-builder-column-2 fusion_builder_column_1_2 1_2 fusion-flex-column\" style=\"--awb-bg-size:cover;--awb-width-large:50%;--awb-margin-top-large:0px;--awb-spacing-right-large:3.84%;--awb-margin-bottom-large:20px;--awb-spacing-left-large:3.84%;--awb-width-medium:50%;--awb-order-medium:0;--awb-spacing-right-medium:3.84%;--awb-spacing-left-medium:3.84%;--awb-width-small:100%;--awb-order-small:0;--awb-spacing-right-small:1.92%;--awb-spacing-left-small:1.92%;\"><div class=\"fusion-column-wrapper fusion-column-has-shadow fusion-flex-justify-content-flex-start fusion-content-layout-column\"><div class=\"fusion-image-element \" style=\"--awb-caption-title-font-family:var(--h2_typography-font-family);--awb-caption-title-font-weight:var(--h2_typography-font-weight);--awb-caption-title-font-style:var(--h2_typography-font-style);--awb-caption-title-size:var(--h2_typography-font-size);--awb-caption-title-transform:var(--h2_typography-text-transform);--awb-caption-title-line-height:var(--h2_typography-line-height);--awb-caption-title-letter-spacing:var(--h2_typography-letter-spacing);\"><span class=\" fusion-imageframe imageframe-none imageframe-1 hover-type-none\"><img decoding=\"async\" width=\"600\" height=\"400\" title=\"NeoRescue Shooting\" src=\"https:\/\/neorescue.swiss\/wp-content\/uploads\/2022\/12\/produkteschulung-2.jpg\" data-orig-src=\"https:\/\/neorescue.swiss\/wp-content\/uploads\/2022\/12\/produkteschulung-2-600x400.jpg\" alt class=\"lazyload img-responsive wp-image-148\" srcset=\"data:image\/svg+xml,%3Csvg%20xmlns%3D%27http%3A%2F%2Fwww.w3.org%2F2000%2Fsvg%27%20width%3D%271500%27%20height%3D%271000%27%20viewBox%3D%270%200%201500%201000%27%3E%3Crect%20width%3D%271500%27%20height%3D%271000%27%20fill-opacity%3D%220%22%2F%3E%3C%2Fsvg%3E\" data-srcset=\"https:\/\/neorescue.swiss\/wp-content\/uploads\/2022\/12\/produkteschulung-2-200x133.jpg 200w, https:\/\/neorescue.swiss\/wp-content\/uploads\/2022\/12\/produkteschulung-2-400x267.jpg 400w, https:\/\/neorescue.swiss\/wp-content\/uploads\/2022\/12\/produkteschulung-2-600x400.jpg 600w, https:\/\/neorescue.swiss\/wp-content\/uploads\/2022\/12\/produkteschulung-2-800x533.jpg 800w, https:\/\/neorescue.swiss\/wp-content\/uploads\/2022\/12\/produkteschulung-2-1200x800.jpg 1200w, https:\/\/neorescue.swiss\/wp-content\/uploads\/2022\/12\/produkteschulung-2.jpg 1500w\" data-sizes=\"auto\" data-orig-sizes=\"(max-width: 640px) 100vw, 600px\" \/><\/span><\/div><div class=\"fusion-title title fusion-title-3 fusion-sep-none fusion-title-center fusion-title-text fusion-title-size-three\"><h3 class=\"fusion-title-heading title-heading-center\" style=\"margin:0;text-transform:none;\">Produktschulung<\/h3><\/div><div class=\"fusion-text fusion-text-2\"><p style=\"text-align: center;\">Um sicherzustellen, dass die Lifeboxen im Notfall korrekt eingesetzt wird, bieten wir Schulungen f\u00fcr Mitarbeitende aus dem Gesundheits- und Betreuungswesen an.<\/p>\n<\/div><div style=\"text-align:center;\"><a class=\"fusion-button button-flat fusion-button-default-size button-default fusion-button-default button-1 fusion-button-default-span fusion-button-default-type\" style=\"--button-border-radius-top-left:5px;--button-border-radius-top-right:5px;--button-border-radius-bottom-right:5px;--button-border-radius-bottom-left:5px;\" target=\"_self\" href=\"https:\/\/neorescue.swiss\/beratung\/produktschulung\/\"><span class=\"fusion-button-text awb-button__text awb-button__text--default\">Zur Produktschulung<\/span><\/a><\/div><\/div><\/div><div class=\"fusion-layout-column fusion_builder_column fusion-builder-column-3 fusion_builder_column_1_2 1_2 fusion-flex-column\" style=\"--awb-bg-size:cover;--awb-width-large:50%;--awb-margin-top-large:0px;--awb-spacing-right-large:3.84%;--awb-margin-bottom-large:20px;--awb-spacing-left-large:3.84%;--awb-width-medium:50%;--awb-order-medium:0;--awb-spacing-right-medium:3.84%;--awb-spacing-left-medium:3.84%;--awb-width-small:100%;--awb-order-small:0;--awb-spacing-right-small:1.92%;--awb-spacing-left-small:1.92%;\"><div class=\"fusion-column-wrapper fusion-column-has-shadow fusion-flex-justify-content-flex-start fusion-content-layout-column\"><div class=\"fusion-image-element \" style=\"--awb-caption-title-font-family:var(--h2_typography-font-family);--awb-caption-title-font-weight:var(--h2_typography-font-weight);--awb-caption-title-font-style:var(--h2_typography-font-style);--awb-caption-title-size:var(--h2_typography-font-size);--awb-caption-title-transform:var(--h2_typography-text-transform);--awb-caption-title-line-height:var(--h2_typography-line-height);--awb-caption-title-letter-spacing:var(--h2_typography-letter-spacing);\"><span class=\" fusion-imageframe imageframe-none imageframe-2 hover-type-none\"><img decoding=\"async\" width=\"600\" height=\"400\" title=\"NeoRescue Shooting\" src=\"https:\/\/neorescue.swiss\/wp-content\/uploads\/2022\/12\/neorescue-input-1.jpg\" data-orig-src=\"https:\/\/neorescue.swiss\/wp-content\/uploads\/2022\/12\/neorescue-input-1-600x400.jpg\" alt class=\"lazyload img-responsive wp-image-175\" srcset=\"data:image\/svg+xml,%3Csvg%20xmlns%3D%27http%3A%2F%2Fwww.w3.org%2F2000%2Fsvg%27%20width%3D%27640%27%20height%3D%27427%27%20viewBox%3D%270%200%20640%20427%27%3E%3Crect%20width%3D%27640%27%20height%3D%27427%27%20fill-opacity%3D%220%22%2F%3E%3C%2Fsvg%3E\" data-srcset=\"https:\/\/neorescue.swiss\/wp-content\/uploads\/2022\/12\/neorescue-input-1-200x133.jpg 200w, https:\/\/neorescue.swiss\/wp-content\/uploads\/2022\/12\/neorescue-input-1-400x267.jpg 400w, https:\/\/neorescue.swiss\/wp-content\/uploads\/2022\/12\/neorescue-input-1-600x400.jpg 600w, https:\/\/neorescue.swiss\/wp-content\/uploads\/2022\/12\/neorescue-input-1.jpg 640w\" data-sizes=\"auto\" data-orig-sizes=\"(max-width: 640px) 100vw, 600px\" \/><\/span><\/div><div class=\"fusion-title title fusion-title-4 fusion-sep-none fusion-title-center fusion-title-text fusion-title-size-three\"><h3 class=\"fusion-title-heading title-heading-center\" style=\"margin:0;text-transform:none;\">Input Veranstaltung<\/h3><\/div><div class=\"fusion-text fusion-text-3\"><p style=\"text-align: center;\">In unserer Input Veranstaltung liefern wir Ihnen wertvolle Informationen und Tipps f\u00fcr die praktische Umsetzung aus den Bereichen Sicherheit, Brandschutz und Evakuation.<\/p>\n<\/div><div style=\"text-align:center;\"><a class=\"fusion-button button-flat fusion-button-default-size button-default fusion-button-default button-2 fusion-button-default-span fusion-button-default-type\" style=\"--button-border-radius-top-left:5px;--button-border-radius-top-right:5px;--button-border-radius-bottom-right:5px;--button-border-radius-bottom-left:5px;\" target=\"_self\" href=\"https:\/\/neorescue.swiss\/beratung\/input-veranstaltung\/\"><span class=\"fusion-button-text awb-button__text awb-button__text--default\">Zur Input Veranstaltung<\/span><\/a><\/div><\/div><\/div><div class=\"fusion-layout-column fusion_builder_column fusion-builder-column-4 fusion_builder_column_1_2 1_2 fusion-flex-column\" style=\"--awb-bg-size:cover;--awb-width-large:50%;--awb-margin-top-large:0px;--awb-spacing-right-large:3.84%;--awb-margin-bottom-large:20px;--awb-spacing-left-large:3.84%;--awb-width-medium:50%;--awb-order-medium:0;--awb-spacing-right-medium:3.84%;--awb-spacing-left-medium:3.84%;--awb-width-small:100%;--awb-order-small:0;--awb-spacing-right-small:1.92%;--awb-spacing-left-small:1.92%;\"><div class=\"fusion-column-wrapper fusion-column-has-shadow fusion-flex-justify-content-flex-start fusion-content-layout-column\"><div class=\"fusion-image-element \" style=\"--awb-caption-title-font-family:var(--h2_typography-font-family);--awb-caption-title-font-weight:var(--h2_typography-font-weight);--awb-caption-title-font-style:var(--h2_typography-font-style);--awb-caption-title-size:var(--h2_typography-font-size);--awb-caption-title-transform:var(--h2_typography-text-transform);--awb-caption-title-line-height:var(--h2_typography-line-height);--awb-caption-title-letter-spacing:var(--h2_typography-letter-spacing);\"><span class=\" fusion-imageframe imageframe-none imageframe-3 hover-type-none\"><img decoding=\"async\" width=\"600\" height=\"400\" title=\"NeoRescue Shooting\" src=\"https:\/\/neorescue.swiss\/wp-content\/uploads\/2022\/12\/evakuationsberatung-2.jpg\" data-orig-src=\"https:\/\/neorescue.swiss\/wp-content\/uploads\/2022\/12\/evakuationsberatung-2-600x400.jpg\" alt class=\"lazyload img-responsive wp-image-174\" srcset=\"data:image\/svg+xml,%3Csvg%20xmlns%3D%27http%3A%2F%2Fwww.w3.org%2F2000%2Fsvg%27%20width%3D%271500%27%20height%3D%271000%27%20viewBox%3D%270%200%201500%201000%27%3E%3Crect%20width%3D%271500%27%20height%3D%271000%27%20fill-opacity%3D%220%22%2F%3E%3C%2Fsvg%3E\" data-srcset=\"https:\/\/neorescue.swiss\/wp-content\/uploads\/2022\/12\/evakuationsberatung-2-200x133.jpg 200w, https:\/\/neorescue.swiss\/wp-content\/uploads\/2022\/12\/evakuationsberatung-2-400x267.jpg 400w, https:\/\/neorescue.swiss\/wp-content\/uploads\/2022\/12\/evakuationsberatung-2-600x400.jpg 600w, https:\/\/neorescue.swiss\/wp-content\/uploads\/2022\/12\/evakuationsberatung-2-800x533.jpg 800w, https:\/\/neorescue.swiss\/wp-content\/uploads\/2022\/12\/evakuationsberatung-2-1200x800.jpg 1200w, https:\/\/neorescue.swiss\/wp-content\/uploads\/2022\/12\/evakuationsberatung-2.jpg 1500w\" data-sizes=\"auto\" data-orig-sizes=\"(max-width: 640px) 100vw, 600px\" \/><\/span><\/div><div class=\"fusion-title title fusion-title-5 fusion-sep-none fusion-title-center fusion-title-text fusion-title-size-three\"><h3 class=\"fusion-title-heading title-heading-center\" style=\"margin:0;text-transform:none;\">Evakuationsberatung<\/h3><\/div><div class=\"fusion-text fusion-text-4\"><p style=\"text-align: center;\">Wir unterst\u00fctzen Spit\u00e4ler, Kliniken und Kitas bei der Evakuationsplanung und der Bew\u00e4ltigung des gesamten Ereignisses von der Alarmierung bis zur Wiederaufnahme des Alltagsbetriebs.<\/p>\n<\/div><div style=\"text-align:center;\"><a class=\"fusion-button button-flat fusion-button-default-size button-default fusion-button-default button-3 fusion-button-default-span fusion-button-default-type\" style=\"--button-border-radius-top-left:5px;--button-border-radius-top-right:5px;--button-border-radius-bottom-right:5px;--button-border-radius-bottom-left:5px;\" target=\"_self\" href=\"https:\/\/neorescue.swiss\/beratung\/evakuationsberatung\/\"><span class=\"fusion-button-text awb-button__text awb-button__text--default\">Zur Evakuationsberatung<\/span><\/a><\/div><\/div><\/div><div class=\"fusion-layout-column fusion_builder_column fusion-builder-column-5 fusion_builder_column_1_2 1_2 fusion-flex-column\" style=\"--awb-bg-size:cover;--awb-width-large:50%;--awb-margin-top-large:0px;--awb-spacing-right-large:3.84%;--awb-margin-bottom-large:20px;--awb-spacing-left-large:3.84%;--awb-width-medium:50%;--awb-order-medium:0;--awb-spacing-right-medium:3.84%;--awb-spacing-left-medium:3.84%;--awb-width-small:100%;--awb-order-small:0;--awb-spacing-right-small:1.92%;--awb-spacing-left-small:1.92%;\"><div class=\"fusion-column-wrapper fusion-column-has-shadow fusion-flex-justify-content-flex-start fusion-content-layout-column\"><div class=\"fusion-image-element \" style=\"--awb-caption-title-font-family:var(--h2_typography-font-family);--awb-caption-title-font-weight:var(--h2_typography-font-weight);--awb-caption-title-font-style:var(--h2_typography-font-style);--awb-caption-title-size:var(--h2_typography-font-size);--awb-caption-title-transform:var(--h2_typography-text-transform);--awb-caption-title-line-height:var(--h2_typography-line-height);--awb-caption-title-letter-spacing:var(--h2_typography-letter-spacing);\"><span class=\" fusion-imageframe imageframe-none imageframe-4 hover-type-none\"><img decoding=\"async\" width=\"600\" height=\"400\" title=\"NeoRescue Shooting\" src=\"https:\/\/neorescue.swiss\/wp-content\/uploads\/2022\/12\/neorescue-einsatzuebung-1.jpg\" data-orig-src=\"https:\/\/neorescue.swiss\/wp-content\/uploads\/2022\/12\/neorescue-einsatzuebung-1-600x400.jpg\" alt class=\"lazyload img-responsive wp-image-141\" srcset=\"data:image\/svg+xml,%3Csvg%20xmlns%3D%27http%3A%2F%2Fwww.w3.org%2F2000%2Fsvg%27%20width%3D%27640%27%20height%3D%27427%27%20viewBox%3D%270%200%20640%20427%27%3E%3Crect%20width%3D%27640%27%20height%3D%27427%27%20fill-opacity%3D%220%22%2F%3E%3C%2Fsvg%3E\" data-srcset=\"https:\/\/neorescue.swiss\/wp-content\/uploads\/2022\/12\/neorescue-einsatzuebung-1-200x133.jpg 200w, https:\/\/neorescue.swiss\/wp-content\/uploads\/2022\/12\/neorescue-einsatzuebung-1-400x267.jpg 400w, https:\/\/neorescue.swiss\/wp-content\/uploads\/2022\/12\/neorescue-einsatzuebung-1-600x400.jpg 600w, https:\/\/neorescue.swiss\/wp-content\/uploads\/2022\/12\/neorescue-einsatzuebung-1.jpg 640w\" data-sizes=\"auto\" data-orig-sizes=\"(max-width: 640px) 100vw, 600px\" \/><\/span><\/div><div class=\"fusion-title title fusion-title-6 fusion-sep-none fusion-title-center fusion-title-text fusion-title-size-three\"><h3 class=\"fusion-title-heading title-heading-center\" style=\"margin:0;text-transform:none;\">Einsatz\u00fcbung<\/h3><\/div><div class=\"fusion-text fusion-text-5\"><p style=\"text-align: center;\">Wir planen und organisieren Einsatz\u00fcbungen inklusive Nachbesprechung und Risikoanalyse. Auf Wunsch auch in Kooperation mit Spit\u00e4lern oder \u00e4hnlichen Institutionen.<\/p>\n<\/div><div style=\"text-align:center;\"><a class=\"fusion-button button-flat fusion-button-default-size button-default fusion-button-default button-4 fusion-button-default-span fusion-button-default-type\" style=\"--button-border-radius-top-left:5px;--button-border-radius-top-right:5px;--button-border-radius-bottom-right:5px;--button-border-radius-bottom-left:5px;\" target=\"_self\" href=\"https:\/\/neorescue.swiss\/beratung\/einsatzuebung\/\"><span class=\"fusion-button-text awb-button__text awb-button__text--default\">Zur Einsatz\u00fcbung<\/span><\/a><\/div><\/div><\/div><\/div><\/div><\/p>\n","protected":false},"excerpt":{"rendered":"","protected":false},"author":1,"featured_media":140,"parent":0,"menu_order":0,"comment_status":"closed","ping_status":"closed","template":"","meta":{"footnotes":""},"class_list":["post-33","page","type-page","status-publish","has-post-thumbnail","hentry"],"yoast_head":"<!-- This site is optimized with the Yoast SEO plugin v26.2 - https:\/\/yoast.com\/wordpress\/plugins\/seo\/ -->\n<title>Das Beratungsangebot von NeoRescue im \u00dcberblick<\/title>\n<meta name=\"description\" content=\"NeoRescue bietet Produktschulungen, Input Veranstaltungen, Evaktuationsberatungen und Einsatz\u00fcbungen an.\" \/>\n<meta name=\"robots\" content=\"index, follow, max-snippet:-1, max-image-preview:large, max-video-preview:-1\" \/>\n<link rel=\"canonical\" href=\"https:\/\/neorescue.swiss\/de\/beratung\/\" \/>\n<meta property=\"og:locale\" content=\"de_DE\" \/>\n<meta property=\"og:type\" content=\"article\" \/>\n<meta property=\"og:title\" content=\"Das Beratungsangebot von NeoRescue im \u00dcberblick\" \/>\n<meta property=\"og:description\" content=\"NeoRescue bietet Produktschulungen, Input Veranstaltungen, Evaktuationsberatungen und Einsatz\u00fcbungen an.\" \/>\n<meta property=\"og:url\" content=\"https:\/\/neorescue.swiss\/de\/beratung\/\" \/>\n<meta property=\"og:site_name\" content=\"NeoRescue\" \/>\n<meta property=\"article:modified_time\" content=\"2023-02-01T06:34:52+00:00\" \/>\n<meta property=\"og:image\" content=\"https:\/\/neorescue.swiss\/wp-content\/uploads\/2022\/12\/neorescue-evakuation-1.jpg\" \/>\n\t<meta property=\"og:image:width\" content=\"640\" \/>\n\t<meta property=\"og:image:height\" content=\"427\" \/>\n\t<meta property=\"og:image:type\" content=\"image\/jpeg\" \/>\n<meta name=\"twitter:card\" content=\"summary_large_image\" \/>\n<meta name=\"twitter:label1\" content=\"Gesch\u00e4tzte Lesezeit\" \/>\n\t<meta name=\"twitter:data1\" content=\"12\u00a0Minuten\" \/>\n<script type=\"application\/ld+json\" class=\"yoast-schema-graph\">{\"@context\":\"https:\/\/schema.org\",\"@graph\":[{\"@type\":\"WebPage\",\"@id\":\"https:\/\/neorescue.swiss\/de\/beratung\/\",\"url\":\"https:\/\/neorescue.swiss\/de\/beratung\/\",\"name\":\"Das Beratungsangebot von NeoRescue im \u00dcberblick\",\"isPartOf\":{\"@id\":\"https:\/\/neorescue.swiss\/de\/#website\"},\"primaryImageOfPage\":{\"@id\":\"https:\/\/neorescue.swiss\/de\/beratung\/#primaryimage\"},\"image\":{\"@id\":\"https:\/\/neorescue.swiss\/de\/beratung\/#primaryimage\"},\"thumbnailUrl\":\"https:\/\/neorescue.swiss\/wp-content\/uploads\/2022\/12\/neorescue-evakuation-1.jpg\",\"datePublished\":\"2022-12-18T10:07:53+00:00\",\"dateModified\":\"2023-02-01T06:34:52+00:00\",\"description\":\"NeoRescue bietet Produktschulungen, Input Veranstaltungen, Evaktuationsberatungen und Einsatz\u00fcbungen an.\",\"breadcrumb\":{\"@id\":\"https:\/\/neorescue.swiss\/de\/beratung\/#breadcrumb\"},\"inLanguage\":\"de\",\"potentialAction\":[{\"@type\":\"ReadAction\",\"target\":[\"https:\/\/neorescue.swiss\/de\/beratung\/\"]}]},{\"@type\":\"ImageObject\",\"inLanguage\":\"de\",\"@id\":\"https:\/\/neorescue.swiss\/de\/beratung\/#primaryimage\",\"url\":\"https:\/\/neorescue.swiss\/wp-content\/uploads\/2022\/12\/neorescue-evakuation-1.jpg\",\"contentUrl\":\"https:\/\/neorescue.swiss\/wp-content\/uploads\/2022\/12\/neorescue-evakuation-1.jpg\",\"width\":640,\"height\":427,\"caption\":\"NeoRescue Shooting\"},{\"@type\":\"BreadcrumbList\",\"@id\":\"https:\/\/neorescue.swiss\/de\/beratung\/#breadcrumb\",\"itemListElement\":[{\"@type\":\"ListItem\",\"position\":1,\"name\":\"Startseite\",\"item\":\"https:\/\/neorescue.swiss\/de\/\"},{\"@type\":\"ListItem\",\"position\":2,\"name\":\"Beratung\"}]},{\"@type\":\"WebSite\",\"@id\":\"https:\/\/neorescue.swiss\/de\/#website\",\"url\":\"https:\/\/neorescue.swiss\/de\/\",\"name\":\"NeoRescue\",\"description\":\"Der neue Weg, um S\u00e4uglinge im Notfall zu retten\",\"potentialAction\":[{\"@type\":\"SearchAction\",\"target\":{\"@type\":\"EntryPoint\",\"urlTemplate\":\"https:\/\/neorescue.swiss\/de\/?s={search_term_string}\"},\"query-input\":{\"@type\":\"PropertyValueSpecification\",\"valueRequired\":true,\"valueName\":\"search_term_string\"}}],\"inLanguage\":\"de\"}]}<\/script>\n<!-- \/ Yoast SEO plugin. -->","yoast_head_json":{"title":"Das Beratungsangebot von NeoRescue im \u00dcberblick","description":"NeoRescue bietet Produktschulungen, Input Veranstaltungen, Evaktuationsberatungen und Einsatz\u00fcbungen an.","robots":{"index":"index","follow":"follow","max-snippet":"max-snippet:-1","max-image-preview":"max-image-preview:large","max-video-preview":"max-video-preview:-1"},"canonical":"https:\/\/neorescue.swiss\/de\/beratung\/","og_locale":"de_DE","og_type":"article","og_title":"Das Beratungsangebot von NeoRescue im \u00dcberblick","og_description":"NeoRescue bietet Produktschulungen, Input Veranstaltungen, Evaktuationsberatungen und Einsatz\u00fcbungen an.","og_url":"https:\/\/neorescue.swiss\/de\/beratung\/","og_site_name":"NeoRescue","article_modified_time":"2023-02-01T06:34:52+00:00","og_image":[{"width":640,"height":427,"url":"https:\/\/neorescue.swiss\/wp-content\/uploads\/2022\/12\/neorescue-evakuation-1.jpg","type":"image\/jpeg"}],"twitter_card":"summary_large_image","twitter_misc":{"Gesch\u00e4tzte Lesezeit":"12\u00a0Minuten"},"schema":{"@context":"https:\/\/schema.org","@graph":[{"@type":"WebPage","@id":"https:\/\/neorescue.swiss\/de\/beratung\/","url":"https:\/\/neorescue.swiss\/de\/beratung\/","name":"Das Beratungsangebot von NeoRescue im \u00dcberblick","isPartOf":{"@id":"https:\/\/neorescue.swiss\/de\/#website"},"primaryImageOfPage":{"@id":"https:\/\/neorescue.swiss\/de\/beratung\/#primaryimage"},"image":{"@id":"https:\/\/neorescue.swiss\/de\/beratung\/#primaryimage"},"thumbnailUrl":"https:\/\/neorescue.swiss\/wp-content\/uploads\/2022\/12\/neorescue-evakuation-1.jpg","datePublished":"2022-12-18T10:07:53+00:00","dateModified":"2023-02-01T06:34:52+00:00","description":"NeoRescue bietet Produktschulungen, Input Veranstaltungen, Evaktuationsberatungen und Einsatz\u00fcbungen an.","breadcrumb":{"@id":"https:\/\/neorescue.swiss\/de\/beratung\/#breadcrumb"},"inLanguage":"de","potentialAction":[{"@type":"ReadAction","target":["https:\/\/neorescue.swiss\/de\/beratung\/"]}]},{"@type":"ImageObject","inLanguage":"de","@id":"https:\/\/neorescue.swiss\/de\/beratung\/#primaryimage","url":"https:\/\/neorescue.swiss\/wp-content\/uploads\/2022\/12\/neorescue-evakuation-1.jpg","contentUrl":"https:\/\/neorescue.swiss\/wp-content\/uploads\/2022\/12\/neorescue-evakuation-1.jpg","width":640,"height":427,"caption":"NeoRescue Shooting"},{"@type":"BreadcrumbList","@id":"https:\/\/neorescue.swiss\/de\/beratung\/#breadcrumb","itemListElement":[{"@type":"ListItem","position":1,"name":"Startseite","item":"https:\/\/neorescue.swiss\/de\/"},{"@type":"ListItem","position":2,"name":"Beratung"}]},{"@type":"WebSite","@id":"https:\/\/neorescue.swiss\/de\/#website","url":"https:\/\/neorescue.swiss\/de\/","name":"NeoRescue","description":"Der neue Weg, um S\u00e4uglinge im Notfall zu retten","potentialAction":[{"@type":"SearchAction","target":{"@type":"EntryPoint","urlTemplate":"https:\/\/neorescue.swiss\/de\/?s={search_term_string}"},"query-input":{"@type":"PropertyValueSpecification","valueRequired":true,"valueName":"search_term_string"}}],"inLanguage":"de"}]}},"_links":{"self":[{"href":"https:\/\/neorescue.swiss\/de\/wp-json\/wp\/v2\/pages\/33","targetHints":{"allow":["GET"]}}],"collection":[{"href":"https:\/\/neorescue.swiss\/de\/wp-json\/wp\/v2\/pages"}],"about":[{"href":"https:\/\/neorescue.swiss\/de\/wp-json\/wp\/v2\/types\/page"}],"author":[{"embeddable":true,"href":"https:\/\/neorescue.swiss\/de\/wp-json\/wp\/v2\/users\/1"}],"replies":[{"embeddable":true,"href":"https:\/\/neorescue.swiss\/de\/wp-json\/wp\/v2\/comments?post=33"}],"version-history":[{"count":4,"href":"https:\/\/neorescue.swiss\/de\/wp-json\/wp\/v2\/pages\/33\/revisions"}],"predecessor-version":[{"id":244,"href":"https:\/\/neorescue.swiss\/de\/wp-json\/wp\/v2\/pages\/33\/revisions\/244"}],"wp:featuredmedia":[{"embeddable":true,"href":"https:\/\/neorescue.swiss\/de\/wp-json\/wp\/v2\/media\/140"}],"wp:attachment":[{"href":"https:\/\/neorescue.swiss\/de\/wp-json\/wp\/v2\/media?parent=33"}],"curies":[{"name":"wp","href":"https:\/\/api.w.org\/{rel}","templated":true}]}}