{"id":45,"date":"2022-12-18T10:10:35","date_gmt":"2022-12-18T10:10:35","guid":{"rendered":"https:\/\/dev.neorescue.swiss\/?page_id=45"},"modified":"2023-02-01T06:44:26","modified_gmt":"2023-02-01T06:44:26","slug":"investoren","status":"publish","type":"page","link":"https:\/\/neorescue.swiss\/de\/organisation\/investoren\/","title":{"rendered":"Investoren"},"content":{"rendered":"<p><div class=\"fusion-fullwidth fullwidth-box fusion-builder-row-1 fusion-flex-container hundred-percent-fullwidth non-hundred-percent-height-scrolling\" style=\"--awb-border-radius-top-left:0px;--awb-border-radius-top-right:0px;--awb-border-radius-bottom-right:0px;--awb-border-radius-bottom-left:0px;--awb-padding-top:0px;--awb-padding-right:0px;--awb-padding-bottom:0px;--awb-padding-left:0px;--awb-flex-wrap:wrap;\" ><div class=\"fusion-builder-row fusion-row fusion-flex-align-items-flex-start fusion-flex-content-wrap\" style=\"width:104% !important;max-width:104% !important;margin-left: calc(-4% \/ 2 );margin-right: calc(-4% \/ 2 );\"><div class=\"fusion-layout-column fusion_builder_column fusion-builder-column-0 fusion_builder_column_1_1 1_1 fusion-flex-column\" style=\"--awb-bg-size:cover;--awb-width-large:100%;--awb-margin-top-large:0px;--awb-spacing-right-large:1.92%;--awb-margin-bottom-large:20px;--awb-spacing-left-large:1.92%;--awb-width-medium:100%;--awb-order-medium:0;--awb-spacing-right-medium:1.92%;--awb-spacing-left-medium:1.92%;--awb-width-small:100%;--awb-order-small:0;--awb-spacing-right-small:1.92%;--awb-spacing-left-small:1.92%;\"><div class=\"fusion-column-wrapper fusion-column-has-shadow fusion-flex-justify-content-flex-start fusion-content-layout-column\">\t\t\t\t\t<div class=\"fusion-slider-container fusion-slider-sc-investoren fusion-slider-9 full-width-slider\" style=\"height:750px; max-width:100%;\" data-id=\"9\" data-full_height=\"\">\n\t\t\t\t\t\t<style type=\"text\/css\">.fusion-slider-9 .flex-direction-nav a {width:63px;height:63px;line-height:63px;font-size:25px;}<\/style>\t\t\t\t\t\t<div class=\"fusion-slider-loading\">Loading...<\/div>\n\t\t\t\t\t\t<div class=\"tfs-slider flexslider main-flex full-width-slider\" data-slider_width=\"100%\" data-slider_height=\"750px\" data-full_screen=\"0\" data-parallax=\"0\" data-nav_arrows=\"0\" data-nav_arrow_size=\"25px\" data-nav_box_width=\"63px\" data-nav_box_height=\"63px\" data-slideshow_speed=\"7000\" data-loop=\"0\" data-autoplay=\"1\" data-orderby=\"date\" data-order=\"DESC\" data-animation=\"fade\" data-animation_speed=\"600\" data-typo_sensitivity=\"1\" data-typo_factor=\"1.5\" style=\"max-width:100%;\">\n\t\t\t\t\t\t\t<ul class=\"slides\">\n\t\t\t\t\t\t\t\t\t\t\t\t\t\t\t\t\t<li data-mute=\"yes\" data-loop=\"yes\" data-autoplay=\"yes\">\n\t\t\t\t\t\t\t\t\t\t<div class=\"slide-content-container slide-content-center\" style=\"display: none;\">\n\t\t\t\t\t\t\t\t\t\t\t<div class=\"slide-content\" style=\"\">\n\t\t\t\t\t\t\t\t\t\t\t\t\t\t\t\t\t\t\t\t\t\t\t\t\t<div class=\"heading with-bg\">\n\t\t\t\t\t\t\t\t\t\t\t\t\t\t<div class=\"fusion-title-sc-wrapper\" style=\"background-color: rgba(0,0,0, 0.4);\">\n\t\t\t\t\t\t\t\t\t\t\t\t\t\t\t<div class=\"fusion-title title fusion-title-1 fusion-sep-none fusion-title-center fusion-title-text fusion-title-size-one\" style=\"--awb-margin-top:0px;--awb-margin-bottom:0px;--awb-font-size:60px;\"><h1 class=\"fusion-title-heading title-heading-center\" style=\"margin:0;text-transform:none;font-size:1em;line-height:80px;\">NeoRescue f\u00fcr Investoren<\/h1><\/div>\t\t\t\t\t\t\t\t\t\t\t\t\t\t<\/div>\n\t\t\t\t\t\t\t\t\t\t\t\t\t<\/div>\n\t\t\t\t\t\t\t\t\t\t\t\t\t\t\t\t\t\t\t\t\t\t\t\t\t\t\t\t\t\t\t\t\t\t\t\t\t\t\t\t\t\t\t\t\t\t\t\t\t<div class=\"buttons\" >\n\t\t\t\t\t\t\t\t\t\t\t\t\t\t\t\t\t\t\t\t\t\t\t\t\t\t\t\t\t\t\t\t\t\t\t\t\t\t\t\t\t<\/div>\n\t\t\t\t\t\t\t\t\t\t\t\t\t\t\t\t\t\t\t\t\t\t\t<\/div>\n\t\t\t\t\t\t\t\t\t\t<\/div>\n\t\t\t\t\t\t\t\t\t\t\t\t\t\t\t\t\t\t\t\t\t\t\t\t\t\t\t\t\t\t\t\t\t\t\t\t\t\t\t\t<div class=\"background background-image\" style=\"background-image: url(https:\/\/neorescue.swiss\/wp-content\/uploads\/2022\/12\/investoren-titelbild-neorescue-1.jpg);max-width:100%;height:750px;filter: progid:DXImageTransform.Microsoft.AlphaImageLoader(src='https:\/\/neorescue.swiss\/wp-content\/uploads\/2022\/12\/investoren-titelbild-neorescue-1.jpg', sizingMethod='scale');\" data-imgwidth=\"1920\">\n\t\t\t\t\t\t\t\t\t\t\t\t\t\t\t\t\t\t\t\t\t\t\t\t\t\t\t\t\t\t\t\t\t\t\t\t\t\t\t\t\t\t\t\t\t\t\t\t\t\t\t\t\t\t\t\t\t\t\t\t\t\t\t\t\t\t<\/div>\n\t\t\t\t\t\t\t\t\t<\/li>\n\t\t\t\t\t\t\t\t\t\t\t\t\t\t\t\t\t\t\t\t\t\t\t<\/ul>\n\t\t\t\t\t\t<\/div>\n\t\t\t\t\t<\/div>\n\t\t\t\t\t\t\t\t<\/div><\/div><\/div><\/div><div class=\"fusion-fullwidth fullwidth-box fusion-builder-row-2 fusion-flex-container image-section content-section nonhundred-percent-fullwidth non-hundred-percent-height-scrolling\" style=\"--awb-border-radius-top-left:0px;--awb-border-radius-top-right:0px;--awb-border-radius-bottom-right:0px;--awb-border-radius-bottom-left:0px;--awb-flex-wrap:wrap;\" ><div class=\"fusion-builder-row fusion-row fusion-flex-align-items-flex-start fusion-flex-content-wrap\" style=\"max-width:1248px;margin-left: calc(-4% \/ 2 );margin-right: calc(-4% \/ 2 );\"><div class=\"fusion-layout-column fusion_builder_column fusion-builder-column-1 fusion_builder_column_1_1 1_1 fusion-flex-column\" style=\"--awb-bg-size:cover;--awb-width-large:100%;--awb-margin-top-large:0px;--awb-spacing-right-large:1.92%;--awb-margin-bottom-large:20px;--awb-spacing-left-large:1.92%;--awb-width-medium:100%;--awb-order-medium:0;--awb-spacing-right-medium:1.92%;--awb-spacing-left-medium:1.92%;--awb-width-small:100%;--awb-order-small:0;--awb-spacing-right-small:1.92%;--awb-spacing-left-small:1.92%;\"><div class=\"fusion-column-wrapper fusion-column-has-shadow fusion-flex-justify-content-flex-start fusion-content-layout-column\"><div class=\"fusion-title title fusion-title-2 fusion-sep-none fusion-title-center fusion-title-text fusion-title-size-two\"><h2 class=\"fusion-title-heading title-heading-center\" style=\"margin:0;text-transform:none;\">Daf\u00fcr ben\u00f6tigen wir Ihre Unterst\u00fctzung<\/h2><\/div><\/div><\/div><div class=\"fusion-layout-column fusion_builder_column fusion-builder-column-2 fusion_builder_column_1_2 1_2 fusion-flex-column\" style=\"--awb-bg-size:cover;--awb-width-large:50%;--awb-margin-top-large:0px;--awb-spacing-right-large:3.84%;--awb-margin-bottom-large:20px;--awb-spacing-left-large:3.84%;--awb-width-medium:50%;--awb-order-medium:0;--awb-spacing-right-medium:3.84%;--awb-spacing-left-medium:3.84%;--awb-width-small:100%;--awb-order-small:0;--awb-spacing-right-small:1.92%;--awb-spacing-left-small:1.92%;\"><div class=\"fusion-column-wrapper fusion-column-has-shadow fusion-flex-justify-content-flex-start fusion-content-layout-column\"><div class=\"fusion-title title fusion-title-3 fusion-sep-none fusion-title-text fusion-title-size-three\"><h3 class=\"fusion-title-heading title-heading-left\" style=\"margin:0;text-transform:none;\">Wir wollen wachsen<\/h3><\/div><div class=\"fusion-text fusion-text-1\"><p>NeoRescue ist ein junges Unternehmen mit Sitz in der Schweiz. Wir verfolgen das Ziel, unsere innovativen Produkte und Beratungsdienstleistungen zur Rettung von S\u00e4uglingen in Notfallsituationen allen medizinischen Organisationen und Rettungskr\u00e4ften weltweit zug\u00e4nglich zu machen.<\/p>\n<p>Damit wir unsere Expansionspl\u00e4ne in die Realit\u00e4t umsetzen k\u00f6nnen, sind wir auf Wachstumskapital angewiesen. Werden Sie Teil des NeoRescue Teams und unterst\u00fctzen Sie uns bei unserem Ziel, die Welt f\u00fcr unsere j\u00fcngsten Mitmenschen sicherer zu machen.<\/p>\n<p>Melden Sie sich gern f\u00fcr einen unverbindlichen Austausch bei uns. Wir freuen uns auf Ihre Kontaktaufnahme!<\/p>\n<\/div><div ><a class=\"fusion-button button-flat fusion-button-default-size button-default fusion-button-default button-1 fusion-button-default-span fusion-button-default-type\" style=\"--button-border-radius-top-left:5px;--button-border-radius-top-right:5px;--button-border-radius-bottom-right:5px;--button-border-radius-bottom-left:5px;\" target=\"_self\" href=\"mailto:david.selinger@neorescue.swiss\"><span class=\"fusion-button-text awb-button__text awb-button__text--default\">Jetzt Kontakt aufnehmen<\/span><\/a><\/div><\/div><\/div><div class=\"fusion-layout-column fusion_builder_column fusion-builder-column-3 fusion_builder_column_1_2 1_2 fusion-flex-column\" style=\"--awb-bg-size:cover;--awb-width-large:50%;--awb-margin-top-large:0px;--awb-spacing-right-large:3.84%;--awb-margin-bottom-large:20px;--awb-spacing-left-large:3.84%;--awb-width-medium:50%;--awb-order-medium:0;--awb-spacing-right-medium:3.84%;--awb-spacing-left-medium:3.84%;--awb-width-small:100%;--awb-order-small:0;--awb-spacing-right-small:1.92%;--awb-spacing-left-small:1.92%;\"><div class=\"fusion-column-wrapper fusion-column-has-shadow fusion-flex-justify-content-flex-start fusion-content-layout-column\"><div class=\"fusion-image-element \" style=\"--awb-caption-title-font-family:var(--h2_typography-font-family);--awb-caption-title-font-weight:var(--h2_typography-font-weight);--awb-caption-title-font-style:var(--h2_typography-font-style);--awb-caption-title-size:var(--h2_typography-font-size);--awb-caption-title-transform:var(--h2_typography-text-transform);--awb-caption-title-line-height:var(--h2_typography-line-height);--awb-caption-title-letter-spacing:var(--h2_typography-letter-spacing);\"><span class=\" fusion-imageframe imageframe-none imageframe-1 hover-type-none\"><img decoding=\"async\" width=\"600\" height=\"400\" title=\"NeoRescue Shooting\" src=\"https:\/\/neorescue.swiss\/wp-content\/uploads\/2022\/12\/neorescue-investoren-1.jpg\" data-orig-src=\"https:\/\/neorescue.swiss\/wp-content\/uploads\/2022\/12\/neorescue-investoren-1-600x400.jpg\" alt class=\"lazyload img-responsive wp-image-246\" srcset=\"data:image\/svg+xml,%3Csvg%20xmlns%3D%27http%3A%2F%2Fwww.w3.org%2F2000%2Fsvg%27%20width%3D%27630%27%20height%3D%27420%27%20viewBox%3D%270%200%20630%20420%27%3E%3Crect%20width%3D%27630%27%20height%3D%27420%27%20fill-opacity%3D%220%22%2F%3E%3C%2Fsvg%3E\" data-srcset=\"https:\/\/neorescue.swiss\/wp-content\/uploads\/2022\/12\/neorescue-investoren-1-200x133.jpg 200w, https:\/\/neorescue.swiss\/wp-content\/uploads\/2022\/12\/neorescue-investoren-1-400x267.jpg 400w, https:\/\/neorescue.swiss\/wp-content\/uploads\/2022\/12\/neorescue-investoren-1-600x400.jpg 600w, https:\/\/neorescue.swiss\/wp-content\/uploads\/2022\/12\/neorescue-investoren-1.jpg 630w\" data-sizes=\"auto\" data-orig-sizes=\"(max-width: 640px) 100vw, 600px\" \/><\/span><\/div><\/div><\/div><\/div><\/div><div class=\"fusion-fullwidth fullwidth-box fusion-builder-row-3 fusion-flex-container has-pattern-background has-mask-background cta-section bg-primary nonhundred-percent-fullwidth non-hundred-percent-height-scrolling\" style=\"--awb-border-radius-top-left:0px;--awb-border-radius-top-right:0px;--awb-border-radius-bottom-right:0px;--awb-border-radius-bottom-left:0px;--awb-flex-wrap:wrap;\" ><div class=\"fusion-builder-row fusion-row fusion-flex-align-items-flex-start fusion-flex-content-wrap\" style=\"max-width:1248px;margin-left: calc(-4% \/ 2 );margin-right: calc(-4% \/ 2 );\"><div class=\"fusion-layout-column fusion_builder_column fusion-builder-column-4 fusion_builder_column_1_1 1_1 fusion-flex-column\" style=\"--awb-bg-size:cover;--awb-width-large:100%;--awb-margin-top-large:0px;--awb-spacing-right-large:1.92%;--awb-margin-bottom-large:20px;--awb-spacing-left-large:1.92%;--awb-width-medium:100%;--awb-order-medium:0;--awb-spacing-right-medium:1.92%;--awb-spacing-left-medium:1.92%;--awb-width-small:100%;--awb-order-small:0;--awb-spacing-right-small:1.92%;--awb-spacing-left-small:1.92%;\"><div class=\"fusion-column-wrapper fusion-column-has-shadow fusion-flex-justify-content-flex-start fusion-content-layout-column\"><div class=\"fusion-title title fusion-title-4 fusion-sep-none fusion-title-center fusion-title-text fusion-title-size-two cta-title\"><h2 class=\"fusion-title-heading title-heading-center\" style=\"margin:0;text-transform:none;\">Ihre Ansprechperson<\/h2><\/div><div class=\"fusion-text fusion-text-2 contact\"><p style=\"text-align: center;\"><strong>David Selinger, CEO<br \/>\n<\/strong><a href=\"tel:+41625521144\">+41 62 552 11 44<\/a><br \/>\n<a href=\"mailto:david.selinger@neorescue.swiss\">david.selinger@neorescue.swiss<\/a><\/p>\n<\/div><\/div><\/div><\/div><\/div><\/p>\n","protected":false},"excerpt":{"rendered":"","protected":false},"author":1,"featured_media":246,"parent":43,"menu_order":0,"comment_status":"closed","ping_status":"closed","template":"100-width.php","meta":{"footnotes":""},"class_list":["post-45","page","type-page","status-publish","has-post-thumbnail","hentry"],"yoast_head":"<!-- This site is optimized with the Yoast SEO plugin v26.2 - https:\/\/yoast.com\/wordpress\/plugins\/seo\/ -->\n<title>So k\u00f6nnen Investoren NeoRescue unterst\u00fctzen<\/title>\n<meta name=\"description\" content=\"NeoRescue ist f\u00fcr das Erreichen seiner Ziele auf Investoren angewiesen. Wie Sie NeoRescue unterst\u00fctzen k\u00f6nnen, erfahren Sie hier.\" \/>\n<meta name=\"robots\" content=\"index, follow, max-snippet:-1, max-image-preview:large, max-video-preview:-1\" \/>\n<link rel=\"canonical\" href=\"https:\/\/neorescue.swiss\/de\/organisation\/investoren\/\" \/>\n<meta property=\"og:locale\" content=\"de_DE\" \/>\n<meta property=\"og:type\" content=\"article\" \/>\n<meta property=\"og:title\" content=\"So k\u00f6nnen Investoren NeoRescue unterst\u00fctzen\" \/>\n<meta property=\"og:description\" content=\"NeoRescue ist f\u00fcr das Erreichen seiner Ziele auf Investoren angewiesen. Wie Sie NeoRescue unterst\u00fctzen k\u00f6nnen, erfahren Sie hier.\" \/>\n<meta property=\"og:url\" content=\"https:\/\/neorescue.swiss\/de\/organisation\/investoren\/\" \/>\n<meta property=\"og:site_name\" content=\"NeoRescue\" \/>\n<meta property=\"article:modified_time\" content=\"2023-02-01T06:44:26+00:00\" \/>\n<meta property=\"og:image\" content=\"https:\/\/neorescue.swiss\/wp-content\/uploads\/2022\/12\/neorescue-investoren-1.jpg\" \/>\n\t<meta property=\"og:image:width\" content=\"630\" \/>\n\t<meta property=\"og:image:height\" content=\"420\" \/>\n\t<meta property=\"og:image:type\" content=\"image\/jpeg\" \/>\n<meta name=\"twitter:card\" content=\"summary_large_image\" \/>\n<meta name=\"twitter:label1\" content=\"Gesch\u00e4tzte Lesezeit\" \/>\n\t<meta name=\"twitter:data1\" content=\"7\u00a0Minuten\" \/>\n<script type=\"application\/ld+json\" class=\"yoast-schema-graph\">{\"@context\":\"https:\/\/schema.org\",\"@graph\":[{\"@type\":\"WebPage\",\"@id\":\"https:\/\/neorescue.swiss\/de\/organisation\/investoren\/\",\"url\":\"https:\/\/neorescue.swiss\/de\/organisation\/investoren\/\",\"name\":\"So k\u00f6nnen Investoren NeoRescue unterst\u00fctzen\",\"isPartOf\":{\"@id\":\"https:\/\/neorescue.swiss\/de\/#website\"},\"primaryImageOfPage\":{\"@id\":\"https:\/\/neorescue.swiss\/de\/organisation\/investoren\/#primaryimage\"},\"image\":{\"@id\":\"https:\/\/neorescue.swiss\/de\/organisation\/investoren\/#primaryimage\"},\"thumbnailUrl\":\"https:\/\/neorescue.swiss\/wp-content\/uploads\/2022\/12\/neorescue-investoren-1.jpg\",\"datePublished\":\"2022-12-18T10:10:35+00:00\",\"dateModified\":\"2023-02-01T06:44:26+00:00\",\"description\":\"NeoRescue ist f\u00fcr das Erreichen seiner Ziele auf Investoren angewiesen. Wie Sie NeoRescue unterst\u00fctzen k\u00f6nnen, erfahren Sie hier.\",\"breadcrumb\":{\"@id\":\"https:\/\/neorescue.swiss\/de\/organisation\/investoren\/#breadcrumb\"},\"inLanguage\":\"de\",\"potentialAction\":[{\"@type\":\"ReadAction\",\"target\":[\"https:\/\/neorescue.swiss\/de\/organisation\/investoren\/\"]}]},{\"@type\":\"ImageObject\",\"inLanguage\":\"de\",\"@id\":\"https:\/\/neorescue.swiss\/de\/organisation\/investoren\/#primaryimage\",\"url\":\"https:\/\/neorescue.swiss\/wp-content\/uploads\/2022\/12\/neorescue-investoren-1.jpg\",\"contentUrl\":\"https:\/\/neorescue.swiss\/wp-content\/uploads\/2022\/12\/neorescue-investoren-1.jpg\",\"width\":630,\"height\":420,\"caption\":\"NeoRescue Shooting\"},{\"@type\":\"BreadcrumbList\",\"@id\":\"https:\/\/neorescue.swiss\/de\/organisation\/investoren\/#breadcrumb\",\"itemListElement\":[{\"@type\":\"ListItem\",\"position\":1,\"name\":\"Startseite\",\"item\":\"https:\/\/neorescue.swiss\/de\/\"},{\"@type\":\"ListItem\",\"position\":2,\"name\":\"Organisation\",\"item\":\"https:\/\/neorescue.swiss\/de\/organisation\/\"},{\"@type\":\"ListItem\",\"position\":3,\"name\":\"Investoren\"}]},{\"@type\":\"WebSite\",\"@id\":\"https:\/\/neorescue.swiss\/de\/#website\",\"url\":\"https:\/\/neorescue.swiss\/de\/\",\"name\":\"NeoRescue\",\"description\":\"Der neue Weg, um S\u00e4uglinge im Notfall zu retten\",\"potentialAction\":[{\"@type\":\"SearchAction\",\"target\":{\"@type\":\"EntryPoint\",\"urlTemplate\":\"https:\/\/neorescue.swiss\/de\/?s={search_term_string}\"},\"query-input\":{\"@type\":\"PropertyValueSpecification\",\"valueRequired\":true,\"valueName\":\"search_term_string\"}}],\"inLanguage\":\"de\"}]}<\/script>\n<!-- \/ Yoast SEO plugin. -->","yoast_head_json":{"title":"So k\u00f6nnen Investoren NeoRescue unterst\u00fctzen","description":"NeoRescue ist f\u00fcr das Erreichen seiner Ziele auf Investoren angewiesen. Wie Sie NeoRescue unterst\u00fctzen k\u00f6nnen, erfahren Sie hier.","robots":{"index":"index","follow":"follow","max-snippet":"max-snippet:-1","max-image-preview":"max-image-preview:large","max-video-preview":"max-video-preview:-1"},"canonical":"https:\/\/neorescue.swiss\/de\/organisation\/investoren\/","og_locale":"de_DE","og_type":"article","og_title":"So k\u00f6nnen Investoren NeoRescue unterst\u00fctzen","og_description":"NeoRescue ist f\u00fcr das Erreichen seiner Ziele auf Investoren angewiesen. Wie Sie NeoRescue unterst\u00fctzen k\u00f6nnen, erfahren Sie hier.","og_url":"https:\/\/neorescue.swiss\/de\/organisation\/investoren\/","og_site_name":"NeoRescue","article_modified_time":"2023-02-01T06:44:26+00:00","og_image":[{"width":630,"height":420,"url":"https:\/\/neorescue.swiss\/wp-content\/uploads\/2022\/12\/neorescue-investoren-1.jpg","type":"image\/jpeg"}],"twitter_card":"summary_large_image","twitter_misc":{"Gesch\u00e4tzte Lesezeit":"7\u00a0Minuten"},"schema":{"@context":"https:\/\/schema.org","@graph":[{"@type":"WebPage","@id":"https:\/\/neorescue.swiss\/de\/organisation\/investoren\/","url":"https:\/\/neorescue.swiss\/de\/organisation\/investoren\/","name":"So k\u00f6nnen Investoren NeoRescue unterst\u00fctzen","isPartOf":{"@id":"https:\/\/neorescue.swiss\/de\/#website"},"primaryImageOfPage":{"@id":"https:\/\/neorescue.swiss\/de\/organisation\/investoren\/#primaryimage"},"image":{"@id":"https:\/\/neorescue.swiss\/de\/organisation\/investoren\/#primaryimage"},"thumbnailUrl":"https:\/\/neorescue.swiss\/wp-content\/uploads\/2022\/12\/neorescue-investoren-1.jpg","datePublished":"2022-12-18T10:10:35+00:00","dateModified":"2023-02-01T06:44:26+00:00","description":"NeoRescue ist f\u00fcr das Erreichen seiner Ziele auf Investoren angewiesen. Wie Sie NeoRescue unterst\u00fctzen k\u00f6nnen, erfahren Sie hier.","breadcrumb":{"@id":"https:\/\/neorescue.swiss\/de\/organisation\/investoren\/#breadcrumb"},"inLanguage":"de","potentialAction":[{"@type":"ReadAction","target":["https:\/\/neorescue.swiss\/de\/organisation\/investoren\/"]}]},{"@type":"ImageObject","inLanguage":"de","@id":"https:\/\/neorescue.swiss\/de\/organisation\/investoren\/#primaryimage","url":"https:\/\/neorescue.swiss\/wp-content\/uploads\/2022\/12\/neorescue-investoren-1.jpg","contentUrl":"https:\/\/neorescue.swiss\/wp-content\/uploads\/2022\/12\/neorescue-investoren-1.jpg","width":630,"height":420,"caption":"NeoRescue Shooting"},{"@type":"BreadcrumbList","@id":"https:\/\/neorescue.swiss\/de\/organisation\/investoren\/#breadcrumb","itemListElement":[{"@type":"ListItem","position":1,"name":"Startseite","item":"https:\/\/neorescue.swiss\/de\/"},{"@type":"ListItem","position":2,"name":"Organisation","item":"https:\/\/neorescue.swiss\/de\/organisation\/"},{"@type":"ListItem","position":3,"name":"Investoren"}]},{"@type":"WebSite","@id":"https:\/\/neorescue.swiss\/de\/#website","url":"https:\/\/neorescue.swiss\/de\/","name":"NeoRescue","description":"Der neue Weg, um S\u00e4uglinge im Notfall zu retten","potentialAction":[{"@type":"SearchAction","target":{"@type":"EntryPoint","urlTemplate":"https:\/\/neorescue.swiss\/de\/?s={search_term_string}"},"query-input":{"@type":"PropertyValueSpecification","valueRequired":true,"valueName":"search_term_string"}}],"inLanguage":"de"}]}},"_links":{"self":[{"href":"https:\/\/neorescue.swiss\/de\/wp-json\/wp\/v2\/pages\/45","targetHints":{"allow":["GET"]}}],"collection":[{"href":"https:\/\/neorescue.swiss\/de\/wp-json\/wp\/v2\/pages"}],"about":[{"href":"https:\/\/neorescue.swiss\/de\/wp-json\/wp\/v2\/types\/page"}],"author":[{"embeddable":true,"href":"https:\/\/neorescue.swiss\/de\/wp-json\/wp\/v2\/users\/1"}],"replies":[{"embeddable":true,"href":"https:\/\/neorescue.swiss\/de\/wp-json\/wp\/v2\/comments?post=45"}],"version-history":[{"count":10,"href":"https:\/\/neorescue.swiss\/de\/wp-json\/wp\/v2\/pages\/45\/revisions"}],"predecessor-version":[{"id":259,"href":"https:\/\/neorescue.swiss\/de\/wp-json\/wp\/v2\/pages\/45\/revisions\/259"}],"up":[{"embeddable":true,"href":"https:\/\/neorescue.swiss\/de\/wp-json\/wp\/v2\/pages\/43"}],"wp:featuredmedia":[{"embeddable":true,"href":"https:\/\/neorescue.swiss\/de\/wp-json\/wp\/v2\/media\/246"}],"wp:attachment":[{"href":"https:\/\/neorescue.swiss\/de\/wp-json\/wp\/v2\/media?parent=45"}],"curies":[{"name":"wp","href":"https:\/\/api.w.org\/{rel}","templated":true}]}}