{"id":1899,"date":"2022-12-18T10:07:53","date_gmt":"2022-12-18T10:07:53","guid":{"rendered":"https:\/\/dev.neorescue.swiss\/asesoria\/"},"modified":"2023-02-01T08:07:32","modified_gmt":"2023-02-01T08:07:32","slug":"asesoria","status":"publish","type":"page","link":"https:\/\/neorescue.swiss\/es\/asesoria\/","title":{"rendered":"Asesor\u00eda"},"content":{"rendered":"<p><div class=\"fusion-fullwidth fullwidth-box fusion-builder-row-1 fusion-flex-container image-section content-section nonhundred-percent-fullwidth non-hundred-percent-height-scrolling\" style=\"--awb-border-radius-top-left:0px;--awb-border-radius-top-right:0px;--awb-border-radius-bottom-right:0px;--awb-border-radius-bottom-left:0px;--awb-flex-wrap:wrap;\" ><div class=\"fusion-builder-row fusion-row fusion-flex-align-items-flex-start fusion-flex-content-wrap\" style=\"max-width:1248px;margin-left: calc(-4% \/ 2 );margin-right: calc(-4% \/ 2 );\"><div class=\"fusion-layout-column fusion_builder_column fusion-builder-column-0 fusion_builder_column_1_1 1_1 fusion-flex-column\" style=\"--awb-bg-size:cover;--awb-width-large:100%;--awb-margin-top-large:0px;--awb-spacing-right-large:1.92%;--awb-margin-bottom-large:20px;--awb-spacing-left-large:1.92%;--awb-width-medium:100%;--awb-order-medium:0;--awb-spacing-right-medium:1.92%;--awb-spacing-left-medium:1.92%;--awb-width-small:100%;--awb-order-small:0;--awb-spacing-right-small:1.92%;--awb-spacing-left-small:1.92%;\"><div class=\"fusion-column-wrapper fusion-column-has-shadow fusion-flex-justify-content-flex-start fusion-content-layout-column\"><div class=\"fusion-title title fusion-title-1 fusion-sep-none fusion-title-center fusion-title-text fusion-title-size-one\"><h1 class=\"fusion-title-heading title-heading-center\" style=\"margin:0;text-transform:none;\">Nuestra offerta de asesoramiento<\/h1><\/div><div class=\"fusion-text fusion-text-1\"><p style=\"text-align: center;\">Asistimos a nuestros clientes y socios con una amplia gama de ofertas de asesoramiento. Podemos proporcionarle asesoramiento sobre la evacuaci\u00f3n y simulacros adaptados individualmente a sus necesidades. Adem\u00e1s, le ofrecemos formaci\u00f3n sobre los productos y eventos informativos, as\u00ed como contratos de mantenimiento. Nuestros conocimientos t\u00e9cnicos y nuestra experiencia nos permiten brindarle un acompa\u00f1amiento \u00f3ptimo.<\/p>\n<\/div><\/div><\/div><\/div><\/div><div class=\"fusion-fullwidth fullwidth-box fusion-builder-row-2 fusion-flex-container has-pattern-background has-mask-background image-section content-section nonhundred-percent-fullwidth non-hundred-percent-height-scrolling\" style=\"--awb-border-radius-top-left:0px;--awb-border-radius-top-right:0px;--awb-border-radius-bottom-right:0px;--awb-border-radius-bottom-left:0px;--awb-flex-wrap:wrap;\" ><div class=\"fusion-builder-row fusion-row fusion-flex-align-items-flex-start fusion-flex-content-wrap\" style=\"max-width:1248px;margin-left: calc(-4% \/ 2 );margin-right: calc(-4% \/ 2 );\"><div class=\"fusion-layout-column fusion_builder_column fusion-builder-column-1 fusion_builder_column_1_1 1_1 fusion-flex-column\" style=\"--awb-bg-size:cover;--awb-width-large:100%;--awb-margin-top-large:0px;--awb-spacing-right-large:1.92%;--awb-margin-bottom-large:20px;--awb-spacing-left-large:1.92%;--awb-width-medium:100%;--awb-order-medium:0;--awb-spacing-right-medium:1.92%;--awb-spacing-left-medium:1.92%;--awb-width-small:100%;--awb-order-small:0;--awb-spacing-right-small:1.92%;--awb-spacing-left-small:1.92%;\"><div class=\"fusion-column-wrapper fusion-column-has-shadow fusion-flex-justify-content-flex-start fusion-content-layout-column\"><div class=\"fusion-title title fusion-title-2 fusion-sep-none fusion-title-center fusion-title-text fusion-title-size-two\"><h2 class=\"fusion-title-heading title-heading-center\" style=\"margin:0;text-transform:none;\">Benef\u00edciese de nuestra experiencia<\/h2><\/div><\/div><\/div><div class=\"fusion-layout-column fusion_builder_column fusion-builder-column-2 fusion_builder_column_1_2 1_2 fusion-flex-column\" style=\"--awb-bg-size:cover;--awb-width-large:50%;--awb-margin-top-large:0px;--awb-spacing-right-large:3.84%;--awb-margin-bottom-large:20px;--awb-spacing-left-large:3.84%;--awb-width-medium:50%;--awb-order-medium:0;--awb-spacing-right-medium:3.84%;--awb-spacing-left-medium:3.84%;--awb-width-small:100%;--awb-order-small:0;--awb-spacing-right-small:1.92%;--awb-spacing-left-small:1.92%;\"><div class=\"fusion-column-wrapper fusion-column-has-shadow fusion-flex-justify-content-flex-start fusion-content-layout-column\"><div class=\"fusion-image-element \" style=\"--awb-caption-title-font-family:var(--h2_typography-font-family);--awb-caption-title-font-weight:var(--h2_typography-font-weight);--awb-caption-title-font-style:var(--h2_typography-font-style);--awb-caption-title-size:var(--h2_typography-font-size);--awb-caption-title-transform:var(--h2_typography-text-transform);--awb-caption-title-line-height:var(--h2_typography-line-height);--awb-caption-title-letter-spacing:var(--h2_typography-letter-spacing);\"><span class=\" fusion-imageframe imageframe-none imageframe-1 hover-type-none\"><img decoding=\"async\" width=\"600\" height=\"400\" title=\"NeoRescue Shooting\" src=\"https:\/\/neorescue.swiss\/wp-content\/uploads\/2022\/12\/produkteschulung-2.jpg\" data-orig-src=\"https:\/\/neorescue.swiss\/wp-content\/uploads\/2022\/12\/produkteschulung-2-600x400.jpg\" alt class=\"lazyload img-responsive wp-image-589\" srcset=\"data:image\/svg+xml,%3Csvg%20xmlns%3D%27http%3A%2F%2Fwww.w3.org%2F2000%2Fsvg%27%20width%3D%271500%27%20height%3D%271000%27%20viewBox%3D%270%200%201500%201000%27%3E%3Crect%20width%3D%271500%27%20height%3D%271000%27%20fill-opacity%3D%220%22%2F%3E%3C%2Fsvg%3E\" data-srcset=\"https:\/\/neorescue.swiss\/wp-content\/uploads\/2022\/12\/produkteschulung-2-200x133.jpg 200w, https:\/\/neorescue.swiss\/wp-content\/uploads\/2022\/12\/produkteschulung-2-400x267.jpg 400w, https:\/\/neorescue.swiss\/wp-content\/uploads\/2022\/12\/produkteschulung-2-600x400.jpg 600w, https:\/\/neorescue.swiss\/wp-content\/uploads\/2022\/12\/produkteschulung-2-800x533.jpg 800w, https:\/\/neorescue.swiss\/wp-content\/uploads\/2022\/12\/produkteschulung-2-1200x800.jpg 1200w, https:\/\/neorescue.swiss\/wp-content\/uploads\/2022\/12\/produkteschulung-2.jpg 1500w\" data-sizes=\"auto\" data-orig-sizes=\"(max-width: 640px) 100vw, 600px\" \/><\/span><\/div><div class=\"fusion-title title fusion-title-3 fusion-sep-none fusion-title-center fusion-title-text fusion-title-size-three\"><h3 class=\"fusion-title-heading title-heading-center\" style=\"margin:0;text-transform:none;\">Formaci\u00f3n sobre el producto<\/h3><\/div><div class=\"fusion-text fusion-text-2\"><p style=\"text-align: center;\">Para asegurar que las Lifebox sean usadas correctamente en caso de emergencia, ofrecemos cursos de formaci\u00f3n para trabajadores del sector sanitario.<\/p>\n<\/div><div style=\"text-align:center;\"><a class=\"fusion-button button-flat fusion-button-default-size button-default fusion-button-default button-1 fusion-button-default-span fusion-button-default-type\" style=\"--button-border-radius-top-left:5px;--button-border-radius-top-right:5px;--button-border-radius-bottom-right:5px;--button-border-radius-bottom-left:5px;\" target=\"_self\" href=\"https:\/\/neorescue.swiss\/es\/asesoria\/formacion-sobre-el-producto\/\"><span class=\"fusion-button-text awb-button__text awb-button__text--default\">Ir a la formaci\u00f3n sobre el producto<\/span><\/a><\/div><\/div><\/div><div class=\"fusion-layout-column fusion_builder_column fusion-builder-column-3 fusion_builder_column_1_2 1_2 fusion-flex-column\" style=\"--awb-bg-size:cover;--awb-width-large:50%;--awb-margin-top-large:0px;--awb-spacing-right-large:3.84%;--awb-margin-bottom-large:20px;--awb-spacing-left-large:3.84%;--awb-width-medium:50%;--awb-order-medium:0;--awb-spacing-right-medium:3.84%;--awb-spacing-left-medium:3.84%;--awb-width-small:100%;--awb-order-small:0;--awb-spacing-right-small:1.92%;--awb-spacing-left-small:1.92%;\"><div class=\"fusion-column-wrapper fusion-column-has-shadow fusion-flex-justify-content-flex-start fusion-content-layout-column\"><div class=\"fusion-image-element \" style=\"--awb-caption-title-font-family:var(--h2_typography-font-family);--awb-caption-title-font-weight:var(--h2_typography-font-weight);--awb-caption-title-font-style:var(--h2_typography-font-style);--awb-caption-title-size:var(--h2_typography-font-size);--awb-caption-title-transform:var(--h2_typography-text-transform);--awb-caption-title-line-height:var(--h2_typography-line-height);--awb-caption-title-letter-spacing:var(--h2_typography-letter-spacing);\"><span class=\" fusion-imageframe imageframe-none imageframe-2 hover-type-none\"><img decoding=\"async\" width=\"600\" height=\"400\" title=\"NeoRescue Shooting\" src=\"https:\/\/neorescue.swiss\/wp-content\/uploads\/2022\/12\/neorescue-input-1.jpg\" data-orig-src=\"https:\/\/neorescue.swiss\/wp-content\/uploads\/2022\/12\/neorescue-input-1-600x400.jpg\" alt class=\"lazyload img-responsive wp-image-649\" srcset=\"data:image\/svg+xml,%3Csvg%20xmlns%3D%27http%3A%2F%2Fwww.w3.org%2F2000%2Fsvg%27%20width%3D%27640%27%20height%3D%27427%27%20viewBox%3D%270%200%20640%20427%27%3E%3Crect%20width%3D%27640%27%20height%3D%27427%27%20fill-opacity%3D%220%22%2F%3E%3C%2Fsvg%3E\" data-srcset=\"https:\/\/neorescue.swiss\/wp-content\/uploads\/2022\/12\/neorescue-input-1-200x133.jpg 200w, https:\/\/neorescue.swiss\/wp-content\/uploads\/2022\/12\/neorescue-input-1-400x267.jpg 400w, https:\/\/neorescue.swiss\/wp-content\/uploads\/2022\/12\/neorescue-input-1-600x400.jpg 600w, https:\/\/neorescue.swiss\/wp-content\/uploads\/2022\/12\/neorescue-input-1.jpg 640w\" data-sizes=\"auto\" data-orig-sizes=\"(max-width: 640px) 100vw, 600px\" \/><\/span><\/div><div class=\"fusion-title title fusion-title-4 fusion-sep-none fusion-title-center fusion-title-text fusion-title-size-three\"><h3 class=\"fusion-title-heading title-heading-center\" style=\"margin:0;text-transform:none;\">Evento informativo<\/h3><\/div><div class=\"fusion-text fusion-text-3\"><p style=\"text-align: center;\">En el marco de nuestro evento informativo le proporcionamos valiosa informaci\u00f3n y consejos para la aplicaci\u00f3n pr\u00e1ctica en los \u00e1mbitos de seguridad, protecci\u00f3n contra incendios y evacuaci\u00f3n.<\/p>\n<\/div><div style=\"text-align:center;\"><a class=\"fusion-button button-flat fusion-button-default-size button-default fusion-button-default button-2 fusion-button-default-span fusion-button-default-type\" style=\"--button-border-radius-top-left:5px;--button-border-radius-top-right:5px;--button-border-radius-bottom-right:5px;--button-border-radius-bottom-left:5px;\" target=\"_self\" href=\"https:\/\/neorescue.swiss\/es\/asesoria\/evento-informativo\/\"><span class=\"fusion-button-text awb-button__text awb-button__text--default\">Ir al evento informativo<\/span><\/a><\/div><\/div><\/div><div class=\"fusion-layout-column fusion_builder_column fusion-builder-column-4 fusion_builder_column_1_2 1_2 fusion-flex-column\" style=\"--awb-bg-size:cover;--awb-width-large:50%;--awb-margin-top-large:0px;--awb-spacing-right-large:3.84%;--awb-margin-bottom-large:20px;--awb-spacing-left-large:3.84%;--awb-width-medium:50%;--awb-order-medium:0;--awb-spacing-right-medium:3.84%;--awb-spacing-left-medium:3.84%;--awb-width-small:100%;--awb-order-small:0;--awb-spacing-right-small:1.92%;--awb-spacing-left-small:1.92%;\"><div class=\"fusion-column-wrapper fusion-column-has-shadow fusion-flex-justify-content-flex-start fusion-content-layout-column\"><div class=\"fusion-image-element \" style=\"--awb-caption-title-font-family:var(--h2_typography-font-family);--awb-caption-title-font-weight:var(--h2_typography-font-weight);--awb-caption-title-font-style:var(--h2_typography-font-style);--awb-caption-title-size:var(--h2_typography-font-size);--awb-caption-title-transform:var(--h2_typography-text-transform);--awb-caption-title-line-height:var(--h2_typography-line-height);--awb-caption-title-letter-spacing:var(--h2_typography-letter-spacing);\"><span class=\" fusion-imageframe imageframe-none imageframe-3 hover-type-none\"><img decoding=\"async\" width=\"600\" height=\"400\" title=\"NeoRescue Shooting\" src=\"https:\/\/neorescue.swiss\/wp-content\/uploads\/2022\/12\/evakuationsberatung-2.jpg\" data-orig-src=\"https:\/\/neorescue.swiss\/wp-content\/uploads\/2022\/12\/evakuationsberatung-2-600x400.jpg\" alt class=\"lazyload img-responsive wp-image-645\" srcset=\"data:image\/svg+xml,%3Csvg%20xmlns%3D%27http%3A%2F%2Fwww.w3.org%2F2000%2Fsvg%27%20width%3D%271500%27%20height%3D%271000%27%20viewBox%3D%270%200%201500%201000%27%3E%3Crect%20width%3D%271500%27%20height%3D%271000%27%20fill-opacity%3D%220%22%2F%3E%3C%2Fsvg%3E\" data-srcset=\"https:\/\/neorescue.swiss\/wp-content\/uploads\/2022\/12\/evakuationsberatung-2-200x133.jpg 200w, https:\/\/neorescue.swiss\/wp-content\/uploads\/2022\/12\/evakuationsberatung-2-400x267.jpg 400w, https:\/\/neorescue.swiss\/wp-content\/uploads\/2022\/12\/evakuationsberatung-2-600x400.jpg 600w, https:\/\/neorescue.swiss\/wp-content\/uploads\/2022\/12\/evakuationsberatung-2-800x533.jpg 800w, https:\/\/neorescue.swiss\/wp-content\/uploads\/2022\/12\/evakuationsberatung-2-1200x800.jpg 1200w, https:\/\/neorescue.swiss\/wp-content\/uploads\/2022\/12\/evakuationsberatung-2.jpg 1500w\" data-sizes=\"auto\" data-orig-sizes=\"(max-width: 640px) 100vw, 600px\" \/><\/span><\/div><div class=\"fusion-title title fusion-title-5 fusion-sep-none fusion-title-center fusion-title-text fusion-title-size-three\"><h3 class=\"fusion-title-heading title-heading-center\" style=\"margin:0;text-transform:none;\">Asesoramiento sobre la evacuaci\u00f3n<\/h3><\/div><div class=\"fusion-text fusion-text-4\"><p style=\"text-align: center;\">Ayudamos a los hospitales y las cl\u00ednicas en la planificaci\u00f3n de la evacuaci\u00f3n y la manera de afrontar todo el suceso, desde la alerta hasta el momento de reanudar el funcionamiento cotidiano.<\/p>\n<\/div><div style=\"text-align:center;\"><a class=\"fusion-button button-flat fusion-button-default-size button-default fusion-button-default button-3 fusion-button-default-span fusion-button-default-type\" style=\"--button-border-radius-top-left:5px;--button-border-radius-top-right:5px;--button-border-radius-bottom-right:5px;--button-border-radius-bottom-left:5px;\" target=\"_self\" href=\"https:\/\/neorescue.swiss\/es\/asesoria\/asesoramiento-sobre-la-evacuacion\/\"><span class=\"fusion-button-text awb-button__text awb-button__text--default\">Ir al asesoramiento sobre la evacuaci\u00f3n<\/span><\/a><\/div><\/div><\/div><div class=\"fusion-layout-column fusion_builder_column fusion-builder-column-5 fusion_builder_column_1_2 1_2 fusion-flex-column\" style=\"--awb-bg-size:cover;--awb-width-large:50%;--awb-margin-top-large:0px;--awb-spacing-right-large:3.84%;--awb-margin-bottom-large:20px;--awb-spacing-left-large:3.84%;--awb-width-medium:50%;--awb-order-medium:0;--awb-spacing-right-medium:3.84%;--awb-spacing-left-medium:3.84%;--awb-width-small:100%;--awb-order-small:0;--awb-spacing-right-small:1.92%;--awb-spacing-left-small:1.92%;\"><div class=\"fusion-column-wrapper fusion-column-has-shadow fusion-flex-justify-content-flex-start fusion-content-layout-column\"><div class=\"fusion-image-element \" style=\"--awb-caption-title-font-family:var(--h2_typography-font-family);--awb-caption-title-font-weight:var(--h2_typography-font-weight);--awb-caption-title-font-style:var(--h2_typography-font-style);--awb-caption-title-size:var(--h2_typography-font-size);--awb-caption-title-transform:var(--h2_typography-text-transform);--awb-caption-title-line-height:var(--h2_typography-line-height);--awb-caption-title-letter-spacing:var(--h2_typography-letter-spacing);\"><span class=\" fusion-imageframe imageframe-none imageframe-4 hover-type-none\"><img decoding=\"async\" width=\"600\" height=\"400\" title=\"NeoRescue Shooting\" src=\"https:\/\/neorescue.swiss\/wp-content\/uploads\/2022\/12\/neorescue-einsatzuebung-1.jpg\" data-orig-src=\"https:\/\/neorescue.swiss\/wp-content\/uploads\/2022\/12\/neorescue-einsatzuebung-1-600x400.jpg\" alt class=\"lazyload img-responsive wp-image-577\" srcset=\"data:image\/svg+xml,%3Csvg%20xmlns%3D%27http%3A%2F%2Fwww.w3.org%2F2000%2Fsvg%27%20width%3D%27640%27%20height%3D%27427%27%20viewBox%3D%270%200%20640%20427%27%3E%3Crect%20width%3D%27640%27%20height%3D%27427%27%20fill-opacity%3D%220%22%2F%3E%3C%2Fsvg%3E\" data-srcset=\"https:\/\/neorescue.swiss\/wp-content\/uploads\/2022\/12\/neorescue-einsatzuebung-1-200x133.jpg 200w, https:\/\/neorescue.swiss\/wp-content\/uploads\/2022\/12\/neorescue-einsatzuebung-1-400x267.jpg 400w, https:\/\/neorescue.swiss\/wp-content\/uploads\/2022\/12\/neorescue-einsatzuebung-1-600x400.jpg 600w, https:\/\/neorescue.swiss\/wp-content\/uploads\/2022\/12\/neorescue-einsatzuebung-1.jpg 640w\" data-sizes=\"auto\" data-orig-sizes=\"(max-width: 640px) 100vw, 600px\" \/><\/span><\/div><div class=\"fusion-title title fusion-title-6 fusion-sep-none fusion-title-center fusion-title-text fusion-title-size-three\"><h3 class=\"fusion-title-heading title-heading-center\" style=\"margin:0;text-transform:none;\">Simulacros<\/h3><\/div><div class=\"fusion-text fusion-text-5\"><p style=\"text-align: center;\">Planificamos y organizamos simulacros, incluyendo la sesi\u00f3n final de balance y el an\u00e1lisis de riesgos, a requerimiento tambi\u00e9n en cooperaci\u00f3n con cuerpos de bomberos o instituciones similares.<\/p>\n<\/div><div style=\"text-align:center;\"><a class=\"fusion-button button-flat fusion-button-default-size button-default fusion-button-default button-4 fusion-button-default-span fusion-button-default-type\" style=\"--button-border-radius-top-left:5px;--button-border-radius-top-right:5px;--button-border-radius-bottom-right:5px;--button-border-radius-bottom-left:5px;\" target=\"_self\" href=\"https:\/\/neorescue.swiss\/es\/asesoria\/simulacros\/\"><span class=\"fusion-button-text awb-button__text awb-button__text--default\">Ir a los simulacros<\/span><\/a><\/div><\/div><\/div><\/div><\/div><\/p>\n","protected":false},"excerpt":{"rendered":"","protected":false},"author":1,"featured_media":573,"parent":0,"menu_order":0,"comment_status":"closed","ping_status":"closed","template":"","meta":{"footnotes":""},"class_list":["post-1899","page","type-page","status-publish","has-post-thumbnail","hentry"],"yoast_head":"<!-- This site is optimized with the Yoast SEO plugin v26.2 - https:\/\/yoast.com\/wordpress\/plugins\/seo\/ -->\n<title>Resumen de los servicios de asesoramiento de NeoRescue<\/title>\n<meta name=\"description\" content=\"NeoRescue ofrece formaci\u00f3n sobre el producto, eventos iinformativos, asesoramientos sobre la evacuaci\u00f3n y simulacros.\" \/>\n<meta name=\"robots\" content=\"index, follow, max-snippet:-1, max-image-preview:large, max-video-preview:-1\" \/>\n<link rel=\"canonical\" href=\"https:\/\/neorescue.swiss\/es\/asesoria\/\" \/>\n<meta property=\"og:locale\" content=\"es_ES\" \/>\n<meta property=\"og:type\" content=\"article\" \/>\n<meta property=\"og:title\" content=\"Resumen de los servicios de asesoramiento de NeoRescue\" \/>\n<meta property=\"og:description\" content=\"NeoRescue ofrece formaci\u00f3n sobre el producto, eventos iinformativos, asesoramientos sobre la evacuaci\u00f3n y simulacros.\" \/>\n<meta property=\"og:url\" content=\"https:\/\/neorescue.swiss\/es\/asesoria\/\" \/>\n<meta property=\"og:site_name\" content=\"NeoRescue\" \/>\n<meta property=\"article:modified_time\" content=\"2023-02-01T08:07:32+00:00\" \/>\n<meta property=\"og:image\" content=\"https:\/\/neorescue.swiss\/wp-content\/uploads\/2022\/12\/neorescue-evakuation-1.jpg\" \/>\n\t<meta property=\"og:image:width\" content=\"640\" \/>\n\t<meta property=\"og:image:height\" content=\"427\" \/>\n\t<meta property=\"og:image:type\" content=\"image\/jpeg\" \/>\n<meta name=\"twitter:card\" content=\"summary_large_image\" \/>\n<meta name=\"twitter:label1\" content=\"Tiempo de lectura\" \/>\n\t<meta name=\"twitter:data1\" content=\"25 minutos\" \/>\n<script type=\"application\/ld+json\" class=\"yoast-schema-graph\">{\"@context\":\"https:\/\/schema.org\",\"@graph\":[{\"@type\":\"WebPage\",\"@id\":\"https:\/\/neorescue.swiss\/es\/asesoria\/\",\"url\":\"https:\/\/neorescue.swiss\/es\/asesoria\/\",\"name\":\"Resumen de los servicios de asesoramiento de NeoRescue\",\"isPartOf\":{\"@id\":\"https:\/\/neorescue.swiss\/es\/#website\"},\"primaryImageOfPage\":{\"@id\":\"https:\/\/neorescue.swiss\/es\/asesoria\/#primaryimage\"},\"image\":{\"@id\":\"https:\/\/neorescue.swiss\/es\/asesoria\/#primaryimage\"},\"thumbnailUrl\":\"https:\/\/neorescue.swiss\/wp-content\/uploads\/2022\/12\/neorescue-evakuation-1.jpg\",\"datePublished\":\"2022-12-18T10:07:53+00:00\",\"dateModified\":\"2023-02-01T08:07:32+00:00\",\"description\":\"NeoRescue ofrece formaci\u00f3n sobre el producto, eventos iinformativos, asesoramientos sobre la evacuaci\u00f3n y simulacros.\",\"breadcrumb\":{\"@id\":\"https:\/\/neorescue.swiss\/es\/asesoria\/#breadcrumb\"},\"inLanguage\":\"es\",\"potentialAction\":[{\"@type\":\"ReadAction\",\"target\":[\"https:\/\/neorescue.swiss\/es\/asesoria\/\"]}]},{\"@type\":\"ImageObject\",\"inLanguage\":\"es\",\"@id\":\"https:\/\/neorescue.swiss\/es\/asesoria\/#primaryimage\",\"url\":\"https:\/\/neorescue.swiss\/wp-content\/uploads\/2022\/12\/neorescue-evakuation-1.jpg\",\"contentUrl\":\"https:\/\/neorescue.swiss\/wp-content\/uploads\/2022\/12\/neorescue-evakuation-1.jpg\",\"width\":640,\"height\":427,\"caption\":\"NeoRescue Shooting\"},{\"@type\":\"BreadcrumbList\",\"@id\":\"https:\/\/neorescue.swiss\/es\/asesoria\/#breadcrumb\",\"itemListElement\":[{\"@type\":\"ListItem\",\"position\":1,\"name\":\"Startseite\",\"item\":\"https:\/\/neorescue.swiss\/es\/\"},{\"@type\":\"ListItem\",\"position\":2,\"name\":\"Asesor\u00eda\"}]},{\"@type\":\"WebSite\",\"@id\":\"https:\/\/neorescue.swiss\/es\/#website\",\"url\":\"https:\/\/neorescue.swiss\/es\/\",\"name\":\"NeoRescue\",\"description\":\"Der neue Weg, um S\u00e4uglinge im Notfall zu retten\",\"potentialAction\":[{\"@type\":\"SearchAction\",\"target\":{\"@type\":\"EntryPoint\",\"urlTemplate\":\"https:\/\/neorescue.swiss\/es\/?s={search_term_string}\"},\"query-input\":{\"@type\":\"PropertyValueSpecification\",\"valueRequired\":true,\"valueName\":\"search_term_string\"}}],\"inLanguage\":\"es\"}]}<\/script>\n<!-- \/ Yoast SEO plugin. -->","yoast_head_json":{"title":"Resumen de los servicios de asesoramiento de NeoRescue","description":"NeoRescue ofrece formaci\u00f3n sobre el producto, eventos iinformativos, asesoramientos sobre la evacuaci\u00f3n y simulacros.","robots":{"index":"index","follow":"follow","max-snippet":"max-snippet:-1","max-image-preview":"max-image-preview:large","max-video-preview":"max-video-preview:-1"},"canonical":"https:\/\/neorescue.swiss\/es\/asesoria\/","og_locale":"es_ES","og_type":"article","og_title":"Resumen de los servicios de asesoramiento de NeoRescue","og_description":"NeoRescue ofrece formaci\u00f3n sobre el producto, eventos iinformativos, asesoramientos sobre la evacuaci\u00f3n y simulacros.","og_url":"https:\/\/neorescue.swiss\/es\/asesoria\/","og_site_name":"NeoRescue","article_modified_time":"2023-02-01T08:07:32+00:00","og_image":[{"width":640,"height":427,"url":"https:\/\/neorescue.swiss\/wp-content\/uploads\/2022\/12\/neorescue-evakuation-1.jpg","type":"image\/jpeg"}],"twitter_card":"summary_large_image","twitter_misc":{"Tiempo de lectura":"25 minutos"},"schema":{"@context":"https:\/\/schema.org","@graph":[{"@type":"WebPage","@id":"https:\/\/neorescue.swiss\/es\/asesoria\/","url":"https:\/\/neorescue.swiss\/es\/asesoria\/","name":"Resumen de los servicios de asesoramiento de NeoRescue","isPartOf":{"@id":"https:\/\/neorescue.swiss\/es\/#website"},"primaryImageOfPage":{"@id":"https:\/\/neorescue.swiss\/es\/asesoria\/#primaryimage"},"image":{"@id":"https:\/\/neorescue.swiss\/es\/asesoria\/#primaryimage"},"thumbnailUrl":"https:\/\/neorescue.swiss\/wp-content\/uploads\/2022\/12\/neorescue-evakuation-1.jpg","datePublished":"2022-12-18T10:07:53+00:00","dateModified":"2023-02-01T08:07:32+00:00","description":"NeoRescue ofrece formaci\u00f3n sobre el producto, eventos iinformativos, asesoramientos sobre la evacuaci\u00f3n y simulacros.","breadcrumb":{"@id":"https:\/\/neorescue.swiss\/es\/asesoria\/#breadcrumb"},"inLanguage":"es","potentialAction":[{"@type":"ReadAction","target":["https:\/\/neorescue.swiss\/es\/asesoria\/"]}]},{"@type":"ImageObject","inLanguage":"es","@id":"https:\/\/neorescue.swiss\/es\/asesoria\/#primaryimage","url":"https:\/\/neorescue.swiss\/wp-content\/uploads\/2022\/12\/neorescue-evakuation-1.jpg","contentUrl":"https:\/\/neorescue.swiss\/wp-content\/uploads\/2022\/12\/neorescue-evakuation-1.jpg","width":640,"height":427,"caption":"NeoRescue Shooting"},{"@type":"BreadcrumbList","@id":"https:\/\/neorescue.swiss\/es\/asesoria\/#breadcrumb","itemListElement":[{"@type":"ListItem","position":1,"name":"Startseite","item":"https:\/\/neorescue.swiss\/es\/"},{"@type":"ListItem","position":2,"name":"Asesor\u00eda"}]},{"@type":"WebSite","@id":"https:\/\/neorescue.swiss\/es\/#website","url":"https:\/\/neorescue.swiss\/es\/","name":"NeoRescue","description":"Der neue Weg, um S\u00e4uglinge im Notfall zu retten","potentialAction":[{"@type":"SearchAction","target":{"@type":"EntryPoint","urlTemplate":"https:\/\/neorescue.swiss\/es\/?s={search_term_string}"},"query-input":{"@type":"PropertyValueSpecification","valueRequired":true,"valueName":"search_term_string"}}],"inLanguage":"es"}]}},"_links":{"self":[{"href":"https:\/\/neorescue.swiss\/es\/wp-json\/wp\/v2\/pages\/1899","targetHints":{"allow":["GET"]}}],"collection":[{"href":"https:\/\/neorescue.swiss\/es\/wp-json\/wp\/v2\/pages"}],"about":[{"href":"https:\/\/neorescue.swiss\/es\/wp-json\/wp\/v2\/types\/page"}],"author":[{"embeddable":true,"href":"https:\/\/neorescue.swiss\/es\/wp-json\/wp\/v2\/users\/1"}],"replies":[{"embeddable":true,"href":"https:\/\/neorescue.swiss\/es\/wp-json\/wp\/v2\/comments?post=1899"}],"version-history":[{"count":18,"href":"https:\/\/neorescue.swiss\/es\/wp-json\/wp\/v2\/pages\/1899\/revisions"}],"predecessor-version":[{"id":2739,"href":"https:\/\/neorescue.swiss\/es\/wp-json\/wp\/v2\/pages\/1899\/revisions\/2739"}],"wp:featuredmedia":[{"embeddable":true,"href":"https:\/\/neorescue.swiss\/es\/wp-json\/wp\/v2\/media\/573"}],"wp:attachment":[{"href":"https:\/\/neorescue.swiss\/es\/wp-json\/wp\/v2\/media?parent=1899"}],"curies":[{"name":"wp","href":"https:\/\/api.w.org\/{rel}","templated":true}]}}