{"id":1930,"date":"2022-12-18T07:57:13","date_gmt":"2022-12-18T07:57:13","guid":{"rendered":"https:\/\/dev.neorescue.swiss\/?page_id=1930"},"modified":"2023-08-31T19:38:36","modified_gmt":"2023-08-31T19:38:36","slug":"proteccion-de-datos","status":"publish","type":"page","link":"https:\/\/neorescue.swiss\/es\/proteccion-de-datos\/","title":{"rendered":"Protecci\u00f3n de datos"},"content":{"rendered":"<div class=\"fusion-fullwidth fullwidth-box fusion-builder-row-1 fusion-flex-container nonhundred-percent-fullwidth non-hundred-percent-height-scrolling\" style=\"--awb-border-radius-top-left:0px;--awb-border-radius-top-right:0px;--awb-border-radius-bottom-right:0px;--awb-border-radius-bottom-left:0px;--awb-flex-wrap:wrap;\" ><div class=\"fusion-builder-row fusion-row fusion-flex-align-items-flex-start fusion-flex-content-wrap\" style=\"max-width:1248px;margin-left: calc(-4% \/ 2 );margin-right: calc(-4% \/ 2 );\"><div class=\"fusion-layout-column fusion_builder_column fusion-builder-column-0 fusion_builder_column_1_1 1_1 fusion-flex-column\" style=\"--awb-bg-size:cover;--awb-width-large:100%;--awb-margin-top-large:0px;--awb-spacing-right-large:1.92%;--awb-margin-bottom-large:20px;--awb-spacing-left-large:1.92%;--awb-width-medium:100%;--awb-order-medium:0;--awb-spacing-right-medium:1.92%;--awb-spacing-left-medium:1.92%;--awb-width-small:100%;--awb-order-small:0;--awb-spacing-right-small:1.92%;--awb-spacing-left-small:1.92%;\"><div class=\"fusion-column-wrapper fusion-column-has-shadow fusion-flex-justify-content-flex-start fusion-content-layout-column\"><div class=\"fusion-text fusion-text-1\" style=\"--awb-text-transform:none;\"><h1>Pol\u00edtica de privacidad<\/h1>\n<h3><strong>General<\/strong><\/h3>\n<p>En Neorescue, damos gran importancia a la protecci\u00f3n de sus datos personales. Por este motivo, a continuaci\u00f3n encontrar\u00e1 informaci\u00f3n sobre los datos personales que recopilamos y podemos almacenar cuando visita neorescue.swiss. La protecci\u00f3n de la privacidad de nuestros visitantes es importante para nosotros, por lo que siempre procesamos los datos de conformidad con la legislaci\u00f3n suiza aplicable en materia de protecci\u00f3n de datos (DSG, que entrar\u00e1 en vigor el 01.09.2023) y el Reglamento General Europeo de Protecci\u00f3n de Datos (DSGVO, que entrar\u00e1 en vigor el 25.05.2018). Tampoco venderemos informaci\u00f3n personal a terceros bajo ninguna circunstancia.<\/p>\n<p><em>Nota: Los t\u00e9rminos utilizados a continuaci\u00f3n, como \u00abdatos personales\u00bb, \u00abdatos personales\u00bb o su \u00abtratamiento\u00bb se refieren a las definiciones seg\u00fan el Art. 5 de la Ley Suiza de Protecci\u00f3n de Datos (DSG), o el Art. 4 del Reglamento General de Protecci\u00f3n de Datos (DSGVO).<\/em><\/p>\n<h3><strong>Cookies y balizas web<\/strong><\/h3>\n<p>Utilizamos cookies en nuestro sitio web (por ejemplo, cookies de Google Analytics) para medir la informaci\u00f3n sobre el uso y el alcance del sitio web. Esto se hace sobre la base de un inter\u00e9s superior o leg\u00edtimo (optimizaci\u00f3n de nuestra oferta en l\u00ednea y la experiencia del usuario asociada) en el sentido del art. 31, apdo. 2 lit. e DSG, o Art. 6 para. 1 lit. f. GDPR. Las cookies son peque\u00f1os archivos de texto que se almacenan en su ordenador y permiten analizar el uso que usted hace del sitio web. Bas\u00e1ndonos en la informaci\u00f3n almacenada con las cookies, podemos, entre otras cosas, mostrar mensajes emergentes una vez durante su visita o gestionar funcionalidades de inicio de sesi\u00f3n para acceder a determinados contenidos.<\/p>\n<p>Puede desactivar el uso de cookies de nuestro sitio web y\/o de terceros proveedores en cualquier momento en la configuraci\u00f3n de su navegador o permitirlas\/bloquearlas individualmente. En el siguiente enlace se describe detalladamente c\u00f3mo puede desactivar las cookies en su navegador: <a href=\"https:\/\/de.wikihow.com\/Cookies-deaktivieren\">https:\/\/de.wikihow.com\/Cookies-deaktivieren.<\/a> Adem\u00e1s, varios programas (por ejemplo, Norton Internet Security) tambi\u00e9n ofrecen opciones para gestionar las cookies. Tenga en cuenta que la desactivaci\u00f3n de las cookies puede significar que ya no pueda utilizar determinadas funciones de nuestros (y otros) sitios en la misma medida.<\/p>\n<h3><strong>Google Analytics<\/strong><\/h3>\n<p>En neorescue.swiss utilizamos Google Analytics 4, un servicio anal\u00edtico de web prestado por Google, Inc. (\u00abGoogle\u00bb). Google Analytics utiliza cookies (v\u00e9ase m\u00e1s arriba). La informaci\u00f3n generada por esto sobre su uso de nuestro sitio web se transfiere generalmente a centros de datos regionales de Google en Europa y posiblemente tambi\u00e9n en los EE.UU. y se almacena all\u00ed.<\/p>\n<p>En Google Analytics 4, las direcciones IP se utilizan en el proceso de recopilaci\u00f3n para determinar la informaci\u00f3n de ubicaci\u00f3n (pa\u00eds, ciudad, latitud y longitud de la ciudad). Se eliminan antes de que los datos se almacenen en un centro de datos o en un servidor.<\/p>\n<p>Por cuenta nuestra, Google usar\u00e1 la informaci\u00f3n transmitida con el prop\u00f3sito de seguir la pista de su uso del website, recopilando informes de la actividad del usuario en nuestro website y prestando otros servicios relacionados con la actividad del website. Para obtener m\u00e1s informaci\u00f3n sobre c\u00f3mo Google utiliza las cookies y qu\u00e9 informaci\u00f3n recopila, puede visitar las siguientes p\u00e1ginas: <a href=\"https:\/\/www.google.com\/policies\/technologies\/cookies\/\">https:\/\/www.google.com\/policies\/technologies\/cookies\/<\/a> o <a href=\"https:\/\/www.google.com\/policies\/privacy\/partners\/\">https:\/\/www.google.com\/policies\/privacy\/partners\/.<\/a><\/p>\n<p>Puede desactivar el uso de Google Analytics en cualquier momento instalando un sencillo complemento para el navegador. Puede encontrar el addon en el siguiente enlace: <a href=\"http:\/\/tools.google.com\/dlpage\/gaoptout?hl=de\">http:\/\/tools.google.com\/dlpage\/gaoptout?hl=de.<\/a><\/p>\n<p>Por defecto, de conformidad con el art. 6 p\u00e1rr. 4 FADP, o Art. 5 para. 1 lit. e GDPR, todos los datos a nivel de usuario y de evento vinculados a cookies, identificadores de usuario (por ejemplo, ID de usuario) e identificadores de publicidad (por ejemplo, cookies de DoubleClick) se eliminar\u00e1n de Google Analytics transcurridos 14 meses desde la \u00faltima actividad del usuario correspondiente.<\/p>\n<h3><strong>Recogida de datos de acceso y archivos de registro<\/strong><\/h3>\n<p>Sobre la base de intereses superiores o leg\u00edtimos (garantizar el correcto funcionamiento del sitio web) en el sentido del art. 31 (2) lit. e DSG, o Art. 6 para. 1 lit. f. DSGVO, recopilamos datos sobre los accesos al servidor en el que se encuentra nuestro sitio web (los denominados archivos de registro del servidor). En estos archivos de registro se almacena informaci\u00f3n como el nombre del sitio web al que se ha accedido, el archivo, la fecha y hora de acceso, la cantidad de datos transferidos, la notificaci\u00f3n de acceso correcto, el tipo de navegador (incluida la versi\u00f3n), el sistema operativo del usuario, la URL de referencia (la p\u00e1gina visitada anteriormente), la direcci\u00f3n IP y el proveedor solicitante. La informaci\u00f3n de los archivos de registro se recopila por motivos de seguridad (por ejemplo, para esclarecer actos de abuso o fraude) y se almacena mientras sea \u00fatil o necesaria a efectos probatorios.<\/p>\n<h3><strong>Formularios de contacto<\/strong><\/h3>\n<p>Ofrecemos a todos los visitantes de nuestro sitio web la posibilidad de ponerse en contacto con nosotros a trav\u00e9s de formularios de contacto o formularios de pedido. Al utilizar los formularios correspondientes, se recogen y almacenan datos personales como el nombre, la direcci\u00f3n de correo electr\u00f3nico, as\u00ed como los mensajes correspondientes y, seg\u00fan el tipo de formulario, la direcci\u00f3n y el n\u00famero de tel\u00e9fono. Estos datos se almacenan y procesan sobre la base del consentimiento expl\u00edcito dado al enviar el formulario y son absolutamente necesarios para procesar las consultas (v\u00e9ase tambi\u00e9n el art. 31, apdo. 2 lit. A de la FADP). Los datos se utilizar\u00e1n exclusivamente para tramitar las consultas correspondientes.<\/p>\n<h3><strong>Google reCAPTCHA<\/strong><\/h3>\n<p>Para proteger el sitio web de ataques automatizados de piratas inform\u00e1ticos y solicitudes de spam, tambi\u00e9n utilizamos el servicio reCAPTCHA de Google en varios lugares (p\u00e1ginas de inicio de sesi\u00f3n, formularios). Se procesan datos como la direcci\u00f3n IP, informaci\u00f3n del navegador, comportamiento del rat\u00f3n y el teclado, sistema operativo y datos limitados de localizaci\u00f3n y uso para distinguir las solicitudes automatizadas de las de usuarios humanos. Este proceso se ejecuta en segundo plano, por lo que el uso de Google reCAPTCHA se indica en los lugares respectivos mediante los avisos correspondientes (debajo de los formularios en cuesti\u00f3n o mediante un distintivo en el borde inferior derecho de la pantalla).<\/p>\n<p>El uso de reCAPTCHA se basa en un inter\u00e9s preponderante o leg\u00edtimo (protecci\u00f3n contra ataques de piratas inform\u00e1ticos y solicitudes de spam) en el sentido del Art. 31 P\u00e1rr. 2 lit. e DSG, o Art. 6 para. 1 lit. f. GDPR.<\/p>\n<p>Para obtener m\u00e1s informaci\u00f3n sobre c\u00f3mo Google reCAPTCHA utiliza las cookies y qu\u00e9 informaci\u00f3n recopila, puede visitar las siguientes p\u00e1ginas: <a href=\"https:\/\/policies.google.com\/privacy\">https:\/\/policies.google.com\/privacy<\/a> y <a href=\"https:\/\/policies.google.com\/terms\">https:\/\/policies.google.com\/terms<\/a> respectivamente.<\/p>\n<h3><strong>Integraci\u00f3n de servicios y contenidos de terceros<\/strong><\/h3>\n<p>En algunos lugares de este sitio web se integran contenidos de terceros, como material cartogr\u00e1fico de Google Maps. Esto significa que los terceros proveedores tienen conocimiento de que se ha accedido a nuestro sitio web a trav\u00e9s de su direcci\u00f3n IP cuando se carga el sitio web. La integraci\u00f3n de contenidos y servicios de terceros s\u00f3lo tiene lugar en casos excepcionales y siempre sobre la base de intereses superiores o leg\u00edtimos para mejorar la experiencia del usuario en nuestro sitio web.<\/p>\n<h3><strong>Contacto y consultas<\/strong><\/h3>\n<p>Como usuario, tiene derecho a solicitar informaci\u00f3n sobre los datos personales almacenados sobre usted de forma gratuita y en cualquier momento. Adem\u00e1s, tiene derecho a corregir los datos incorrectos, bloquear y eliminar sus datos personales (en la medida en que esto no entre en conflicto con una obligaci\u00f3n legal de conservar los datos) y oponerse al futuro tratamiento de sus datos personales de conformidad con los requisitos legales.<\/p>\n<p>Si tiene alguna pregunta o duda sobre nuestra pol\u00edtica de privacidad o sus datos personales, no dude en ponerse en contacto con nosotros. Puede hacerlo enviando un correo electr\u00f3nico a info@neorescue.swiss o por correo postal a la siguiente direcci\u00f3n:<\/p>\n<p>NeoRescue GmbH\nBucheggweg 9\n5035 Unterentfelden<\/p>\n<\/div><\/div><\/div><\/div><\/div><div class=\"fusion-fullwidth fullwidth-box fusion-builder-row-2 fusion-flex-container nonhundred-percent-fullwidth non-hundred-percent-height-scrolling\" style=\"--awb-border-radius-top-left:0px;--awb-border-radius-top-right:0px;--awb-border-radius-bottom-right:0px;--awb-border-radius-bottom-left:0px;--awb-flex-wrap:wrap;\" ><div class=\"fusion-builder-row fusion-row fusion-flex-align-items-flex-start fusion-flex-content-wrap\" style=\"max-width:1248px;margin-left: calc(-4% \/ 2 );margin-right: calc(-4% \/ 2 );\"><div class=\"fusion-layout-column fusion_builder_column fusion-builder-column-1 fusion_builder_column_1_1 1_1 fusion-flex-column\" style=\"--awb-bg-size:cover;--awb-width-large:100%;--awb-margin-top-large:0px;--awb-spacing-right-large:1.92%;--awb-margin-bottom-large:0px;--awb-spacing-left-large:1.92%;--awb-width-medium:100%;--awb-spacing-right-medium:1.92%;--awb-spacing-left-medium:1.92%;--awb-width-small:100%;--awb-spacing-right-small:1.92%;--awb-spacing-left-small:1.92%;\"><div class=\"fusion-column-wrapper fusion-flex-justify-content-flex-start fusion-content-layout-column\"><div class=\"fusion-text fusion-text-2\"><\/div><\/div><\/div><\/div><\/div><!-- \/wp:post-content -->","protected":false},"excerpt":{"rendered":"","protected":false},"author":1,"featured_media":0,"parent":0,"menu_order":0,"comment_status":"closed","ping_status":"open","template":"","meta":{"footnotes":""},"class_list":["post-1930","page","type-page","status-publish","hentry"],"yoast_head":"<!-- This site is optimized with the Yoast SEO plugin v26.2 - https:\/\/yoast.com\/wordpress\/plugins\/seo\/ -->\n<title>Protecci\u00f3n de datos - NeoRescue<\/title>\n<meta name=\"robots\" content=\"index, follow, max-snippet:-1, max-image-preview:large, max-video-preview:-1\" \/>\n<link rel=\"canonical\" href=\"https:\/\/neorescue.swiss\/es\/proteccion-de-datos\/\" \/>\n<meta property=\"og:locale\" content=\"es_ES\" \/>\n<meta property=\"og:type\" content=\"article\" \/>\n<meta property=\"og:title\" content=\"Protecci\u00f3n de datos - NeoRescue\" \/>\n<meta property=\"og:url\" content=\"https:\/\/neorescue.swiss\/es\/proteccion-de-datos\/\" \/>\n<meta property=\"og:site_name\" content=\"NeoRescue\" \/>\n<meta property=\"article:modified_time\" content=\"2023-08-31T19:38:36+00:00\" \/>\n<meta name=\"twitter:card\" content=\"summary_large_image\" \/>\n<meta name=\"twitter:label1\" content=\"Tiempo de lectura\" \/>\n\t<meta name=\"twitter:data1\" content=\"8 minutos\" \/>\n<script type=\"application\/ld+json\" class=\"yoast-schema-graph\">{\"@context\":\"https:\/\/schema.org\",\"@graph\":[{\"@type\":\"WebPage\",\"@id\":\"https:\/\/neorescue.swiss\/es\/proteccion-de-datos\/\",\"url\":\"https:\/\/neorescue.swiss\/es\/proteccion-de-datos\/\",\"name\":\"Protecci\u00f3n de datos - NeoRescue\",\"isPartOf\":{\"@id\":\"https:\/\/neorescue.swiss\/es\/#website\"},\"datePublished\":\"2022-12-18T07:57:13+00:00\",\"dateModified\":\"2023-08-31T19:38:36+00:00\",\"breadcrumb\":{\"@id\":\"https:\/\/neorescue.swiss\/es\/proteccion-de-datos\/#breadcrumb\"},\"inLanguage\":\"es\",\"potentialAction\":[{\"@type\":\"ReadAction\",\"target\":[\"https:\/\/neorescue.swiss\/es\/proteccion-de-datos\/\"]}]},{\"@type\":\"BreadcrumbList\",\"@id\":\"https:\/\/neorescue.swiss\/es\/proteccion-de-datos\/#breadcrumb\",\"itemListElement\":[{\"@type\":\"ListItem\",\"position\":1,\"name\":\"Startseite\",\"item\":\"https:\/\/neorescue.swiss\/es\/\"},{\"@type\":\"ListItem\",\"position\":2,\"name\":\"Protecci\u00f3n de datos\"}]},{\"@type\":\"WebSite\",\"@id\":\"https:\/\/neorescue.swiss\/es\/#website\",\"url\":\"https:\/\/neorescue.swiss\/es\/\",\"name\":\"NeoRescue\",\"description\":\"Der neue Weg, um S\u00e4uglinge im Notfall zu retten\",\"potentialAction\":[{\"@type\":\"SearchAction\",\"target\":{\"@type\":\"EntryPoint\",\"urlTemplate\":\"https:\/\/neorescue.swiss\/es\/?s={search_term_string}\"},\"query-input\":{\"@type\":\"PropertyValueSpecification\",\"valueRequired\":true,\"valueName\":\"search_term_string\"}}],\"inLanguage\":\"es\"}]}<\/script>\n<!-- \/ Yoast SEO plugin. -->","yoast_head_json":{"title":"Protecci\u00f3n de datos - NeoRescue","robots":{"index":"index","follow":"follow","max-snippet":"max-snippet:-1","max-image-preview":"max-image-preview:large","max-video-preview":"max-video-preview:-1"},"canonical":"https:\/\/neorescue.swiss\/es\/proteccion-de-datos\/","og_locale":"es_ES","og_type":"article","og_title":"Protecci\u00f3n de datos - NeoRescue","og_url":"https:\/\/neorescue.swiss\/es\/proteccion-de-datos\/","og_site_name":"NeoRescue","article_modified_time":"2023-08-31T19:38:36+00:00","twitter_card":"summary_large_image","twitter_misc":{"Tiempo de lectura":"8 minutos"},"schema":{"@context":"https:\/\/schema.org","@graph":[{"@type":"WebPage","@id":"https:\/\/neorescue.swiss\/es\/proteccion-de-datos\/","url":"https:\/\/neorescue.swiss\/es\/proteccion-de-datos\/","name":"Protecci\u00f3n de datos - NeoRescue","isPartOf":{"@id":"https:\/\/neorescue.swiss\/es\/#website"},"datePublished":"2022-12-18T07:57:13+00:00","dateModified":"2023-08-31T19:38:36+00:00","breadcrumb":{"@id":"https:\/\/neorescue.swiss\/es\/proteccion-de-datos\/#breadcrumb"},"inLanguage":"es","potentialAction":[{"@type":"ReadAction","target":["https:\/\/neorescue.swiss\/es\/proteccion-de-datos\/"]}]},{"@type":"BreadcrumbList","@id":"https:\/\/neorescue.swiss\/es\/proteccion-de-datos\/#breadcrumb","itemListElement":[{"@type":"ListItem","position":1,"name":"Startseite","item":"https:\/\/neorescue.swiss\/es\/"},{"@type":"ListItem","position":2,"name":"Protecci\u00f3n de datos"}]},{"@type":"WebSite","@id":"https:\/\/neorescue.swiss\/es\/#website","url":"https:\/\/neorescue.swiss\/es\/","name":"NeoRescue","description":"Der neue Weg, um S\u00e4uglinge im Notfall zu retten","potentialAction":[{"@type":"SearchAction","target":{"@type":"EntryPoint","urlTemplate":"https:\/\/neorescue.swiss\/es\/?s={search_term_string}"},"query-input":{"@type":"PropertyValueSpecification","valueRequired":true,"valueName":"search_term_string"}}],"inLanguage":"es"}]}},"_links":{"self":[{"href":"https:\/\/neorescue.swiss\/es\/wp-json\/wp\/v2\/pages\/1930","targetHints":{"allow":["GET"]}}],"collection":[{"href":"https:\/\/neorescue.swiss\/es\/wp-json\/wp\/v2\/pages"}],"about":[{"href":"https:\/\/neorescue.swiss\/es\/wp-json\/wp\/v2\/types\/page"}],"author":[{"embeddable":true,"href":"https:\/\/neorescue.swiss\/es\/wp-json\/wp\/v2\/users\/1"}],"replies":[{"embeddable":true,"href":"https:\/\/neorescue.swiss\/es\/wp-json\/wp\/v2\/comments?post=1930"}],"version-history":[{"count":13,"href":"https:\/\/neorescue.swiss\/es\/wp-json\/wp\/v2\/pages\/1930\/revisions"}],"predecessor-version":[{"id":3199,"href":"https:\/\/neorescue.swiss\/es\/wp-json\/wp\/v2\/pages\/1930\/revisions\/3199"}],"wp:attachment":[{"href":"https:\/\/neorescue.swiss\/es\/wp-json\/wp\/v2\/media?parent=1930"}],"curies":[{"name":"wp","href":"https:\/\/api.w.org\/{rel}","templated":true}]}}