{"id":1997,"date":"2022-12-18T10:06:10","date_gmt":"2022-12-18T10:06:10","guid":{"rendered":"https:\/\/dev.neorescue.swiss\/productos\/"},"modified":"2023-02-01T08:07:22","modified_gmt":"2023-02-01T08:07:22","slug":"productos","status":"publish","type":"page","link":"https:\/\/neorescue.swiss\/es\/productos\/","title":{"rendered":"Productos"},"content":{"rendered":"<p><div class=\"fusion-fullwidth fullwidth-box fusion-builder-row-1 fusion-flex-container image-section content-section nonhundred-percent-fullwidth non-hundred-percent-height-scrolling\" style=\"--awb-border-radius-top-left:0px;--awb-border-radius-top-right:0px;--awb-border-radius-bottom-right:0px;--awb-border-radius-bottom-left:0px;--awb-flex-wrap:wrap;\" ><div class=\"fusion-builder-row fusion-row fusion-flex-align-items-flex-start fusion-flex-content-wrap\" style=\"max-width:1248px;margin-left: calc(-4% \/ 2 );margin-right: calc(-4% \/ 2 );\"><div class=\"fusion-layout-column fusion_builder_column fusion-builder-column-0 fusion_builder_column_1_1 1_1 fusion-flex-column\" style=\"--awb-bg-size:cover;--awb-width-large:100%;--awb-margin-top-large:0px;--awb-spacing-right-large:1.92%;--awb-margin-bottom-large:20px;--awb-spacing-left-large:1.92%;--awb-width-medium:100%;--awb-order-medium:0;--awb-spacing-right-medium:1.92%;--awb-spacing-left-medium:1.92%;--awb-width-small:100%;--awb-order-small:0;--awb-spacing-right-small:1.92%;--awb-spacing-left-small:1.92%;\"><div class=\"fusion-column-wrapper fusion-column-has-shadow fusion-flex-justify-content-flex-start fusion-content-layout-column\"><div class=\"fusion-title title fusion-title-1 fusion-sep-none fusion-title-center fusion-title-text fusion-title-size-one\"><h1 class=\"fusion-title-heading title-heading-center\" style=\"margin:0;text-transform:none;\">Nuestros Productos<\/h1><\/div><div class=\"fusion-text fusion-text-1\"><p style=\"text-align: center;\">Hemos desarrollado nuestra Lifebox para rescatar beb\u00e9s en situaciones de emergencia. La idea b\u00e1sica consiste en establecer un sistema de sobrepresi\u00f3n en el interior de la Lifebox. En este sistema cerrado, se suministra aire respirable a los beb\u00e9s durante 35 minutos. De esta manera quedan protegidos ante las emergencias m\u00e1s diversas, tales como incendios o escapes de gas. Y lo mejor: no se requieren conocimientos m\u00e9dicos especializados para utilizar nuestras Lifebox.<\/p>\n<\/div><\/div><\/div><\/div><\/div><div class=\"fusion-fullwidth fullwidth-box fusion-builder-row-2 fusion-flex-container has-pattern-background has-mask-background image-section content-section nonhundred-percent-fullwidth non-hundred-percent-height-scrolling\" style=\"--awb-border-radius-top-left:0px;--awb-border-radius-top-right:0px;--awb-border-radius-bottom-right:0px;--awb-border-radius-bottom-left:0px;--awb-flex-wrap:wrap;\" ><div class=\"fusion-builder-row fusion-row fusion-flex-align-items-flex-start fusion-flex-content-wrap\" style=\"max-width:1248px;margin-left: calc(-4% \/ 2 );margin-right: calc(-4% \/ 2 );\"><div class=\"fusion-layout-column fusion_builder_column fusion-builder-column-1 fusion_builder_column_1_1 1_1 fusion-flex-column\" style=\"--awb-bg-size:cover;--awb-width-large:100%;--awb-margin-top-large:0px;--awb-spacing-right-large:1.92%;--awb-margin-bottom-large:20px;--awb-spacing-left-large:1.92%;--awb-width-medium:100%;--awb-order-medium:0;--awb-spacing-right-medium:1.92%;--awb-spacing-left-medium:1.92%;--awb-width-small:100%;--awb-order-small:0;--awb-spacing-right-small:1.92%;--awb-spacing-left-small:1.92%;\"><div class=\"fusion-column-wrapper fusion-column-has-shadow fusion-flex-justify-content-flex-start fusion-content-layout-column\"><div class=\"fusion-title title fusion-title-2 fusion-sep-none fusion-title-center fusion-title-text fusion-title-size-two\"><h2 class=\"fusion-title-heading title-heading-center\" style=\"margin:0;text-transform:none;\">Equipados para todas las eventualidades: nuestros tres modelos de Lifebox\u00ae<\/h2><\/div><\/div><\/div><div class=\"fusion-layout-column fusion_builder_column fusion-builder-column-2 fusion_builder_column_1_2 1_2 fusion-flex-column\" style=\"--awb-bg-size:cover;--awb-width-large:50%;--awb-margin-top-large:0px;--awb-spacing-right-large:3.84%;--awb-margin-bottom-large:20px;--awb-spacing-left-large:3.84%;--awb-width-medium:50%;--awb-order-medium:0;--awb-spacing-right-medium:3.84%;--awb-spacing-left-medium:3.84%;--awb-width-small:100%;--awb-order-small:0;--awb-spacing-right-small:1.92%;--awb-spacing-left-small:1.92%;\"><div class=\"fusion-column-wrapper fusion-column-has-shadow fusion-flex-justify-content-flex-start fusion-content-layout-column\"><div class=\"fusion-image-element \" style=\"--awb-caption-title-font-family:var(--h2_typography-font-family);--awb-caption-title-font-weight:var(--h2_typography-font-weight);--awb-caption-title-font-style:var(--h2_typography-font-style);--awb-caption-title-size:var(--h2_typography-font-size);--awb-caption-title-transform:var(--h2_typography-text-transform);--awb-caption-title-line-height:var(--h2_typography-line-height);--awb-caption-title-letter-spacing:var(--h2_typography-letter-spacing);\"><span class=\" fusion-imageframe imageframe-none imageframe-1 hover-type-none\"><img decoding=\"async\" width=\"1500\" height=\"1000\" alt=\"Lifebox single von NeoRescue\" title=\"NeoRescue\" src=\"https:\/\/neorescue.swiss\/wp-content\/uploads\/2023\/01\/neorescue_bilder_01_2023-133.jpg\" data-orig-src=\"https:\/\/neorescue.swiss\/wp-content\/uploads\/2023\/01\/neorescue_bilder_01_2023-133.jpg\" class=\"lazyload img-responsive wp-image-913\" srcset=\"data:image\/svg+xml,%3Csvg%20xmlns%3D%27http%3A%2F%2Fwww.w3.org%2F2000%2Fsvg%27%20width%3D%271500%27%20height%3D%271000%27%20viewBox%3D%270%200%201500%201000%27%3E%3Crect%20width%3D%271500%27%20height%3D%271000%27%20fill-opacity%3D%220%22%2F%3E%3C%2Fsvg%3E\" data-srcset=\"https:\/\/neorescue.swiss\/wp-content\/uploads\/2023\/01\/neorescue_bilder_01_2023-133-200x133.jpg 200w, https:\/\/neorescue.swiss\/wp-content\/uploads\/2023\/01\/neorescue_bilder_01_2023-133-400x267.jpg 400w, https:\/\/neorescue.swiss\/wp-content\/uploads\/2023\/01\/neorescue_bilder_01_2023-133-600x400.jpg 600w, https:\/\/neorescue.swiss\/wp-content\/uploads\/2023\/01\/neorescue_bilder_01_2023-133-800x533.jpg 800w, https:\/\/neorescue.swiss\/wp-content\/uploads\/2023\/01\/neorescue_bilder_01_2023-133-1200x800.jpg 1200w, https:\/\/neorescue.swiss\/wp-content\/uploads\/2023\/01\/neorescue_bilder_01_2023-133.jpg 1500w\" data-sizes=\"auto\" data-orig-sizes=\"(max-width: 640px) 100vw, 600px\" \/><\/span><\/div><div class=\"fusion-title title fusion-title-3 fusion-sep-none fusion-title-center fusion-title-text fusion-title-size-three\"><h3 class=\"fusion-title-heading title-heading-center\" style=\"margin:0;text-transform:none;\">Lifebox\u00ae single<\/h3><\/div><div class=\"fusion-text fusion-text-2\"><p style=\"text-align: center;\">La Lifebox single permite rescatar un beb\u00e9. No hay espacio previsto para equipos de monitorizaci\u00f3n. En el caso ideal, la Lifebox del tipo single se utiliza en cl\u00ednicas, hospitales, cl\u00ednicas de obstetricia y maternidades.<\/p>\n<\/div><div style=\"text-align:center;\"><a class=\"fusion-button button-flat fusion-button-default-size button-default fusion-button-default button-1 fusion-button-default-span fusion-button-default-type\" style=\"--button-border-radius-top-left:5px;--button-border-radius-top-right:5px;--button-border-radius-bottom-right:5px;--button-border-radius-bottom-left:5px;\" target=\"_self\" href=\"https:\/\/neorescue.swiss\/es\/productos\/lifebox-single\/\"><span class=\"fusion-button-text awb-button__text awb-button__text--default\">Ir a la Lifebox single<\/span><\/a><\/div><\/div><\/div><div class=\"fusion-layout-column fusion_builder_column fusion-builder-column-3 fusion_builder_column_1_2 1_2 fusion-flex-column\" style=\"--awb-bg-size:cover;--awb-width-large:50%;--awb-margin-top-large:0px;--awb-spacing-right-large:3.84%;--awb-margin-bottom-large:20px;--awb-spacing-left-large:3.84%;--awb-width-medium:50%;--awb-order-medium:0;--awb-spacing-right-medium:3.84%;--awb-spacing-left-medium:3.84%;--awb-width-small:100%;--awb-order-small:0;--awb-spacing-right-small:1.92%;--awb-spacing-left-small:1.92%;\"><div class=\"fusion-column-wrapper fusion-column-has-shadow fusion-flex-justify-content-flex-start fusion-content-layout-column\"><div class=\"fusion-image-element \" style=\"--awb-caption-title-font-family:var(--h2_typography-font-family);--awb-caption-title-font-weight:var(--h2_typography-font-weight);--awb-caption-title-font-style:var(--h2_typography-font-style);--awb-caption-title-size:var(--h2_typography-font-size);--awb-caption-title-transform:var(--h2_typography-text-transform);--awb-caption-title-line-height:var(--h2_typography-line-height);--awb-caption-title-letter-spacing:var(--h2_typography-letter-spacing);\"><span class=\" fusion-imageframe imageframe-none imageframe-2 hover-type-none\"><img decoding=\"async\" width=\"1500\" height=\"1000\" alt=\"Lifebox double von NeoRescue\" title=\"NeoRescue\" src=\"https:\/\/neorescue.swiss\/wp-content\/uploads\/2023\/01\/neorescue_bilder_01_2023-17.jpg\" data-orig-src=\"https:\/\/neorescue.swiss\/wp-content\/uploads\/2023\/01\/neorescue_bilder_01_2023-17.jpg\" class=\"lazyload img-responsive wp-image-934\" srcset=\"data:image\/svg+xml,%3Csvg%20xmlns%3D%27http%3A%2F%2Fwww.w3.org%2F2000%2Fsvg%27%20width%3D%271500%27%20height%3D%271000%27%20viewBox%3D%270%200%201500%201000%27%3E%3Crect%20width%3D%271500%27%20height%3D%271000%27%20fill-opacity%3D%220%22%2F%3E%3C%2Fsvg%3E\" data-srcset=\"https:\/\/neorescue.swiss\/wp-content\/uploads\/2023\/01\/neorescue_bilder_01_2023-17-200x133.jpg 200w, https:\/\/neorescue.swiss\/wp-content\/uploads\/2023\/01\/neorescue_bilder_01_2023-17-400x267.jpg 400w, https:\/\/neorescue.swiss\/wp-content\/uploads\/2023\/01\/neorescue_bilder_01_2023-17-600x400.jpg 600w, https:\/\/neorescue.swiss\/wp-content\/uploads\/2023\/01\/neorescue_bilder_01_2023-17-800x533.jpg 800w, https:\/\/neorescue.swiss\/wp-content\/uploads\/2023\/01\/neorescue_bilder_01_2023-17-1200x800.jpg 1200w, https:\/\/neorescue.swiss\/wp-content\/uploads\/2023\/01\/neorescue_bilder_01_2023-17.jpg 1500w\" data-sizes=\"auto\" data-orig-sizes=\"(max-width: 640px) 100vw, 600px\" \/><\/span><\/div><div class=\"fusion-title title fusion-title-4 fusion-sep-none fusion-title-center fusion-title-text fusion-title-size-three\"><h3 class=\"fusion-title-heading title-heading-center\" style=\"margin:0;text-transform:none;\">Lifebox\u00ae double<\/h3><\/div><div class=\"fusion-text fusion-text-3\"><p style=\"text-align: center;\">La Lifebox double ofrece espacio para dos beb\u00e9s y los correspondientes equipos de monitorizaci\u00f3n. Es id\u00f3nea para cl\u00ednicas y hospitales y se puede emplear en unidades de neonatolog\u00eda, cl\u00ednicas de obstetricia y maternidades.<\/p>\n<\/div><div style=\"text-align:center;\"><a class=\"fusion-button button-flat fusion-button-default-size button-default fusion-button-default button-2 fusion-button-default-span fusion-button-default-type\" style=\"--button-border-radius-top-left:5px;--button-border-radius-top-right:5px;--button-border-radius-bottom-right:5px;--button-border-radius-bottom-left:5px;\" target=\"_self\" href=\"https:\/\/neorescue.swiss\/es\/productos\/lifebox-double\/\"><span class=\"fusion-button-text awb-button__text awb-button__text--default\">Ir a la Lifebox double<\/span><\/a><\/div><\/div><\/div><div class=\"fusion-layout-column fusion_builder_column fusion-builder-column-4 fusion_builder_column_1_2 1_2 fusion-flex-column\" style=\"--awb-bg-size:cover;--awb-width-large:50%;--awb-margin-top-large:0px;--awb-spacing-right-large:3.84%;--awb-margin-bottom-large:20px;--awb-spacing-left-large:3.84%;--awb-width-medium:50%;--awb-order-medium:0;--awb-spacing-right-medium:3.84%;--awb-spacing-left-medium:3.84%;--awb-width-small:100%;--awb-order-small:0;--awb-spacing-right-small:1.92%;--awb-spacing-left-small:1.92%;\"><div class=\"fusion-column-wrapper fusion-column-has-shadow fusion-flex-justify-content-flex-start fusion-content-layout-column\"><div class=\"fusion-image-element \" style=\"--awb-caption-title-font-family:var(--h2_typography-font-family);--awb-caption-title-font-weight:var(--h2_typography-font-weight);--awb-caption-title-font-style:var(--h2_typography-font-style);--awb-caption-title-size:var(--h2_typography-font-size);--awb-caption-title-transform:var(--h2_typography-text-transform);--awb-caption-title-line-height:var(--h2_typography-line-height);--awb-caption-title-letter-spacing:var(--h2_typography-letter-spacing);\"><span class=\" fusion-imageframe imageframe-none imageframe-3 hover-type-none\"><img decoding=\"async\" width=\"1500\" height=\"1000\" alt=\"Lifebox universal von NeoRescue\" title=\"NeoRescue\" src=\"https:\/\/neorescue.swiss\/wp-content\/uploads\/2023\/01\/neorescue_bilder_01_2023-75.jpg\" data-orig-src=\"https:\/\/neorescue.swiss\/wp-content\/uploads\/2023\/01\/neorescue_bilder_01_2023-75.jpg\" class=\"lazyload img-responsive wp-image-1010\" srcset=\"data:image\/svg+xml,%3Csvg%20xmlns%3D%27http%3A%2F%2Fwww.w3.org%2F2000%2Fsvg%27%20width%3D%271500%27%20height%3D%271000%27%20viewBox%3D%270%200%201500%201000%27%3E%3Crect%20width%3D%271500%27%20height%3D%271000%27%20fill-opacity%3D%220%22%2F%3E%3C%2Fsvg%3E\" data-srcset=\"https:\/\/neorescue.swiss\/wp-content\/uploads\/2023\/01\/neorescue_bilder_01_2023-75-200x133.jpg 200w, https:\/\/neorescue.swiss\/wp-content\/uploads\/2023\/01\/neorescue_bilder_01_2023-75-400x267.jpg 400w, https:\/\/neorescue.swiss\/wp-content\/uploads\/2023\/01\/neorescue_bilder_01_2023-75-600x400.jpg 600w, https:\/\/neorescue.swiss\/wp-content\/uploads\/2023\/01\/neorescue_bilder_01_2023-75-800x533.jpg 800w, https:\/\/neorescue.swiss\/wp-content\/uploads\/2023\/01\/neorescue_bilder_01_2023-75-1200x800.jpg 1200w, https:\/\/neorescue.swiss\/wp-content\/uploads\/2023\/01\/neorescue_bilder_01_2023-75.jpg 1500w\" data-sizes=\"auto\" data-orig-sizes=\"(max-width: 640px) 100vw, 600px\" \/><\/span><\/div><div class=\"fusion-title title fusion-title-5 fusion-sep-none fusion-title-center fusion-title-text fusion-title-size-three\"><h3 class=\"fusion-title-heading title-heading-center\" style=\"margin:0;text-transform:none;\">Lifebox\u00ae universal<\/h3><\/div><div class=\"fusion-text fusion-text-4\"><p style=\"text-align: center;\">La Lifebox universal ofrece espacio para uno o dos beb\u00e9s. No hay espacio previsto para eventuales equipos de monitorizaci\u00f3n. Este tipo de Lifebox es id\u00f3neo para cuerpos de bomberos, guarder\u00edas, hoteles y embarcaciones de cruceros.<\/p>\n<\/div><div style=\"text-align:center;\"><a class=\"fusion-button button-flat fusion-button-default-size button-default fusion-button-default button-3 fusion-button-default-span fusion-button-default-type\" style=\"--button-border-radius-top-left:5px;--button-border-radius-top-right:5px;--button-border-radius-bottom-right:5px;--button-border-radius-bottom-left:5px;\" target=\"_self\" href=\"https:\/\/neorescue.swiss\/es\/productos\/lifebox-universal\/\"><span class=\"fusion-button-text awb-button__text awb-button__text--default\">Ir a la Lifebox universal<\/span><\/a><\/div><\/div><\/div><div class=\"fusion-layout-column fusion_builder_column fusion-builder-column-5 fusion_builder_column_1_2 1_2 fusion-flex-column\" style=\"--awb-bg-size:cover;--awb-width-large:50%;--awb-margin-top-large:0px;--awb-spacing-right-large:3.84%;--awb-margin-bottom-large:20px;--awb-spacing-left-large:3.84%;--awb-width-medium:50%;--awb-order-medium:0;--awb-spacing-right-medium:3.84%;--awb-spacing-left-medium:3.84%;--awb-width-small:100%;--awb-order-small:0;--awb-spacing-right-small:1.92%;--awb-spacing-left-small:1.92%;\"><div class=\"fusion-column-wrapper fusion-column-has-shadow fusion-flex-justify-content-flex-start fusion-content-layout-column\"><div class=\"fusion-image-element \" style=\"--awb-caption-title-font-family:var(--h2_typography-font-family);--awb-caption-title-font-weight:var(--h2_typography-font-weight);--awb-caption-title-font-style:var(--h2_typography-font-style);--awb-caption-title-size:var(--h2_typography-font-size);--awb-caption-title-transform:var(--h2_typography-text-transform);--awb-caption-title-line-height:var(--h2_typography-line-height);--awb-caption-title-letter-spacing:var(--h2_typography-letter-spacing);\"><span class=\" fusion-imageframe imageframe-none imageframe-4 hover-type-none\"><img decoding=\"async\" width=\"1500\" height=\"1000\" alt=\"Zustellm\u00f6bel von NeoRescue zur Lagerung der Lifebox\" title=\"NeoRescue\" src=\"https:\/\/neorescue.swiss\/wp-content\/uploads\/2023\/01\/neorescue_bilder_01_2023-5.jpg\" data-orig-src=\"https:\/\/neorescue.swiss\/wp-content\/uploads\/2023\/01\/neorescue_bilder_01_2023-5.jpg\" class=\"lazyload img-responsive wp-image-847\" srcset=\"data:image\/svg+xml,%3Csvg%20xmlns%3D%27http%3A%2F%2Fwww.w3.org%2F2000%2Fsvg%27%20width%3D%271500%27%20height%3D%271000%27%20viewBox%3D%270%200%201500%201000%27%3E%3Crect%20width%3D%271500%27%20height%3D%271000%27%20fill-opacity%3D%220%22%2F%3E%3C%2Fsvg%3E\" data-srcset=\"https:\/\/neorescue.swiss\/wp-content\/uploads\/2023\/01\/neorescue_bilder_01_2023-5-200x133.jpg 200w, https:\/\/neorescue.swiss\/wp-content\/uploads\/2023\/01\/neorescue_bilder_01_2023-5-400x267.jpg 400w, https:\/\/neorescue.swiss\/wp-content\/uploads\/2023\/01\/neorescue_bilder_01_2023-5-600x400.jpg 600w, https:\/\/neorescue.swiss\/wp-content\/uploads\/2023\/01\/neorescue_bilder_01_2023-5-800x533.jpg 800w, https:\/\/neorescue.swiss\/wp-content\/uploads\/2023\/01\/neorescue_bilder_01_2023-5-1200x800.jpg 1200w, https:\/\/neorescue.swiss\/wp-content\/uploads\/2023\/01\/neorescue_bilder_01_2023-5.jpg 1500w\" data-sizes=\"auto\" data-orig-sizes=\"(max-width: 640px) 100vw, 600px\" \/><\/span><\/div><div class=\"fusion-title title fusion-title-6 fusion-sep-none fusion-title-center fusion-title-text fusion-title-size-three\"><h3 class=\"fusion-title-heading title-heading-center\" style=\"margin:0;text-transform:none;\">Mueble auxiliar<\/h3><\/div><div class=\"fusion-text fusion-text-5\"><p style=\"text-align: center;\">Para almacenar la Lifebox protegida de la luz y del calor y tenerla inmediatamente a mano, recomendamos utilizar nuestro mueble auxiliar.<\/p>\n<\/div><div style=\"text-align:center;\"><a class=\"fusion-button button-flat fusion-button-default-size button-default fusion-button-default button-4 fusion-button-default-span fusion-button-default-type\" style=\"--button-border-radius-top-left:5px;--button-border-radius-top-right:5px;--button-border-radius-bottom-right:5px;--button-border-radius-bottom-left:5px;\" target=\"_self\" href=\"https:\/\/neorescue.swiss\/es\/productos\/mueble-auxiliar\/\"><span class=\"fusion-button-text awb-button__text awb-button__text--default\">Ir al mueble auxiliar<\/span><\/a><\/div><\/div><\/div><\/div><\/div><\/p>\n","protected":false},"excerpt":{"rendered":"","protected":false},"author":1,"featured_media":1332,"parent":0,"menu_order":0,"comment_status":"closed","ping_status":"closed","template":"","meta":{"footnotes":""},"class_list":["post-1997","page","type-page","status-publish","has-post-thumbnail","hentry"],"yoast_head":"<!-- This site is optimized with the Yoast SEO plugin v26.2 - https:\/\/yoast.com\/wordpress\/plugins\/seo\/ -->\n<title>Lifebox y muebles auxiliares: estos son los productos de NeoRescue<\/title>\n<meta name=\"description\" content=\"NeoRescue ha desarrollado tres Lifebox diferentes y un mueble auxiliar para almacenar las cajas.\" \/>\n<meta name=\"robots\" content=\"index, follow, max-snippet:-1, max-image-preview:large, max-video-preview:-1\" \/>\n<link rel=\"canonical\" href=\"https:\/\/neorescue.swiss\/es\/productos\/\" \/>\n<meta property=\"og:locale\" content=\"es_ES\" \/>\n<meta property=\"og:type\" content=\"article\" \/>\n<meta property=\"og:title\" content=\"Lifebox y muebles auxiliares: estos son los productos de NeoRescue\" \/>\n<meta property=\"og:description\" content=\"NeoRescue ha desarrollado tres Lifebox diferentes y un mueble auxiliar para almacenar las cajas.\" \/>\n<meta property=\"og:url\" content=\"https:\/\/neorescue.swiss\/es\/productos\/\" \/>\n<meta property=\"og:site_name\" content=\"NeoRescue\" \/>\n<meta property=\"article:modified_time\" content=\"2023-02-01T08:07:22+00:00\" \/>\n<meta property=\"og:image\" content=\"https:\/\/neorescue.swiss\/wp-content\/uploads\/2023\/01\/neorescue_bilder_01_2023-13.jpg\" \/>\n\t<meta property=\"og:image:width\" content=\"1500\" \/>\n\t<meta property=\"og:image:height\" content=\"1000\" \/>\n\t<meta property=\"og:image:type\" content=\"image\/jpeg\" \/>\n<meta name=\"twitter:card\" content=\"summary_large_image\" \/>\n<meta name=\"twitter:label1\" content=\"Tiempo de lectura\" \/>\n\t<meta name=\"twitter:data1\" content=\"25 minutos\" \/>\n<script type=\"application\/ld+json\" class=\"yoast-schema-graph\">{\"@context\":\"https:\/\/schema.org\",\"@graph\":[{\"@type\":\"WebPage\",\"@id\":\"https:\/\/neorescue.swiss\/es\/productos\/\",\"url\":\"https:\/\/neorescue.swiss\/es\/productos\/\",\"name\":\"Lifebox y muebles auxiliares: estos son los productos de NeoRescue\",\"isPartOf\":{\"@id\":\"https:\/\/neorescue.swiss\/es\/#website\"},\"primaryImageOfPage\":{\"@id\":\"https:\/\/neorescue.swiss\/es\/productos\/#primaryimage\"},\"image\":{\"@id\":\"https:\/\/neorescue.swiss\/es\/productos\/#primaryimage\"},\"thumbnailUrl\":\"https:\/\/neorescue.swiss\/wp-content\/uploads\/2023\/01\/neorescue_bilder_01_2023-13.jpg\",\"datePublished\":\"2022-12-18T10:06:10+00:00\",\"dateModified\":\"2023-02-01T08:07:22+00:00\",\"description\":\"NeoRescue ha desarrollado tres Lifebox diferentes y un mueble auxiliar para almacenar las cajas.\",\"breadcrumb\":{\"@id\":\"https:\/\/neorescue.swiss\/es\/productos\/#breadcrumb\"},\"inLanguage\":\"es\",\"potentialAction\":[{\"@type\":\"ReadAction\",\"target\":[\"https:\/\/neorescue.swiss\/es\/productos\/\"]}]},{\"@type\":\"ImageObject\",\"inLanguage\":\"es\",\"@id\":\"https:\/\/neorescue.swiss\/es\/productos\/#primaryimage\",\"url\":\"https:\/\/neorescue.swiss\/wp-content\/uploads\/2023\/01\/neorescue_bilder_01_2023-13.jpg\",\"contentUrl\":\"https:\/\/neorescue.swiss\/wp-content\/uploads\/2023\/01\/neorescue_bilder_01_2023-13.jpg\",\"width\":1500,\"height\":1000,\"caption\":\"NeoRescue\"},{\"@type\":\"BreadcrumbList\",\"@id\":\"https:\/\/neorescue.swiss\/es\/productos\/#breadcrumb\",\"itemListElement\":[{\"@type\":\"ListItem\",\"position\":1,\"name\":\"Startseite\",\"item\":\"https:\/\/neorescue.swiss\/es\/\"},{\"@type\":\"ListItem\",\"position\":2,\"name\":\"Productos\"}]},{\"@type\":\"WebSite\",\"@id\":\"https:\/\/neorescue.swiss\/es\/#website\",\"url\":\"https:\/\/neorescue.swiss\/es\/\",\"name\":\"NeoRescue\",\"description\":\"Der neue Weg, um S\u00e4uglinge im Notfall zu retten\",\"potentialAction\":[{\"@type\":\"SearchAction\",\"target\":{\"@type\":\"EntryPoint\",\"urlTemplate\":\"https:\/\/neorescue.swiss\/es\/?s={search_term_string}\"},\"query-input\":{\"@type\":\"PropertyValueSpecification\",\"valueRequired\":true,\"valueName\":\"search_term_string\"}}],\"inLanguage\":\"es\"}]}<\/script>\n<!-- \/ Yoast SEO plugin. -->","yoast_head_json":{"title":"Lifebox y muebles auxiliares: estos son los productos de NeoRescue","description":"NeoRescue ha desarrollado tres Lifebox diferentes y un mueble auxiliar para almacenar las cajas.","robots":{"index":"index","follow":"follow","max-snippet":"max-snippet:-1","max-image-preview":"max-image-preview:large","max-video-preview":"max-video-preview:-1"},"canonical":"https:\/\/neorescue.swiss\/es\/productos\/","og_locale":"es_ES","og_type":"article","og_title":"Lifebox y muebles auxiliares: estos son los productos de NeoRescue","og_description":"NeoRescue ha desarrollado tres Lifebox diferentes y un mueble auxiliar para almacenar las cajas.","og_url":"https:\/\/neorescue.swiss\/es\/productos\/","og_site_name":"NeoRescue","article_modified_time":"2023-02-01T08:07:22+00:00","og_image":[{"width":1500,"height":1000,"url":"https:\/\/neorescue.swiss\/wp-content\/uploads\/2023\/01\/neorescue_bilder_01_2023-13.jpg","type":"image\/jpeg"}],"twitter_card":"summary_large_image","twitter_misc":{"Tiempo de lectura":"25 minutos"},"schema":{"@context":"https:\/\/schema.org","@graph":[{"@type":"WebPage","@id":"https:\/\/neorescue.swiss\/es\/productos\/","url":"https:\/\/neorescue.swiss\/es\/productos\/","name":"Lifebox y muebles auxiliares: estos son los productos de NeoRescue","isPartOf":{"@id":"https:\/\/neorescue.swiss\/es\/#website"},"primaryImageOfPage":{"@id":"https:\/\/neorescue.swiss\/es\/productos\/#primaryimage"},"image":{"@id":"https:\/\/neorescue.swiss\/es\/productos\/#primaryimage"},"thumbnailUrl":"https:\/\/neorescue.swiss\/wp-content\/uploads\/2023\/01\/neorescue_bilder_01_2023-13.jpg","datePublished":"2022-12-18T10:06:10+00:00","dateModified":"2023-02-01T08:07:22+00:00","description":"NeoRescue ha desarrollado tres Lifebox diferentes y un mueble auxiliar para almacenar las cajas.","breadcrumb":{"@id":"https:\/\/neorescue.swiss\/es\/productos\/#breadcrumb"},"inLanguage":"es","potentialAction":[{"@type":"ReadAction","target":["https:\/\/neorescue.swiss\/es\/productos\/"]}]},{"@type":"ImageObject","inLanguage":"es","@id":"https:\/\/neorescue.swiss\/es\/productos\/#primaryimage","url":"https:\/\/neorescue.swiss\/wp-content\/uploads\/2023\/01\/neorescue_bilder_01_2023-13.jpg","contentUrl":"https:\/\/neorescue.swiss\/wp-content\/uploads\/2023\/01\/neorescue_bilder_01_2023-13.jpg","width":1500,"height":1000,"caption":"NeoRescue"},{"@type":"BreadcrumbList","@id":"https:\/\/neorescue.swiss\/es\/productos\/#breadcrumb","itemListElement":[{"@type":"ListItem","position":1,"name":"Startseite","item":"https:\/\/neorescue.swiss\/es\/"},{"@type":"ListItem","position":2,"name":"Productos"}]},{"@type":"WebSite","@id":"https:\/\/neorescue.swiss\/es\/#website","url":"https:\/\/neorescue.swiss\/es\/","name":"NeoRescue","description":"Der neue Weg, um S\u00e4uglinge im Notfall zu retten","potentialAction":[{"@type":"SearchAction","target":{"@type":"EntryPoint","urlTemplate":"https:\/\/neorescue.swiss\/es\/?s={search_term_string}"},"query-input":{"@type":"PropertyValueSpecification","valueRequired":true,"valueName":"search_term_string"}}],"inLanguage":"es"}]}},"_links":{"self":[{"href":"https:\/\/neorescue.swiss\/es\/wp-json\/wp\/v2\/pages\/1997","targetHints":{"allow":["GET"]}}],"collection":[{"href":"https:\/\/neorescue.swiss\/es\/wp-json\/wp\/v2\/pages"}],"about":[{"href":"https:\/\/neorescue.swiss\/es\/wp-json\/wp\/v2\/types\/page"}],"author":[{"embeddable":true,"href":"https:\/\/neorescue.swiss\/es\/wp-json\/wp\/v2\/users\/1"}],"replies":[{"embeddable":true,"href":"https:\/\/neorescue.swiss\/es\/wp-json\/wp\/v2\/comments?post=1997"}],"version-history":[{"count":12,"href":"https:\/\/neorescue.swiss\/es\/wp-json\/wp\/v2\/pages\/1997\/revisions"}],"predecessor-version":[{"id":2725,"href":"https:\/\/neorescue.swiss\/es\/wp-json\/wp\/v2\/pages\/1997\/revisions\/2725"}],"wp:featuredmedia":[{"embeddable":true,"href":"https:\/\/neorescue.swiss\/es\/wp-json\/wp\/v2\/media\/1332"}],"wp:attachment":[{"href":"https:\/\/neorescue.swiss\/es\/wp-json\/wp\/v2\/media?parent=1997"}],"curies":[{"name":"wp","href":"https:\/\/api.w.org\/{rel}","templated":true}]}}