{"id":1834,"date":"2022-12-18T10:06:10","date_gmt":"2022-12-18T10:06:10","guid":{"rendered":"https:\/\/dev.neorescue.swiss\/produits\/"},"modified":"2023-02-01T07:58:54","modified_gmt":"2023-02-01T07:58:54","slug":"produits","status":"publish","type":"page","link":"https:\/\/neorescue.swiss\/fr\/produits\/","title":{"rendered":"Produits"},"content":{"rendered":"<p><div class=\"fusion-fullwidth fullwidth-box fusion-builder-row-1 fusion-flex-container image-section content-section nonhundred-percent-fullwidth non-hundred-percent-height-scrolling\" style=\"--awb-border-radius-top-left:0px;--awb-border-radius-top-right:0px;--awb-border-radius-bottom-right:0px;--awb-border-radius-bottom-left:0px;--awb-flex-wrap:wrap;\" ><div class=\"fusion-builder-row fusion-row fusion-flex-align-items-flex-start fusion-flex-content-wrap\" style=\"max-width:1248px;margin-left: calc(-4% \/ 2 );margin-right: calc(-4% \/ 2 );\"><div class=\"fusion-layout-column fusion_builder_column fusion-builder-column-0 fusion_builder_column_1_1 1_1 fusion-flex-column\" style=\"--awb-bg-size:cover;--awb-width-large:100%;--awb-margin-top-large:0px;--awb-spacing-right-large:1.92%;--awb-margin-bottom-large:20px;--awb-spacing-left-large:1.92%;--awb-width-medium:100%;--awb-order-medium:0;--awb-spacing-right-medium:1.92%;--awb-spacing-left-medium:1.92%;--awb-width-small:100%;--awb-order-small:0;--awb-spacing-right-small:1.92%;--awb-spacing-left-small:1.92%;\"><div class=\"fusion-column-wrapper fusion-column-has-shadow fusion-flex-justify-content-flex-start fusion-content-layout-column\"><div class=\"fusion-title title fusion-title-1 fusion-sep-none fusion-title-center fusion-title-text fusion-title-size-one\"><h1 class=\"fusion-title-heading title-heading-center\" style=\"margin:0;text-transform:none;\">Nos produits<\/h1><\/div><div class=\"fusion-text fusion-text-1\"><p style=\"text-align: center;\">Nous avons con\u00e7u notre Lifebox afin de pouvoir sauver les nourrissons en cas d\u2019urgence. L\u2019id\u00e9e de d\u00e9part \u00e9tait de cr\u00e9er un syst\u00e8me \u00e0 pression positive \u00e0 l\u2019int\u00e9rieur de la Lifebox. \u00c0 l\u2019int\u00e9rieur de ce syst\u00e8me ferm\u00e9, les nourrissons sont aliment\u00e9s en oxyg\u00e8ne pendant 35 minutes. Ils sont ainsi parfaitement prot\u00e9g\u00e9s en cas d\u2019incendie ou de fuite de gaz. Et bien mieux encore : aucune connaissance m\u00e9dicale n\u2019est n\u00e9cessaire pour utiliser notre Lifebox.<\/p>\n<\/div><\/div><\/div><\/div><\/div><div class=\"fusion-fullwidth fullwidth-box fusion-builder-row-2 fusion-flex-container has-pattern-background has-mask-background image-section content-section nonhundred-percent-fullwidth non-hundred-percent-height-scrolling\" style=\"--awb-border-radius-top-left:0px;--awb-border-radius-top-right:0px;--awb-border-radius-bottom-right:0px;--awb-border-radius-bottom-left:0px;--awb-flex-wrap:wrap;\" ><div class=\"fusion-builder-row fusion-row fusion-flex-align-items-flex-start fusion-flex-content-wrap\" style=\"max-width:1248px;margin-left: calc(-4% \/ 2 );margin-right: calc(-4% \/ 2 );\"><div class=\"fusion-layout-column fusion_builder_column fusion-builder-column-1 fusion_builder_column_1_1 1_1 fusion-flex-column\" style=\"--awb-bg-size:cover;--awb-width-large:100%;--awb-margin-top-large:0px;--awb-spacing-right-large:1.92%;--awb-margin-bottom-large:20px;--awb-spacing-left-large:1.92%;--awb-width-medium:100%;--awb-order-medium:0;--awb-spacing-right-medium:1.92%;--awb-spacing-left-medium:1.92%;--awb-width-small:100%;--awb-order-small:0;--awb-spacing-right-small:1.92%;--awb-spacing-left-small:1.92%;\"><div class=\"fusion-column-wrapper fusion-column-has-shadow fusion-flex-justify-content-flex-start fusion-content-layout-column\"><div class=\"fusion-title title fusion-title-2 fusion-sep-none fusion-title-center fusion-title-text fusion-title-size-two\"><h2 class=\"fusion-title-heading title-heading-center\" style=\"margin:0;text-transform:none;\">Par\u00e9s pour tous les sc\u00e9narios: nos trois mod\u00e8les de Lifebox\u00ae<\/h2><\/div><\/div><\/div><div class=\"fusion-layout-column fusion_builder_column fusion-builder-column-2 fusion_builder_column_1_2 1_2 fusion-flex-column\" style=\"--awb-bg-size:cover;--awb-width-large:50%;--awb-margin-top-large:0px;--awb-spacing-right-large:3.84%;--awb-margin-bottom-large:20px;--awb-spacing-left-large:3.84%;--awb-width-medium:50%;--awb-order-medium:0;--awb-spacing-right-medium:3.84%;--awb-spacing-left-medium:3.84%;--awb-width-small:100%;--awb-order-small:0;--awb-spacing-right-small:1.92%;--awb-spacing-left-small:1.92%;\"><div class=\"fusion-column-wrapper fusion-column-has-shadow fusion-flex-justify-content-flex-start fusion-content-layout-column\"><div class=\"fusion-image-element \" style=\"--awb-caption-title-font-family:var(--h2_typography-font-family);--awb-caption-title-font-weight:var(--h2_typography-font-weight);--awb-caption-title-font-style:var(--h2_typography-font-style);--awb-caption-title-size:var(--h2_typography-font-size);--awb-caption-title-transform:var(--h2_typography-text-transform);--awb-caption-title-line-height:var(--h2_typography-line-height);--awb-caption-title-letter-spacing:var(--h2_typography-letter-spacing);\"><span class=\" fusion-imageframe imageframe-none imageframe-1 hover-type-none\"><img decoding=\"async\" width=\"1500\" height=\"1000\" alt=\"Lifebox single von NeoRescue\" title=\"NeoRescue\" src=\"https:\/\/neorescue.swiss\/wp-content\/uploads\/2023\/01\/neorescue_bilder_01_2023-133.jpg\" data-orig-src=\"https:\/\/neorescue.swiss\/wp-content\/uploads\/2023\/01\/neorescue_bilder_01_2023-133.jpg\" class=\"lazyload img-responsive wp-image-912\" srcset=\"data:image\/svg+xml,%3Csvg%20xmlns%3D%27http%3A%2F%2Fwww.w3.org%2F2000%2Fsvg%27%20width%3D%271500%27%20height%3D%271000%27%20viewBox%3D%270%200%201500%201000%27%3E%3Crect%20width%3D%271500%27%20height%3D%271000%27%20fill-opacity%3D%220%22%2F%3E%3C%2Fsvg%3E\" data-srcset=\"https:\/\/neorescue.swiss\/wp-content\/uploads\/2023\/01\/neorescue_bilder_01_2023-133-200x133.jpg 200w, https:\/\/neorescue.swiss\/wp-content\/uploads\/2023\/01\/neorescue_bilder_01_2023-133-400x267.jpg 400w, https:\/\/neorescue.swiss\/wp-content\/uploads\/2023\/01\/neorescue_bilder_01_2023-133-600x400.jpg 600w, https:\/\/neorescue.swiss\/wp-content\/uploads\/2023\/01\/neorescue_bilder_01_2023-133-800x533.jpg 800w, https:\/\/neorescue.swiss\/wp-content\/uploads\/2023\/01\/neorescue_bilder_01_2023-133-1200x800.jpg 1200w, https:\/\/neorescue.swiss\/wp-content\/uploads\/2023\/01\/neorescue_bilder_01_2023-133.jpg 1500w\" data-sizes=\"auto\" data-orig-sizes=\"(max-width: 640px) 100vw, 600px\" \/><\/span><\/div><div class=\"fusion-title title fusion-title-3 fusion-sep-none fusion-title-center fusion-title-text fusion-title-size-three\"><h3 class=\"fusion-title-heading title-heading-center\" style=\"margin:0;text-transform:none;\">Lifebox\u00ae single<\/h3><\/div><div class=\"fusion-text fusion-text-2\"><p style=\"text-align: center;\">La Lifebox single permet de sauver un nourrisson. Aucun emplacement n\u2019est pr\u00e9vu pour les dispositifs de monitoring. La Lifebox single convient parfaitement pour les cliniques, h\u00f4pitaux, cliniques gyn\u00e9cologiques et maternit\u00e9s.<\/p>\n<\/div><div style=\"text-align:center;\"><a class=\"fusion-button button-flat fusion-button-default-size button-default fusion-button-default button-1 fusion-button-default-span fusion-button-default-type\" style=\"--button-border-radius-top-left:5px;--button-border-radius-top-right:5px;--button-border-radius-bottom-right:5px;--button-border-radius-bottom-left:5px;\" target=\"_self\" href=\"https:\/\/neorescue.swiss\/fr\/produits\/lifebox-single\/\"><span class=\"fusion-button-text awb-button__text awb-button__text--default\">Accc\u00e9der \u00e0 la Lifebox single<\/span><\/a><\/div><\/div><\/div><div class=\"fusion-layout-column fusion_builder_column fusion-builder-column-3 fusion_builder_column_1_2 1_2 fusion-flex-column\" style=\"--awb-bg-size:cover;--awb-width-large:50%;--awb-margin-top-large:0px;--awb-spacing-right-large:3.84%;--awb-margin-bottom-large:20px;--awb-spacing-left-large:3.84%;--awb-width-medium:50%;--awb-order-medium:0;--awb-spacing-right-medium:3.84%;--awb-spacing-left-medium:3.84%;--awb-width-small:100%;--awb-order-small:0;--awb-spacing-right-small:1.92%;--awb-spacing-left-small:1.92%;\"><div class=\"fusion-column-wrapper fusion-column-has-shadow fusion-flex-justify-content-flex-start fusion-content-layout-column\"><div class=\"fusion-image-element \" style=\"--awb-caption-title-font-family:var(--h2_typography-font-family);--awb-caption-title-font-weight:var(--h2_typography-font-weight);--awb-caption-title-font-style:var(--h2_typography-font-style);--awb-caption-title-size:var(--h2_typography-font-size);--awb-caption-title-transform:var(--h2_typography-text-transform);--awb-caption-title-line-height:var(--h2_typography-line-height);--awb-caption-title-letter-spacing:var(--h2_typography-letter-spacing);\"><span class=\" fusion-imageframe imageframe-none imageframe-2 hover-type-none\"><img decoding=\"async\" width=\"1500\" height=\"1000\" alt=\"Lifebox double von NeoRescue\" title=\"NeoRescue\" src=\"https:\/\/neorescue.swiss\/wp-content\/uploads\/2023\/01\/neorescue_bilder_01_2023-17.jpg\" data-orig-src=\"https:\/\/neorescue.swiss\/wp-content\/uploads\/2023\/01\/neorescue_bilder_01_2023-17.jpg\" class=\"lazyload img-responsive wp-image-933\" srcset=\"data:image\/svg+xml,%3Csvg%20xmlns%3D%27http%3A%2F%2Fwww.w3.org%2F2000%2Fsvg%27%20width%3D%271500%27%20height%3D%271000%27%20viewBox%3D%270%200%201500%201000%27%3E%3Crect%20width%3D%271500%27%20height%3D%271000%27%20fill-opacity%3D%220%22%2F%3E%3C%2Fsvg%3E\" data-srcset=\"https:\/\/neorescue.swiss\/wp-content\/uploads\/2023\/01\/neorescue_bilder_01_2023-17-200x133.jpg 200w, https:\/\/neorescue.swiss\/wp-content\/uploads\/2023\/01\/neorescue_bilder_01_2023-17-400x267.jpg 400w, https:\/\/neorescue.swiss\/wp-content\/uploads\/2023\/01\/neorescue_bilder_01_2023-17-600x400.jpg 600w, https:\/\/neorescue.swiss\/wp-content\/uploads\/2023\/01\/neorescue_bilder_01_2023-17-800x533.jpg 800w, https:\/\/neorescue.swiss\/wp-content\/uploads\/2023\/01\/neorescue_bilder_01_2023-17-1200x800.jpg 1200w, https:\/\/neorescue.swiss\/wp-content\/uploads\/2023\/01\/neorescue_bilder_01_2023-17.jpg 1500w\" data-sizes=\"auto\" data-orig-sizes=\"(max-width: 640px) 100vw, 600px\" \/><\/span><\/div><div class=\"fusion-title title fusion-title-4 fusion-sep-none fusion-title-center fusion-title-text fusion-title-size-three\"><h3 class=\"fusion-title-heading title-heading-center\" style=\"margin:0;text-transform:none;\">Lifebox\u00ae double<\/h3><\/div><div class=\"fusion-text fusion-text-3\"><p style=\"text-align: center;\">La Lifebox double peut accueillir deux nourrissons et leurs dispositifs de monitoring. Elle convient parfaitement pour les cliniques et les h\u00f4pitaux, et peut \u00eatre utilis\u00e9e dans les services de n\u00e9onatalogie, les cliniques gyn\u00e9cologiques et les maternit\u00e9s.<\/p>\n<\/div><div style=\"text-align:center;\"><a class=\"fusion-button button-flat fusion-button-default-size button-default fusion-button-default button-2 fusion-button-default-span fusion-button-default-type\" style=\"--button-border-radius-top-left:5px;--button-border-radius-top-right:5px;--button-border-radius-bottom-right:5px;--button-border-radius-bottom-left:5px;\" target=\"_self\" href=\"https:\/\/neorescue.swiss\/fr\/produits\/lifebox-double\/\"><span class=\"fusion-button-text awb-button__text awb-button__text--default\">Acc\u00e9der \u00e0 la Lifebox double<\/span><\/a><\/div><\/div><\/div><div class=\"fusion-layout-column fusion_builder_column fusion-builder-column-4 fusion_builder_column_1_2 1_2 fusion-flex-column\" style=\"--awb-bg-size:cover;--awb-width-large:50%;--awb-margin-top-large:0px;--awb-spacing-right-large:3.84%;--awb-margin-bottom-large:20px;--awb-spacing-left-large:3.84%;--awb-width-medium:50%;--awb-order-medium:0;--awb-spacing-right-medium:3.84%;--awb-spacing-left-medium:3.84%;--awb-width-small:100%;--awb-order-small:0;--awb-spacing-right-small:1.92%;--awb-spacing-left-small:1.92%;\"><div class=\"fusion-column-wrapper fusion-column-has-shadow fusion-flex-justify-content-flex-start fusion-content-layout-column\"><div class=\"fusion-image-element \" style=\"--awb-caption-title-font-family:var(--h2_typography-font-family);--awb-caption-title-font-weight:var(--h2_typography-font-weight);--awb-caption-title-font-style:var(--h2_typography-font-style);--awb-caption-title-size:var(--h2_typography-font-size);--awb-caption-title-transform:var(--h2_typography-text-transform);--awb-caption-title-line-height:var(--h2_typography-line-height);--awb-caption-title-letter-spacing:var(--h2_typography-letter-spacing);\"><span class=\" fusion-imageframe imageframe-none imageframe-3 hover-type-none\"><img decoding=\"async\" width=\"1500\" height=\"1000\" alt=\"Lifebox universal von NeoRescue\" title=\"NeoRescue\" src=\"https:\/\/neorescue.swiss\/wp-content\/uploads\/2023\/01\/neorescue_bilder_01_2023-75.jpg\" data-orig-src=\"https:\/\/neorescue.swiss\/wp-content\/uploads\/2023\/01\/neorescue_bilder_01_2023-75.jpg\" class=\"lazyload img-responsive wp-image-1009\" srcset=\"data:image\/svg+xml,%3Csvg%20xmlns%3D%27http%3A%2F%2Fwww.w3.org%2F2000%2Fsvg%27%20width%3D%271500%27%20height%3D%271000%27%20viewBox%3D%270%200%201500%201000%27%3E%3Crect%20width%3D%271500%27%20height%3D%271000%27%20fill-opacity%3D%220%22%2F%3E%3C%2Fsvg%3E\" data-srcset=\"https:\/\/neorescue.swiss\/wp-content\/uploads\/2023\/01\/neorescue_bilder_01_2023-75-200x133.jpg 200w, https:\/\/neorescue.swiss\/wp-content\/uploads\/2023\/01\/neorescue_bilder_01_2023-75-400x267.jpg 400w, https:\/\/neorescue.swiss\/wp-content\/uploads\/2023\/01\/neorescue_bilder_01_2023-75-600x400.jpg 600w, https:\/\/neorescue.swiss\/wp-content\/uploads\/2023\/01\/neorescue_bilder_01_2023-75-800x533.jpg 800w, https:\/\/neorescue.swiss\/wp-content\/uploads\/2023\/01\/neorescue_bilder_01_2023-75-1200x800.jpg 1200w, https:\/\/neorescue.swiss\/wp-content\/uploads\/2023\/01\/neorescue_bilder_01_2023-75.jpg 1500w\" data-sizes=\"auto\" data-orig-sizes=\"(max-width: 640px) 100vw, 600px\" \/><\/span><\/div><div class=\"fusion-title title fusion-title-5 fusion-sep-none fusion-title-center fusion-title-text fusion-title-size-three\"><h3 class=\"fusion-title-heading title-heading-center\" style=\"margin:0;text-transform:none;\">Lifebox\u00ae universal<\/h3><\/div><div class=\"fusion-text fusion-text-4\"><p style=\"text-align: center;\">La Lifebox universal peut accueillir un ou deux nourrissons. Aucun emplacement n\u2019est pr\u00e9vu pour d\u2019\u00e9ventuels dispositifs de monitoring. Ce type de Lifebox convient parfaitement pour les sapeurs-pompiers, les cr\u00e8ches, les h\u00f4tels et les bateaux de croisi\u00e8re.<\/p>\n<\/div><div style=\"text-align:center;\"><a class=\"fusion-button button-flat fusion-button-default-size button-default fusion-button-default button-3 fusion-button-default-span fusion-button-default-type\" style=\"--button-border-radius-top-left:5px;--button-border-radius-top-right:5px;--button-border-radius-bottom-right:5px;--button-border-radius-bottom-left:5px;\" target=\"_self\" href=\"https:\/\/neorescue.swiss\/fr\/produits\/lifebox-universel\/\"><span class=\"fusion-button-text awb-button__text awb-button__text--default\">Acc\u00e9der \u00e0 la Lifebox universal<\/span><\/a><\/div><\/div><\/div><div class=\"fusion-layout-column fusion_builder_column fusion-builder-column-5 fusion_builder_column_1_2 1_2 fusion-flex-column\" style=\"--awb-bg-size:cover;--awb-width-large:50%;--awb-margin-top-large:0px;--awb-spacing-right-large:3.84%;--awb-margin-bottom-large:20px;--awb-spacing-left-large:3.84%;--awb-width-medium:50%;--awb-order-medium:0;--awb-spacing-right-medium:3.84%;--awb-spacing-left-medium:3.84%;--awb-width-small:100%;--awb-order-small:0;--awb-spacing-right-small:1.92%;--awb-spacing-left-small:1.92%;\"><div class=\"fusion-column-wrapper fusion-column-has-shadow fusion-flex-justify-content-flex-start fusion-content-layout-column\"><div class=\"fusion-image-element \" style=\"--awb-caption-title-font-family:var(--h2_typography-font-family);--awb-caption-title-font-weight:var(--h2_typography-font-weight);--awb-caption-title-font-style:var(--h2_typography-font-style);--awb-caption-title-size:var(--h2_typography-font-size);--awb-caption-title-transform:var(--h2_typography-text-transform);--awb-caption-title-line-height:var(--h2_typography-line-height);--awb-caption-title-letter-spacing:var(--h2_typography-letter-spacing);\"><span class=\" fusion-imageframe imageframe-none imageframe-4 hover-type-none\"><img decoding=\"async\" width=\"1500\" height=\"1000\" alt=\"Zustellm\u00f6bel von NeoRescue zur Lagerung der Lifebox\" title=\"NeoRescue\" src=\"https:\/\/neorescue.swiss\/wp-content\/uploads\/2023\/01\/neorescue_bilder_01_2023-5.jpg\" data-orig-src=\"https:\/\/neorescue.swiss\/wp-content\/uploads\/2023\/01\/neorescue_bilder_01_2023-5.jpg\" class=\"lazyload img-responsive wp-image-846\" srcset=\"data:image\/svg+xml,%3Csvg%20xmlns%3D%27http%3A%2F%2Fwww.w3.org%2F2000%2Fsvg%27%20width%3D%271500%27%20height%3D%271000%27%20viewBox%3D%270%200%201500%201000%27%3E%3Crect%20width%3D%271500%27%20height%3D%271000%27%20fill-opacity%3D%220%22%2F%3E%3C%2Fsvg%3E\" data-srcset=\"https:\/\/neorescue.swiss\/wp-content\/uploads\/2023\/01\/neorescue_bilder_01_2023-5-200x133.jpg 200w, https:\/\/neorescue.swiss\/wp-content\/uploads\/2023\/01\/neorescue_bilder_01_2023-5-400x267.jpg 400w, https:\/\/neorescue.swiss\/wp-content\/uploads\/2023\/01\/neorescue_bilder_01_2023-5-600x400.jpg 600w, https:\/\/neorescue.swiss\/wp-content\/uploads\/2023\/01\/neorescue_bilder_01_2023-5-800x533.jpg 800w, https:\/\/neorescue.swiss\/wp-content\/uploads\/2023\/01\/neorescue_bilder_01_2023-5-1200x800.jpg 1200w, https:\/\/neorescue.swiss\/wp-content\/uploads\/2023\/01\/neorescue_bilder_01_2023-5.jpg 1500w\" data-sizes=\"auto\" data-orig-sizes=\"(max-width: 640px) 100vw, 600px\" \/><\/span><\/div><div class=\"fusion-title title fusion-title-6 fusion-sep-none fusion-title-center fusion-title-text fusion-title-size-three\"><h3 class=\"fusion-title-heading title-heading-center\" style=\"margin:0;text-transform:none;\">Meuble de rangement<\/h3><\/div><div class=\"fusion-text fusion-text-5\"><p style=\"text-align: center;\">Nous vous proposons notre meuble d\u00e9di\u00e9 con\u00e7u pour stocker la Lifebox \u00e0 l\u2019abri de la chaleur et de la lumi\u00e8re tout en permettant son acc\u00e8s rapide en cas d\u2019urgence.<\/p>\n<\/div><div style=\"text-align:center;\"><a class=\"fusion-button button-flat fusion-button-default-size button-default fusion-button-default button-4 fusion-button-default-span fusion-button-default-type\" style=\"--button-border-radius-top-left:5px;--button-border-radius-top-right:5px;--button-border-radius-bottom-right:5px;--button-border-radius-bottom-left:5px;\" target=\"_self\" href=\"https:\/\/neorescue.swiss\/fr\/produits\/meuble-de-rangement\/\"><span class=\"fusion-button-text awb-button__text awb-button__text--default\">Acc\u00e9der au meuble de rangement<\/span><\/a><\/div><\/div><\/div><\/div><\/div><\/p>\n","protected":false},"excerpt":{"rendered":"","protected":false},"author":1,"featured_media":1331,"parent":0,"menu_order":0,"comment_status":"closed","ping_status":"closed","template":"","meta":{"footnotes":""},"class_list":["post-1834","page","type-page","status-publish","has-post-thumbnail","hentry"],"yoast_head":"<!-- This site is optimized with the Yoast SEO plugin v26.2 - https:\/\/yoast.com\/wordpress\/plugins\/seo\/ -->\n<title>Lifeboxes et meubles de rangement - voici les produits de NeoRescue<\/title>\n<meta name=\"description\" content=\"NeoRescue a d\u00e9velopp\u00e9 trois Lifebox diff\u00e9rentes et un meuble de rangement pratique pour ranger les Lifebox.\" \/>\n<meta name=\"robots\" content=\"index, follow, max-snippet:-1, max-image-preview:large, max-video-preview:-1\" \/>\n<link rel=\"canonical\" href=\"https:\/\/neorescue.swiss\/fr\/produits\/\" \/>\n<meta property=\"og:locale\" content=\"fr_FR\" \/>\n<meta property=\"og:type\" content=\"article\" \/>\n<meta property=\"og:title\" content=\"Lifeboxes et meubles de rangement - voici les produits de NeoRescue\" \/>\n<meta property=\"og:description\" content=\"NeoRescue a d\u00e9velopp\u00e9 trois Lifebox diff\u00e9rentes et un meuble de rangement pratique pour ranger les Lifebox.\" \/>\n<meta property=\"og:url\" content=\"https:\/\/neorescue.swiss\/fr\/produits\/\" \/>\n<meta property=\"og:site_name\" content=\"NeoRescue\" \/>\n<meta property=\"article:modified_time\" content=\"2023-02-01T07:58:54+00:00\" \/>\n<meta property=\"og:image\" content=\"https:\/\/neorescue.swiss\/wp-content\/uploads\/2023\/01\/neorescue_bilder_01_2023-13.jpg\" \/>\n\t<meta property=\"og:image:width\" content=\"1500\" \/>\n\t<meta property=\"og:image:height\" content=\"1000\" \/>\n\t<meta property=\"og:image:type\" content=\"image\/jpeg\" \/>\n<meta name=\"twitter:card\" content=\"summary_large_image\" \/>\n<meta name=\"twitter:label1\" content=\"Dur\u00e9e de lecture estim\u00e9e\" \/>\n\t<meta name=\"twitter:data1\" content=\"26 minutes\" \/>\n<script type=\"application\/ld+json\" class=\"yoast-schema-graph\">{\"@context\":\"https:\/\/schema.org\",\"@graph\":[{\"@type\":\"WebPage\",\"@id\":\"https:\/\/neorescue.swiss\/fr\/produits\/\",\"url\":\"https:\/\/neorescue.swiss\/fr\/produits\/\",\"name\":\"Lifeboxes et meubles de rangement - voici les produits de NeoRescue\",\"isPartOf\":{\"@id\":\"https:\/\/neorescue.swiss\/fr\/#website\"},\"primaryImageOfPage\":{\"@id\":\"https:\/\/neorescue.swiss\/fr\/produits\/#primaryimage\"},\"image\":{\"@id\":\"https:\/\/neorescue.swiss\/fr\/produits\/#primaryimage\"},\"thumbnailUrl\":\"https:\/\/neorescue.swiss\/wp-content\/uploads\/2023\/01\/neorescue_bilder_01_2023-13.jpg\",\"datePublished\":\"2022-12-18T10:06:10+00:00\",\"dateModified\":\"2023-02-01T07:58:54+00:00\",\"description\":\"NeoRescue a d\u00e9velopp\u00e9 trois Lifebox diff\u00e9rentes et un meuble de rangement pratique pour ranger les Lifebox.\",\"breadcrumb\":{\"@id\":\"https:\/\/neorescue.swiss\/fr\/produits\/#breadcrumb\"},\"inLanguage\":\"fr-FR\",\"potentialAction\":[{\"@type\":\"ReadAction\",\"target\":[\"https:\/\/neorescue.swiss\/fr\/produits\/\"]}]},{\"@type\":\"ImageObject\",\"inLanguage\":\"fr-FR\",\"@id\":\"https:\/\/neorescue.swiss\/fr\/produits\/#primaryimage\",\"url\":\"https:\/\/neorescue.swiss\/wp-content\/uploads\/2023\/01\/neorescue_bilder_01_2023-13.jpg\",\"contentUrl\":\"https:\/\/neorescue.swiss\/wp-content\/uploads\/2023\/01\/neorescue_bilder_01_2023-13.jpg\",\"width\":1500,\"height\":1000,\"caption\":\"NeoRescue\"},{\"@type\":\"BreadcrumbList\",\"@id\":\"https:\/\/neorescue.swiss\/fr\/produits\/#breadcrumb\",\"itemListElement\":[{\"@type\":\"ListItem\",\"position\":1,\"name\":\"Startseite\",\"item\":\"https:\/\/neorescue.swiss\/fr\/\"},{\"@type\":\"ListItem\",\"position\":2,\"name\":\"Produits\"}]},{\"@type\":\"WebSite\",\"@id\":\"https:\/\/neorescue.swiss\/fr\/#website\",\"url\":\"https:\/\/neorescue.swiss\/fr\/\",\"name\":\"NeoRescue\",\"description\":\"Der neue Weg, um S\u00e4uglinge im Notfall zu retten\",\"potentialAction\":[{\"@type\":\"SearchAction\",\"target\":{\"@type\":\"EntryPoint\",\"urlTemplate\":\"https:\/\/neorescue.swiss\/fr\/?s={search_term_string}\"},\"query-input\":{\"@type\":\"PropertyValueSpecification\",\"valueRequired\":true,\"valueName\":\"search_term_string\"}}],\"inLanguage\":\"fr-FR\"}]}<\/script>\n<!-- \/ Yoast SEO plugin. -->","yoast_head_json":{"title":"Lifeboxes et meubles de rangement - voici les produits de NeoRescue","description":"NeoRescue a d\u00e9velopp\u00e9 trois Lifebox diff\u00e9rentes et un meuble de rangement pratique pour ranger les Lifebox.","robots":{"index":"index","follow":"follow","max-snippet":"max-snippet:-1","max-image-preview":"max-image-preview:large","max-video-preview":"max-video-preview:-1"},"canonical":"https:\/\/neorescue.swiss\/fr\/produits\/","og_locale":"fr_FR","og_type":"article","og_title":"Lifeboxes et meubles de rangement - voici les produits de NeoRescue","og_description":"NeoRescue a d\u00e9velopp\u00e9 trois Lifebox diff\u00e9rentes et un meuble de rangement pratique pour ranger les Lifebox.","og_url":"https:\/\/neorescue.swiss\/fr\/produits\/","og_site_name":"NeoRescue","article_modified_time":"2023-02-01T07:58:54+00:00","og_image":[{"width":1500,"height":1000,"url":"https:\/\/neorescue.swiss\/wp-content\/uploads\/2023\/01\/neorescue_bilder_01_2023-13.jpg","type":"image\/jpeg"}],"twitter_card":"summary_large_image","twitter_misc":{"Dur\u00e9e de lecture estim\u00e9e":"26 minutes"},"schema":{"@context":"https:\/\/schema.org","@graph":[{"@type":"WebPage","@id":"https:\/\/neorescue.swiss\/fr\/produits\/","url":"https:\/\/neorescue.swiss\/fr\/produits\/","name":"Lifeboxes et meubles de rangement - voici les produits de NeoRescue","isPartOf":{"@id":"https:\/\/neorescue.swiss\/fr\/#website"},"primaryImageOfPage":{"@id":"https:\/\/neorescue.swiss\/fr\/produits\/#primaryimage"},"image":{"@id":"https:\/\/neorescue.swiss\/fr\/produits\/#primaryimage"},"thumbnailUrl":"https:\/\/neorescue.swiss\/wp-content\/uploads\/2023\/01\/neorescue_bilder_01_2023-13.jpg","datePublished":"2022-12-18T10:06:10+00:00","dateModified":"2023-02-01T07:58:54+00:00","description":"NeoRescue a d\u00e9velopp\u00e9 trois Lifebox diff\u00e9rentes et un meuble de rangement pratique pour ranger les Lifebox.","breadcrumb":{"@id":"https:\/\/neorescue.swiss\/fr\/produits\/#breadcrumb"},"inLanguage":"fr-FR","potentialAction":[{"@type":"ReadAction","target":["https:\/\/neorescue.swiss\/fr\/produits\/"]}]},{"@type":"ImageObject","inLanguage":"fr-FR","@id":"https:\/\/neorescue.swiss\/fr\/produits\/#primaryimage","url":"https:\/\/neorescue.swiss\/wp-content\/uploads\/2023\/01\/neorescue_bilder_01_2023-13.jpg","contentUrl":"https:\/\/neorescue.swiss\/wp-content\/uploads\/2023\/01\/neorescue_bilder_01_2023-13.jpg","width":1500,"height":1000,"caption":"NeoRescue"},{"@type":"BreadcrumbList","@id":"https:\/\/neorescue.swiss\/fr\/produits\/#breadcrumb","itemListElement":[{"@type":"ListItem","position":1,"name":"Startseite","item":"https:\/\/neorescue.swiss\/fr\/"},{"@type":"ListItem","position":2,"name":"Produits"}]},{"@type":"WebSite","@id":"https:\/\/neorescue.swiss\/fr\/#website","url":"https:\/\/neorescue.swiss\/fr\/","name":"NeoRescue","description":"Der neue Weg, um S\u00e4uglinge im Notfall zu retten","potentialAction":[{"@type":"SearchAction","target":{"@type":"EntryPoint","urlTemplate":"https:\/\/neorescue.swiss\/fr\/?s={search_term_string}"},"query-input":{"@type":"PropertyValueSpecification","valueRequired":true,"valueName":"search_term_string"}}],"inLanguage":"fr-FR"}]}},"_links":{"self":[{"href":"https:\/\/neorescue.swiss\/fr\/wp-json\/wp\/v2\/pages\/1834","targetHints":{"allow":["GET"]}}],"collection":[{"href":"https:\/\/neorescue.swiss\/fr\/wp-json\/wp\/v2\/pages"}],"about":[{"href":"https:\/\/neorescue.swiss\/fr\/wp-json\/wp\/v2\/types\/page"}],"author":[{"embeddable":true,"href":"https:\/\/neorescue.swiss\/fr\/wp-json\/wp\/v2\/users\/1"}],"replies":[{"embeddable":true,"href":"https:\/\/neorescue.swiss\/fr\/wp-json\/wp\/v2\/comments?post=1834"}],"version-history":[{"count":9,"href":"https:\/\/neorescue.swiss\/fr\/wp-json\/wp\/v2\/pages\/1834\/revisions"}],"predecessor-version":[{"id":2703,"href":"https:\/\/neorescue.swiss\/fr\/wp-json\/wp\/v2\/pages\/1834\/revisions\/2703"}],"wp:featuredmedia":[{"embeddable":true,"href":"https:\/\/neorescue.swiss\/fr\/wp-json\/wp\/v2\/media\/1331"}],"wp:attachment":[{"href":"https:\/\/neorescue.swiss\/fr\/wp-json\/wp\/v2\/media?parent=1834"}],"curies":[{"name":"wp","href":"https:\/\/api.w.org\/{rel}","templated":true}]}}